{"id":29,"date":"2020-02-01T10:32:11","date_gmt":"2020-02-01T10:32:11","guid":{"rendered":"https:\/\/www.xbitlabs.com\/?page_id=29"},"modified":"2024-08-08T07:23:23","modified_gmt":"2024-08-08T07:23:23","slug":"terms-of-service","status":"publish","type":"page","link":"https:\/\/datingsnob.com\/se\/terms-of-service\/","title":{"rendered":"Anv\u00e4ndarvillkor"},"content":{"rendered":"\n<p>Dessa anv\u00e4ndarvillkor reglerar din anv\u00e4ndning av webbplatsen som finns p\u00e5 <a href=\"https:\/\/www.datingsnob.com\/se\">https:\/\/www.datingsnob.com<\/a> och alla relaterade tj\u00e4nster som tillhandah\u00e5lls av DatingSnob.<\/p>\n\n\n\n<p>Genom att g\u00e5 in p\u00e5 <a href=\"https:\/\/www.datingsnob.com\/se\">https:\/\/www.datingsnob.com<\/a> samtycker du till att f\u00f6lja dessa anv\u00e4ndarvillkor och att f\u00f6lja alla till\u00e4mpliga lagar och f\u00f6rordningar. Om du inte samtycker till dessa Anv\u00e4ndarvillkor \u00e4r du f\u00f6rbjuden att anv\u00e4nda eller f\u00e5 tillg\u00e5ng till denna webbplats eller anv\u00e4nda andra tj\u00e4nster som tillhandah\u00e5lls av DatingSnob.<\/p>\n\n\n\n<p>Vi, DatingSnob, f\u00f6rbeh\u00e5ller oss r\u00e4tten att granska och \u00e4ndra n\u00e5got av dessa Anv\u00e4ndarvillkor efter eget gottfinnande. N\u00e4r vi g\u00f6r det kommer vi att uppdatera denna sida. Eventuella \u00e4ndringar av dessa anv\u00e4ndarvillkor tr\u00e4der i kraft omedelbart fr\u00e5n dagen f\u00f6r publicering.<\/p>\n\n\n\n<p>Dessa anv\u00e4ndarvillkor uppdaterades senast den 17 juli 2024.<\/p>\n\n\n\n<h2 class=\"wp-block-heading\">Begr\u00e4nsningar av anv\u00e4ndning<\/h2>\n\n\n\n<p>Genom att anv\u00e4nda denna webbplats garanterar du p\u00e5 dina egna v\u00e4gnar, dina anv\u00e4ndares v\u00e4gnar och andra parter som du representerar att du inte kommer att g\u00f6ra det:<\/p>\n\n\n\n<ol start=\"1\" class=\"wp-block-list\">\n<li>modifiera, kopiera, f\u00f6rbereda h\u00e4rledda verk av, dekompilera eller bak\u00e5tutveckla material och programvara som finns p\u00e5 denna webbplats;<\/li>\n\n\n\n<li>ta bort upphovsr\u00e4tts- eller andra \u00e4gander\u00e4ttsnoteringar fr\u00e5n material och programvara p\u00e5 denna webbplats;<\/li>\n\n\n\n<li>\u00f6verf\u00f6ra materialet till en annan person eller &#8220;spegla&#8221; materialet p\u00e5 n\u00e5gon annan server;<\/li>\n\n\n\n<li>medvetet eller oaktsamt anv\u00e4nda denna webbplats eller n\u00e5gon av dess associerade tj\u00e4nster p\u00e5 ett s\u00e4tt som missbrukar eller st\u00f6r v\u00e5ra n\u00e4tverk eller n\u00e5gon annan tj\u00e4nst som DatingSnob tillhandah\u00e5ller;<\/li>\n\n\n\n<li>anv\u00e4nda denna webbplats eller dess tillh\u00f6rande tj\u00e4nster f\u00f6r att \u00f6verf\u00f6ra eller publicera trakasserande, oanst\u00e4ndigt, obscent, bedr\u00e4gligt eller olagligt material;<\/li>\n\n\n\n<li>anv\u00e4nda denna webbplats eller dess tillh\u00f6rande tj\u00e4nster i strid med till\u00e4mpliga lagar eller f\u00f6rordningar;<\/li>\n\n\n\n<li>anv\u00e4nda denna webbplats i samband med att skicka obeh\u00f6rig reklam eller skr\u00e4ppost;<\/li>\n\n\n\n<li>sk\u00f6rda, samla in eller samla in anv\u00e4ndardata utan anv\u00e4ndarens samtycke; eller<\/li>\n\n\n\n<li>anv\u00e4nda denna webbplats eller dess tillh\u00f6rande tj\u00e4nster p\u00e5 ett s\u00e5dant s\u00e4tt att det kan kr\u00e4nka tredje parts integritet, immateriella r\u00e4ttigheter eller andra r\u00e4ttigheter.<\/li>\n<\/ol>\n\n\n\n<h2 class=\"wp-block-heading\">Immateriella r\u00e4ttigheter<\/h2>\n\n\n\n<p>Den immateriella \u00e4gander\u00e4tten till materialet p\u00e5 denna webbplats \u00e4gs av eller licensieras till DatingSnob och skyddas av g\u00e4llande upphovsr\u00e4tts- och varum\u00e4rkeslagar. Vi ger v\u00e5ra anv\u00e4ndare tillst\u00e5nd att ladda ner en kopia av materialet f\u00f6r personligt, icke-kommersiellt tillf\u00e4lligt bruk.<\/p>\n\n\n\n<p>Detta utg\u00f6r beviljandet av en licens, inte en \u00f6verf\u00f6ring av \u00e4gander\u00e4tt. Denna licens upph\u00f6r automatiskt om du bryter mot n\u00e5gon av dessa begr\u00e4nsningar eller anv\u00e4ndarvillkoren, och kan s\u00e4gas upp av DatingSnob n\u00e4r som helst.<\/p>\n\n\n\n<h2 class=\"wp-block-heading\">Anv\u00e4ndargenererat inneh\u00e5ll<\/h2>\n\n\n\n<p>Du beh\u00e5ller din immateriella \u00e4gander\u00e4tt till inneh\u00e5ll som du skickar till oss f\u00f6r publicering p\u00e5 v\u00e5r webbplats. Vi kommer aldrig att g\u00f6ra anspr\u00e5k p\u00e5 \u00e4gander\u00e4tten till ditt inneh\u00e5ll, men vi beh\u00f6ver en licens fr\u00e5n dig f\u00f6r att kunna anv\u00e4nda det.<\/p>\n\n\n\n<p>N\u00e4r du anv\u00e4nder v\u00e5r webbplats eller dess tillh\u00f6rande tj\u00e4nster f\u00f6r att publicera, ladda upp, dela eller p\u00e5 annat s\u00e4tt \u00f6verf\u00f6ra inneh\u00e5ll som omfattas av immateriella r\u00e4ttigheter, ger du oss en icke-exklusiv, royaltyfri, \u00f6verf\u00f6rbar, underlicensierbar, v\u00e4rldsomsp\u00e4nnande licens att anv\u00e4nda, distribuera, modifiera, k\u00f6ra, kopiera, offentligt visa, \u00f6vers\u00e4tta eller p\u00e5 annat s\u00e4tt skapa h\u00e4rledda verk av ditt inneh\u00e5ll p\u00e5 ett s\u00e4tt som \u00f6verensst\u00e4mmer med dina sekretesspreferenser och v\u00e5r sekretesspolicy.<\/p>\n\n\n\n<p>Den licens du beviljar oss kan n\u00e4r som helst avslutas genom att du raderar ditt inneh\u00e5ll. I den utstr\u00e4ckning som vi (eller v\u00e5ra partners) har anv\u00e4nt ditt inneh\u00e5ll i samband med kommersiellt eller sponsrat inneh\u00e5ll kommer licensen dock att forts\u00e4tta tills den relevanta reklamen eller inl\u00e4gget har upph\u00f6rt av oss. Om du vill att vi ska radera allt ditt genererade inneh\u00e5ll (recensioner, svar, fr\u00e5gor, kommentarer, bilder etc.) m\u00e5ste du kontakta oss p\u00e5 contact@datingsnob.com.<\/p>\n\n\n\n<h2 class=\"wp-block-heading\">Ansvarsf\u00f6rdelning<\/h2>\n\n\n\n<p>V\u00e5r webbplats och materialet p\u00e5 v\u00e5r webbplats tillhandah\u00e5lls p\u00e5 en &#8220;som det \u00e4r&#8221;-basis. I den utstr\u00e4ckning som till\u00e5ts enligt lag, DatingSnob g\u00f6r inga garantier, uttryckta eller underf\u00f6rst\u00e5dda, och h\u00e4rmed avs\u00e4ger sig och f\u00f6rnekar alla andra garantier inklusive, utan begr\u00e4nsning, underf\u00f6rst\u00e5dda garantier eller villkor f\u00f6r s\u00e4ljbarhet, l\u00e4mplighet f\u00f6r ett s\u00e4rskilt r syfte, eller icke-intr\u00e5ng i immateriella r\u00e4ttigheter, eller annan kr\u00e4nkning av r\u00e4ttigheter.<\/p>\n\n\n\n<p>Under inga omst\u00e4ndigheter ska DatingSnob eller dess leverant\u00f6rer vara ansvariga f\u00f6r n\u00e5gon f\u00f6ljdf\u00f6rlust som du eller n\u00e5gon tredje part har lidit eller \u00e5dragit sig till f\u00f6ljd av anv\u00e4ndningen eller of\u00f6rm\u00e5gan att anv\u00e4nda denna webbplats eller materialet p\u00e5 denna webbplats, \u00e4ven om MyIntimacy eller en auktoriserad representant har meddelats, muntligt eller skriftligt, om m\u00f6jligheten till s\u00e5dan skada.<\/p>\n\n\n\n<p>I samband med detta avtal inkluderar &#8220;f\u00f6ljdf\u00f6rlust&#8221; all f\u00f6ljdf\u00f6rlust, indirekt f\u00f6rlust, verklig eller f\u00f6rv\u00e4ntad vinstf\u00f6rlust, f\u00f6rlust av f\u00f6rm\u00e5n, f\u00f6rlust av int\u00e4kter, f\u00f6rlust av verksamhet, f\u00f6rlust av goodwill, f\u00f6rlust av m\u00f6jlighet, f\u00f6rlust av besparingar, f\u00f6rlust av anseende, f\u00f6rlust av anv\u00e4ndning och\/eller f\u00f6rlust eller korruption av data, oavsett om det \u00e4r enligt lag, avtal, eget kapital, skadest\u00e5nd (inklusive f\u00f6rsumlighet), skadest\u00e5nd eller p\u00e5 annat s\u00e4tt.<\/p>\n\n\n\n<p>Eftersom vissa jurisdiktioner inte till\u00e5ter begr\u00e4nsningar av underf\u00f6rst\u00e5dda garantier eller begr\u00e4nsningar av ansvar f\u00f6r f\u00f6ljdskador eller of\u00f6rutsedda skador, kanske dessa begr\u00e4nsningar inte g\u00e4ller f\u00f6r dig.<\/p>\n\n\n\n<h2 class=\"wp-block-heading\">Noggrannhet i material<\/h2>\n\n\n\n<p>Materialet som visas p\u00e5 v\u00e5r webbplats \u00e4r inte helt\u00e4ckande och \u00e4r endast avsett f\u00f6r allm\u00e4n information. DatingSnob garanterar inte eller g\u00f6r n\u00e5gra utf\u00e4stelser om noggrannheten, de sannolika resultaten eller tillf\u00f6rlitligheten av anv\u00e4ndningen av materialet p\u00e5 denna webbplats, eller p\u00e5 annat s\u00e4tt relaterat till s\u00e5dant material eller p\u00e5 resurser som \u00e4r l\u00e4nkade till denna webbplats.<\/p>\n\n\n\n<h2 class=\"wp-block-heading\">L\u00e4nkar<\/h2>\n\n\n\n<p>DatingSnob har inte granskat alla webbplatser som \u00e4r l\u00e4nkade till dess webbplats och \u00e4r inte ansvarig f\u00f6r inneh\u00e5llet p\u00e5 n\u00e5gon s\u00e5dan l\u00e4nkad webbplats. Inkluderandet av n\u00e5gon l\u00e4nk inneb\u00e4r inte att DatingSnob st\u00f6djer, godk\u00e4nner eller kontrollerar webbplatsen. Anv\u00e4ndning av en s\u00e5dan l\u00e4nkad webbplats sker p\u00e5 egen risk och vi rekommenderar starkt att du g\u00f6r dina egna unders\u00f6kningar med avseende p\u00e5 l\u00e4mpligheten av dessa webbplatser.<\/p>\n\n\n\n<h2 class=\"wp-block-heading\">R\u00e4tt till upps\u00e4gning<\/h2>\n\n\n\n<p>Vi kan st\u00e4nga av eller s\u00e4ga upp din r\u00e4tt att anv\u00e4nda v\u00e5r webbplats och s\u00e4ga upp dessa anv\u00e4ndarvillkor omedelbart efter skriftligt meddelande till dig f\u00f6r brott mot dessa anv\u00e4ndarvillkor.<\/p>\n\n\n\n<h2 class=\"wp-block-heading\">Avg\u00e5ngsvederlag<\/h2>\n\n\n\n<p>Varje villkor i dessa anv\u00e4ndarvillkor som helt eller delvis \u00e4r ogiltigt eller ogenomf\u00f6rbart avskiljs i den utstr\u00e4ckning som det \u00e4r ogiltigt eller ogenomf\u00f6rbart. Giltigheten av \u00e5terstoden av dessa Anv\u00e4ndarvillkor p\u00e5verkas inte.<\/p>\n\n\n\n<h2 class=\"wp-block-heading\">Till\u00e4mplig lag<\/h2>\n\n\n\n<p>Dessa anv\u00e4ndarvillkor styrs av och tolkas i enlighet med lagarna i USA. Du underkastar dig o\u00e5terkalleligen den exklusiva jurisdiktionen f\u00f6r domstolarna i den staten eller platsen.<\/p>\n","protected":false},"excerpt":{"rendered":"<p>Dessa anv\u00e4ndarvillkor reglerar din anv\u00e4ndning av webbplatsen som finns p\u00e5 https:\/\/www.datingsnob.com och alla relaterade tj\u00e4nster som tillhandah\u00e5lls av DatingSnob. Genom att g\u00e5 in p\u00e5 https:\/\/www.datingsnob.com samtycker du till att f\u00f6lja dessa anv\u00e4ndarvillkor och att f\u00f6lja alla till\u00e4mpliga lagar och f\u00f6rordningar. Om du inte samtycker till dessa Anv\u00e4ndarvillkor \u00e4r du f\u00f6rbjuden att anv\u00e4nda eller f\u00e5 tillg\u00e5ng [&hellip;]<\/p>\n","protected":false},"author":4,"featured_media":0,"parent":0,"menu_order":0,"comment_status":"closed","ping_status":"closed","template":"","meta":{"inline_featured_image":false,"footnotes":""},"class_list":["post-29","page","type-page","status-publish","hentry"],"acf":[],"yoast_head":"<!-- This site is optimized with the Yoast SEO plugin v23.2 - https:\/\/yoast.com\/wordpress\/plugins\/seo\/ -->\n<title>Anv\u00e4ndarvillkor - DatingSnob Sverige<\/title>\n<meta name=\"robots\" content=\"index, follow, max-snippet:-1, max-image-preview:large, max-video-preview:-1\" \/>\n<link rel=\"canonical\" href=\"https:\/\/datingsnob.com\/se\/terms-of-service\/\" \/>\n<meta property=\"og:locale\" content=\"sv_SE\" \/>\n<meta property=\"og:type\" content=\"article\" \/>\n<meta property=\"og:title\" content=\"Anv\u00e4ndarvillkor - DatingSnob Sverige\" \/>\n<meta property=\"og:description\" content=\"Dessa anv\u00e4ndarvillkor reglerar din anv\u00e4ndning av webbplatsen som finns p\u00e5 https:\/\/www.datingsnob.com och alla relaterade tj\u00e4nster som tillhandah\u00e5lls av DatingSnob. Genom att g\u00e5 in p\u00e5 https:\/\/www.datingsnob.com samtycker du till att f\u00f6lja dessa anv\u00e4ndarvillkor och att f\u00f6lja alla till\u00e4mpliga lagar och f\u00f6rordningar. Om du inte samtycker till dessa Anv\u00e4ndarvillkor \u00e4r du f\u00f6rbjuden att anv\u00e4nda eller f\u00e5 tillg\u00e5ng [&hellip;]\" \/>\n<meta property=\"og:url\" content=\"https:\/\/datingsnob.com\/se\/terms-of-service\/\" \/>\n<meta property=\"og:site_name\" content=\"DatingSnob Sverige\" \/>\n<meta property=\"article:modified_time\" content=\"2024-08-08T07:23:23+00:00\" \/>\n<meta name=\"twitter:card\" content=\"summary_large_image\" \/>\n<meta name=\"twitter:label1\" content=\"Ber\u00e4knad l\u00e4stid\" \/>\n\t<meta name=\"twitter:data1\" content=\"5 minuter\" \/>\n<script type=\"application\/ld+json\" class=\"yoast-schema-graph\">{\"@context\":\"https:\/\/schema.org\",\"@graph\":[{\"@type\":\"WebPage\",\"@id\":\"https:\/\/datingsnob.com\/se\/terms-of-service\/\",\"url\":\"https:\/\/datingsnob.com\/se\/terms-of-service\/\",\"name\":\"Anv\u00e4ndarvillkor - DatingSnob Sverige\",\"isPartOf\":{\"@id\":\"https:\/\/datingsnob.com\/se\/#website\"},\"datePublished\":\"2020-02-01T10:32:11+00:00\",\"dateModified\":\"2024-08-08T07:23:23+00:00\",\"breadcrumb\":{\"@id\":\"https:\/\/datingsnob.com\/se\/terms-of-service\/#breadcrumb\"},\"inLanguage\":\"sv-SE\",\"potentialAction\":[{\"@type\":\"ReadAction\",\"target\":[\"https:\/\/datingsnob.com\/se\/terms-of-service\/\"]}]},{\"@type\":\"BreadcrumbList\",\"@id\":\"https:\/\/datingsnob.com\/se\/terms-of-service\/#breadcrumb\",\"itemListElement\":[{\"@type\":\"ListItem\",\"position\":1,\"name\":\"Home\",\"item\":\"https:\/\/datingsnob.com\/se\/\"},{\"@type\":\"ListItem\",\"position\":2,\"name\":\"Anv\u00e4ndarvillkor\"}]},{\"@type\":\"WebSite\",\"@id\":\"https:\/\/datingsnob.com\/se\/#website\",\"url\":\"https:\/\/datingsnob.com\/se\/\",\"name\":\"DatingSnob Sverige\",\"description\":\"Anv\u00e4ndarrecensioner av Svenska dejtingtj\u00e4nster\",\"publisher\":{\"@id\":\"https:\/\/datingsnob.com\/se\/#organization\"},\"potentialAction\":[{\"@type\":\"SearchAction\",\"target\":{\"@type\":\"EntryPoint\",\"urlTemplate\":\"https:\/\/datingsnob.com\/se\/?s={search_term_string}\"},\"query-input\":\"required name=search_term_string\"}],\"inLanguage\":\"sv-SE\"},{\"@type\":\"Organization\",\"@id\":\"https:\/\/datingsnob.com\/se\/#organization\",\"name\":\"DatingSnob Sverige\",\"url\":\"https:\/\/datingsnob.com\/se\/\",\"logo\":{\"@type\":\"ImageObject\",\"inLanguage\":\"sv-SE\",\"@id\":\"https:\/\/datingsnob.com\/se\/#\/schema\/logo\/image\/\",\"url\":\"https:\/\/datingsnob.com\/se\/wp-content\/uploads\/sites\/18\/2024\/07\/DatingSnobMainLogo-1.svg\",\"contentUrl\":\"https:\/\/datingsnob.com\/se\/wp-content\/uploads\/sites\/18\/2024\/07\/DatingSnobMainLogo-1.svg\",\"width\":269,\"height\":50,\"caption\":\"DatingSnob Sverige\"},\"image\":{\"@id\":\"https:\/\/datingsnob.com\/se\/#\/schema\/logo\/image\/\"}}]}<\/script>\n<!-- \/ Yoast SEO plugin. -->","yoast_head_json":{"title":"Anv\u00e4ndarvillkor - DatingSnob Sverige","robots":{"index":"index","follow":"follow","max-snippet":"max-snippet:-1","max-image-preview":"max-image-preview:large","max-video-preview":"max-video-preview:-1"},"canonical":"https:\/\/datingsnob.com\/se\/terms-of-service\/","og_locale":"sv_SE","og_type":"article","og_title":"Anv\u00e4ndarvillkor - DatingSnob Sverige","og_description":"Dessa anv\u00e4ndarvillkor reglerar din anv\u00e4ndning av webbplatsen som finns p\u00e5 https:\/\/www.datingsnob.com och alla relaterade tj\u00e4nster som tillhandah\u00e5lls av DatingSnob. Genom att g\u00e5 in p\u00e5 https:\/\/www.datingsnob.com samtycker du till att f\u00f6lja dessa anv\u00e4ndarvillkor och att f\u00f6lja alla till\u00e4mpliga lagar och f\u00f6rordningar. Om du inte samtycker till dessa Anv\u00e4ndarvillkor \u00e4r du f\u00f6rbjuden att anv\u00e4nda eller f\u00e5 tillg\u00e5ng [&hellip;]","og_url":"https:\/\/datingsnob.com\/se\/terms-of-service\/","og_site_name":"DatingSnob Sverige","article_modified_time":"2024-08-08T07:23:23+00:00","twitter_card":"summary_large_image","twitter_misc":{"Ber\u00e4knad l\u00e4stid":"5 minuter"},"schema":{"@context":"https:\/\/schema.org","@graph":[{"@type":"WebPage","@id":"https:\/\/datingsnob.com\/se\/terms-of-service\/","url":"https:\/\/datingsnob.com\/se\/terms-of-service\/","name":"Anv\u00e4ndarvillkor - DatingSnob Sverige","isPartOf":{"@id":"https:\/\/datingsnob.com\/se\/#website"},"datePublished":"2020-02-01T10:32:11+00:00","dateModified":"2024-08-08T07:23:23+00:00","breadcrumb":{"@id":"https:\/\/datingsnob.com\/se\/terms-of-service\/#breadcrumb"},"inLanguage":"sv-SE","potentialAction":[{"@type":"ReadAction","target":["https:\/\/datingsnob.com\/se\/terms-of-service\/"]}]},{"@type":"BreadcrumbList","@id":"https:\/\/datingsnob.com\/se\/terms-of-service\/#breadcrumb","itemListElement":[{"@type":"ListItem","position":1,"name":"Home","item":"https:\/\/datingsnob.com\/se\/"},{"@type":"ListItem","position":2,"name":"Anv\u00e4ndarvillkor"}]},{"@type":"WebSite","@id":"https:\/\/datingsnob.com\/se\/#website","url":"https:\/\/datingsnob.com\/se\/","name":"DatingSnob Sverige","description":"Anv\u00e4ndarrecensioner av Svenska dejtingtj\u00e4nster","publisher":{"@id":"https:\/\/datingsnob.com\/se\/#organization"},"potentialAction":[{"@type":"SearchAction","target":{"@type":"EntryPoint","urlTemplate":"https:\/\/datingsnob.com\/se\/?s={search_term_string}"},"query-input":"required name=search_term_string"}],"inLanguage":"sv-SE"},{"@type":"Organization","@id":"https:\/\/datingsnob.com\/se\/#organization","name":"DatingSnob Sverige","url":"https:\/\/datingsnob.com\/se\/","logo":{"@type":"ImageObject","inLanguage":"sv-SE","@id":"https:\/\/datingsnob.com\/se\/#\/schema\/logo\/image\/","url":"https:\/\/datingsnob.com\/se\/wp-content\/uploads\/sites\/18\/2024\/07\/DatingSnobMainLogo-1.svg","contentUrl":"https:\/\/datingsnob.com\/se\/wp-content\/uploads\/sites\/18\/2024\/07\/DatingSnobMainLogo-1.svg","width":269,"height":50,"caption":"DatingSnob Sverige"},"image":{"@id":"https:\/\/datingsnob.com\/se\/#\/schema\/logo\/image\/"}}]}},"_links":{"self":[{"href":"https:\/\/datingsnob.com\/se\/wp-json\/wp\/v2\/pages\/29","targetHints":{"allow":["GET"]}}],"collection":[{"href":"https:\/\/datingsnob.com\/se\/wp-json\/wp\/v2\/pages"}],"about":[{"href":"https:\/\/datingsnob.com\/se\/wp-json\/wp\/v2\/types\/page"}],"author":[{"embeddable":true,"href":"https:\/\/datingsnob.com\/se\/wp-json\/wp\/v2\/users\/4"}],"replies":[{"embeddable":true,"href":"https:\/\/datingsnob.com\/se\/wp-json\/wp\/v2\/comments?post=29"}],"version-history":[{"count":3,"href":"https:\/\/datingsnob.com\/se\/wp-json\/wp\/v2\/pages\/29\/revisions"}],"predecessor-version":[{"id":26566,"href":"https:\/\/datingsnob.com\/se\/wp-json\/wp\/v2\/pages\/29\/revisions\/26566"}],"wp:attachment":[{"href":"https:\/\/datingsnob.com\/se\/wp-json\/wp\/v2\/media?parent=29"}],"curies":[{"name":"wp","href":"https:\/\/api.w.org\/{rel}","templated":true}]}}