{"id":26840,"date":"2024-08-06T20:00:04","date_gmt":"2024-08-06T20:00:04","guid":{"rendered":"https:\/\/datingsnob.com\/pt\/reviews\/sdc-com\/"},"modified":"2024-09-16T19:55:00","modified_gmt":"2024-09-16T19:55:00","slug":"sdc-com","status":"publish","type":"product","link":"https:\/\/datingsnob.com\/pt\/opinioes\/sdc-com\/","title":{"rendered":"Sdc.com"},"content":{"rendered":"","protected":false},"excerpt":{"rendered":"","protected":false},"featured_media":26730,"comment_status":"open","ping_status":"closed","template":"","meta":{"inline_featured_image":false},"product_cat":[59,61,62,65,78],"product_tag":[],"class_list":{"0":"post-26840","1":"product","2":"type-product","3":"status-publish","4":"has-post-thumbnail","6":"product_cat-casual","7":"product_cat-encontros","8":"product_cat-gay","9":"product_cat-internacional","10":"product_cat-lesbica","12":"first","13":"instock","14":"shipping-taxable","15":"product-type-simple"},"acf":[],"yoast_head":"<!-- This site is optimized with the Yoast SEO plugin v23.2 - https:\/\/yoast.com\/wordpress\/plugins\/seo\/ -->\n<title>Opini\u00f5es de Sdc.com - \u00c9 fi\u00e1vel ou \u00e9 um esquema?<\/title>\n<meta name=\"description\" content=\"O Sdc.com \u00e9 um bom servi\u00e7o de encontros ou \u00e9 uma fraude? Leia as opini\u00f5es dos utilizadores sobre o Sdc.com para descobrir.\" \/>\n<meta name=\"robots\" content=\"index, follow, max-snippet:-1, max-image-preview:large, max-video-preview:-1\" \/>\n<link rel=\"canonical\" href=\"https:\/\/datingsnob.com\/pt\/opinioes\/sdc-com\/\" \/>\n<meta property=\"og:locale\" content=\"pt_PT\" \/>\n<meta property=\"og:type\" content=\"article\" \/>\n<meta property=\"og:title\" content=\"Opini\u00f5es de Sdc.com - \u00c9 fi\u00e1vel ou \u00e9 um esquema?\" \/>\n<meta property=\"og:description\" content=\"O Sdc.com \u00e9 um bom servi\u00e7o de encontros ou \u00e9 uma fraude? Leia as opini\u00f5es dos utilizadores sobre o Sdc.com para descobrir.\" \/>\n<meta property=\"og:url\" content=\"https:\/\/datingsnob.com\/pt\/opinioes\/sdc-com\/\" \/>\n<meta property=\"og:site_name\" content=\"DatingSnob Portugal\" \/>\n<meta property=\"article:modified_time\" content=\"2024-09-16T19:55:00+00:00\" \/>\n<meta property=\"og:image\" content=\"https:\/\/datingsnob.com\/pt\/wp-content\/uploads\/sites\/4\/2024\/08\/sdc-com.png\" \/>\n\t<meta property=\"og:image:width\" content=\"600\" \/>\n\t<meta property=\"og:image:height\" content=\"600\" \/>\n\t<meta property=\"og:image:type\" content=\"image\/png\" \/>\n<meta name=\"twitter:card\" content=\"summary_large_image\" \/>\n<script type=\"application\/ld+json\" class=\"yoast-schema-graph\">{\"@context\":\"https:\/\/schema.org\",\"@graph\":[{\"@type\":\"WebPage\",\"@id\":\"https:\/\/datingsnob.com\/pt\/opinioes\/sdc-com\/\",\"url\":\"https:\/\/datingsnob.com\/pt\/opinioes\/sdc-com\/\",\"name\":\"Opini\u00f5es de Sdc.com - \u00c9 fi\u00e1vel ou \u00e9 um esquema?\",\"isPartOf\":{\"@id\":\"https:\/\/datingsnob.com\/pt\/#website\"},\"primaryImageOfPage\":{\"@id\":\"https:\/\/datingsnob.com\/pt\/opinioes\/sdc-com\/#primaryimage\"},\"image\":{\"@id\":\"https:\/\/datingsnob.com\/pt\/opinioes\/sdc-com\/#primaryimage\"},\"thumbnailUrl\":\"https:\/\/datingsnob.com\/pt\/wp-content\/uploads\/sites\/4\/2024\/08\/sdc-com.png\",\"datePublished\":\"2024-08-06T20:00:04+00:00\",\"dateModified\":\"2024-09-16T19:55:00+00:00\",\"description\":\"O Sdc.com \u00e9 um bom servi\u00e7o de encontros ou \u00e9 uma fraude? Leia as opini\u00f5es dos utilizadores sobre o Sdc.com para descobrir.\",\"breadcrumb\":{\"@id\":\"https:\/\/datingsnob.com\/pt\/opinioes\/sdc-com\/#breadcrumb\"},\"inLanguage\":\"pt-PT\",\"potentialAction\":[{\"@type\":\"ReadAction\",\"target\":[\"https:\/\/datingsnob.com\/pt\/opinioes\/sdc-com\/\"]}]},{\"@type\":\"ImageObject\",\"inLanguage\":\"pt-PT\",\"@id\":\"https:\/\/datingsnob.com\/pt\/opinioes\/sdc-com\/#primaryimage\",\"url\":\"https:\/\/datingsnob.com\/pt\/wp-content\/uploads\/sites\/4\/2024\/08\/sdc-com.png\",\"contentUrl\":\"https:\/\/datingsnob.com\/pt\/wp-content\/uploads\/sites\/4\/2024\/08\/sdc-com.png\",\"width\":600,\"height\":600,\"caption\":\"sdc com\"},{\"@type\":\"BreadcrumbList\",\"@id\":\"https:\/\/datingsnob.com\/pt\/opinioes\/sdc-com\/#breadcrumb\",\"itemListElement\":[{\"@type\":\"ListItem\",\"position\":1,\"name\":\"Home\",\"item\":\"https:\/\/datingsnob.com\/pt\/\"},{\"@type\":\"ListItem\",\"position\":2,\"name\":\"Products\",\"item\":\"https:\/\/datingsnob.com\/pt\/shop\/\"},{\"@type\":\"ListItem\",\"position\":3,\"name\":\"Sdc.com\"}]},{\"@type\":\"WebSite\",\"@id\":\"https:\/\/datingsnob.com\/pt\/#website\",\"url\":\"https:\/\/datingsnob.com\/pt\/\",\"name\":\"DatingSnob Portugal\",\"description\":\"Opini\u00f5es e avalia\u00e7\u00f5es de utilizadores de Dating Services\",\"publisher\":{\"@id\":\"https:\/\/datingsnob.com\/pt\/#organization\"},\"potentialAction\":[{\"@type\":\"SearchAction\",\"target\":{\"@type\":\"EntryPoint\",\"urlTemplate\":\"https:\/\/datingsnob.com\/pt\/?s={search_term_string}\"},\"query-input\":\"required name=search_term_string\"}],\"inLanguage\":\"pt-PT\"},{\"@type\":\"Organization\",\"@id\":\"https:\/\/datingsnob.com\/pt\/#organization\",\"name\":\"DatingSnob Portugal\",\"url\":\"https:\/\/datingsnob.com\/pt\/\",\"logo\":{\"@type\":\"ImageObject\",\"inLanguage\":\"pt-PT\",\"@id\":\"https:\/\/datingsnob.com\/pt\/#\/schema\/logo\/image\/\",\"url\":\"https:\/\/datingsnob.com\/pt\/wp-content\/uploads\/sites\/4\/2024\/07\/DatingSnobMainLogo-1.svg\",\"contentUrl\":\"https:\/\/datingsnob.com\/pt\/wp-content\/uploads\/sites\/4\/2024\/07\/DatingSnobMainLogo-1.svg\",\"width\":269,\"height\":50,\"caption\":\"DatingSnob Portugal\"},\"image\":{\"@id\":\"https:\/\/datingsnob.com\/pt\/#\/schema\/logo\/image\/\"}}]}<\/script>\n<!-- \/ Yoast SEO plugin. -->","yoast_head_json":{"title":"Opini\u00f5es de Sdc.com - \u00c9 fi\u00e1vel ou \u00e9 um esquema?","description":"O Sdc.com \u00e9 um bom servi\u00e7o de encontros ou \u00e9 uma fraude? Leia as opini\u00f5es dos utilizadores sobre o Sdc.com para descobrir.","robots":{"index":"index","follow":"follow","max-snippet":"max-snippet:-1","max-image-preview":"max-image-preview:large","max-video-preview":"max-video-preview:-1"},"canonical":"https:\/\/datingsnob.com\/pt\/opinioes\/sdc-com\/","og_locale":"pt_PT","og_type":"article","og_title":"Opini\u00f5es de Sdc.com - \u00c9 fi\u00e1vel ou \u00e9 um esquema?","og_description":"O Sdc.com \u00e9 um bom servi\u00e7o de encontros ou \u00e9 uma fraude? Leia as opini\u00f5es dos utilizadores sobre o Sdc.com para descobrir.","og_url":"https:\/\/datingsnob.com\/pt\/opinioes\/sdc-com\/","og_site_name":"DatingSnob Portugal","article_modified_time":"2024-09-16T19:55:00+00:00","og_image":[{"width":600,"height":600,"url":"https:\/\/datingsnob.com\/pt\/wp-content\/uploads\/sites\/4\/2024\/08\/sdc-com.png","type":"image\/png"}],"twitter_card":"summary_large_image","schema":{"@context":"https:\/\/schema.org","@graph":[{"@type":"WebPage","@id":"https:\/\/datingsnob.com\/pt\/opinioes\/sdc-com\/","url":"https:\/\/datingsnob.com\/pt\/opinioes\/sdc-com\/","name":"Opini\u00f5es de Sdc.com - \u00c9 fi\u00e1vel ou \u00e9 um esquema?","isPartOf":{"@id":"https:\/\/datingsnob.com\/pt\/#website"},"primaryImageOfPage":{"@id":"https:\/\/datingsnob.com\/pt\/opinioes\/sdc-com\/#primaryimage"},"image":{"@id":"https:\/\/datingsnob.com\/pt\/opinioes\/sdc-com\/#primaryimage"},"thumbnailUrl":"https:\/\/datingsnob.com\/pt\/wp-content\/uploads\/sites\/4\/2024\/08\/sdc-com.png","datePublished":"2024-08-06T20:00:04+00:00","dateModified":"2024-09-16T19:55:00+00:00","description":"O Sdc.com \u00e9 um bom servi\u00e7o de encontros ou \u00e9 uma fraude? Leia as opini\u00f5es dos utilizadores sobre o Sdc.com para descobrir.","breadcrumb":{"@id":"https:\/\/datingsnob.com\/pt\/opinioes\/sdc-com\/#breadcrumb"},"inLanguage":"pt-PT","potentialAction":[{"@type":"ReadAction","target":["https:\/\/datingsnob.com\/pt\/opinioes\/sdc-com\/"]}]},{"@type":"ImageObject","inLanguage":"pt-PT","@id":"https:\/\/datingsnob.com\/pt\/opinioes\/sdc-com\/#primaryimage","url":"https:\/\/datingsnob.com\/pt\/wp-content\/uploads\/sites\/4\/2024\/08\/sdc-com.png","contentUrl":"https:\/\/datingsnob.com\/pt\/wp-content\/uploads\/sites\/4\/2024\/08\/sdc-com.png","width":600,"height":600,"caption":"sdc com"},{"@type":"BreadcrumbList","@id":"https:\/\/datingsnob.com\/pt\/opinioes\/sdc-com\/#breadcrumb","itemListElement":[{"@type":"ListItem","position":1,"name":"Home","item":"https:\/\/datingsnob.com\/pt\/"},{"@type":"ListItem","position":2,"name":"Products","item":"https:\/\/datingsnob.com\/pt\/shop\/"},{"@type":"ListItem","position":3,"name":"Sdc.com"}]},{"@type":"WebSite","@id":"https:\/\/datingsnob.com\/pt\/#website","url":"https:\/\/datingsnob.com\/pt\/","name":"DatingSnob Portugal","description":"Opini\u00f5es e avalia\u00e7\u00f5es de utilizadores de Dating Services","publisher":{"@id":"https:\/\/datingsnob.com\/pt\/#organization"},"potentialAction":[{"@type":"SearchAction","target":{"@type":"EntryPoint","urlTemplate":"https:\/\/datingsnob.com\/pt\/?s={search_term_string}"},"query-input":"required name=search_term_string"}],"inLanguage":"pt-PT"},{"@type":"Organization","@id":"https:\/\/datingsnob.com\/pt\/#organization","name":"DatingSnob Portugal","url":"https:\/\/datingsnob.com\/pt\/","logo":{"@type":"ImageObject","inLanguage":"pt-PT","@id":"https:\/\/datingsnob.com\/pt\/#\/schema\/logo\/image\/","url":"https:\/\/datingsnob.com\/pt\/wp-content\/uploads\/sites\/4\/2024\/07\/DatingSnobMainLogo-1.svg","contentUrl":"https:\/\/datingsnob.com\/pt\/wp-content\/uploads\/sites\/4\/2024\/07\/DatingSnobMainLogo-1.svg","width":269,"height":50,"caption":"DatingSnob Portugal"},"image":{"@id":"https:\/\/datingsnob.com\/pt\/#\/schema\/logo\/image\/"}}]}},"_links":{"self":[{"href":"https:\/\/datingsnob.com\/pt\/wp-json\/wp\/v2\/product\/26840","targetHints":{"allow":["GET"]}}],"collection":[{"href":"https:\/\/datingsnob.com\/pt\/wp-json\/wp\/v2\/product"}],"about":[{"href":"https:\/\/datingsnob.com\/pt\/wp-json\/wp\/v2\/types\/product"}],"replies":[{"embeddable":true,"href":"https:\/\/datingsnob.com\/pt\/wp-json\/wp\/v2\/comments?post=26840"}],"wp:featuredmedia":[{"embeddable":true,"href":"https:\/\/datingsnob.com\/pt\/wp-json\/wp\/v2\/media\/26730"}],"wp:attachment":[{"href":"https:\/\/datingsnob.com\/pt\/wp-json\/wp\/v2\/media?parent=26840"}],"wp:term":[{"taxonomy":"product_cat","embeddable":true,"href":"https:\/\/datingsnob.com\/pt\/wp-json\/wp\/v2\/product_cat?post=26840"},{"taxonomy":"product_tag","embeddable":true,"href":"https:\/\/datingsnob.com\/pt\/wp-json\/wp\/v2\/product_tag?post=26840"}],"curies":[{"name":"wp","href":"https:\/\/api.w.org\/{rel}","templated":true}]}}