{"id":26502,"date":"2024-07-20T09:21:05","date_gmt":"2024-07-20T09:21:05","guid":{"rendered":"https:\/\/datingsnob.com\/pl\/?page_id=26502"},"modified":"2024-08-13T19:14:24","modified_gmt":"2024-08-13T19:14:24","slug":"home","status":"publish","type":"page","link":"https:\/\/datingsnob.com\/pl\/","title":{"rendered":"Home"},"content":{"rendered":"","protected":false},"excerpt":{"rendered":"","protected":false},"author":4,"featured_media":0,"parent":0,"menu_order":0,"comment_status":"closed","ping_status":"closed","template":"template-home-page.php","meta":{"inline_featured_image":false,"footnotes":""},"class_list":["post-26502","page","type-page","status-publish","hentry"],"acf":[],"yoast_head":"<!-- This site is optimized with the Yoast SEO plugin v23.2 - https:\/\/yoast.com\/wordpress\/plugins\/seo\/ -->\n<title>DatingSnob - Recenzje polskich serwis\u00f3w randkowych<\/title>\n<meta name=\"description\" content=\"DatingSnob ma na celu pom\u00f3c ci wybra\u0107 dobry serwis randkowy w oparciu o bezstronne recenzje u\u017cytkownik\u00f3w takich jak ty.\" \/>\n<meta name=\"robots\" content=\"index, follow, max-snippet:-1, max-image-preview:large, max-video-preview:-1\" \/>\n<link rel=\"canonical\" href=\"https:\/\/datingsnob.com\/pl\/\" \/>\n<meta property=\"og:locale\" content=\"pl_PL\" \/>\n<meta property=\"og:type\" content=\"article\" \/>\n<meta property=\"og:title\" content=\"DatingSnob - Recenzje polskich serwis\u00f3w randkowych\" \/>\n<meta property=\"og:description\" content=\"DatingSnob ma na celu pom\u00f3c ci wybra\u0107 dobry serwis randkowy w oparciu o bezstronne recenzje u\u017cytkownik\u00f3w takich jak ty.\" \/>\n<meta property=\"og:url\" content=\"https:\/\/datingsnob.com\/pl\/\" \/>\n<meta property=\"og:site_name\" content=\"DatingSnob Polska\" \/>\n<meta property=\"article:modified_time\" content=\"2024-08-13T19:14:24+00:00\" \/>\n<meta name=\"twitter:card\" content=\"summary_large_image\" \/>\n<script type=\"application\/ld+json\" class=\"yoast-schema-graph\">{\"@context\":\"https:\/\/schema.org\",\"@graph\":[{\"@type\":\"WebPage\",\"@id\":\"https:\/\/datingsnob.com\/pl\/\",\"url\":\"https:\/\/datingsnob.com\/pl\/\",\"name\":\"DatingSnob - Recenzje polskich serwis\u00f3w randkowych\",\"isPartOf\":{\"@id\":\"https:\/\/datingsnob.com\/pl\/#website\"},\"datePublished\":\"2024-07-20T09:21:05+00:00\",\"dateModified\":\"2024-08-13T19:14:24+00:00\",\"description\":\"DatingSnob ma na celu pom\u00f3c ci wybra\u0107 dobry serwis randkowy w oparciu o bezstronne recenzje u\u017cytkownik\u00f3w takich jak ty.\",\"breadcrumb\":{\"@id\":\"https:\/\/datingsnob.com\/pl\/#breadcrumb\"},\"inLanguage\":\"pl-PL\",\"potentialAction\":[{\"@type\":\"ReadAction\",\"target\":[\"https:\/\/datingsnob.com\/pl\/\"]}]},{\"@type\":\"BreadcrumbList\",\"@id\":\"https:\/\/datingsnob.com\/pl\/#breadcrumb\",\"itemListElement\":[{\"@type\":\"ListItem\",\"position\":1,\"name\":\"Home\",\"item\":\"https:\/\/datingsnob.com\/pl\/\"},{\"@type\":\"ListItem\",\"position\":2,\"name\":\"Home\"}]},{\"@type\":\"WebSite\",\"@id\":\"https:\/\/datingsnob.com\/pl\/#website\",\"url\":\"https:\/\/datingsnob.com\/pl\/\",\"name\":\"DatingSnob Polska\",\"description\":\"Recenzje u\u017cytkownik\u00f3w polskich serwis\u00f3w randkowych\",\"publisher\":{\"@id\":\"https:\/\/datingsnob.com\/pl\/#organization\"},\"potentialAction\":[{\"@type\":\"SearchAction\",\"target\":{\"@type\":\"EntryPoint\",\"urlTemplate\":\"https:\/\/datingsnob.com\/pl\/?s={search_term_string}\"},\"query-input\":\"required name=search_term_string\"}],\"inLanguage\":\"pl-PL\"},{\"@type\":\"Organization\",\"@id\":\"https:\/\/datingsnob.com\/pl\/#organization\",\"name\":\"DatingSnob Polska\",\"url\":\"https:\/\/datingsnob.com\/pl\/\",\"logo\":{\"@type\":\"ImageObject\",\"inLanguage\":\"pl-PL\",\"@id\":\"https:\/\/datingsnob.com\/pl\/#\/schema\/logo\/image\/\",\"url\":\"https:\/\/datingsnob.com\/pl\/wp-content\/uploads\/sites\/20\/2024\/07\/DatingSnobMainLogo-1.svg\",\"contentUrl\":\"https:\/\/datingsnob.com\/pl\/wp-content\/uploads\/sites\/20\/2024\/07\/DatingSnobMainLogo-1.svg\",\"width\":269,\"height\":50,\"caption\":\"DatingSnob Polska\"},\"image\":{\"@id\":\"https:\/\/datingsnob.com\/pl\/#\/schema\/logo\/image\/\"}}]}<\/script>\n<!-- \/ Yoast SEO plugin. -->","yoast_head_json":{"title":"DatingSnob - Recenzje polskich serwis\u00f3w randkowych","description":"DatingSnob ma na celu pom\u00f3c ci wybra\u0107 dobry serwis randkowy w oparciu o bezstronne recenzje u\u017cytkownik\u00f3w takich jak ty.","robots":{"index":"index","follow":"follow","max-snippet":"max-snippet:-1","max-image-preview":"max-image-preview:large","max-video-preview":"max-video-preview:-1"},"canonical":"https:\/\/datingsnob.com\/pl\/","og_locale":"pl_PL","og_type":"article","og_title":"DatingSnob - Recenzje polskich serwis\u00f3w randkowych","og_description":"DatingSnob ma na celu pom\u00f3c ci wybra\u0107 dobry serwis randkowy w oparciu o bezstronne recenzje u\u017cytkownik\u00f3w takich jak ty.","og_url":"https:\/\/datingsnob.com\/pl\/","og_site_name":"DatingSnob Polska","article_modified_time":"2024-08-13T19:14:24+00:00","twitter_card":"summary_large_image","schema":{"@context":"https:\/\/schema.org","@graph":[{"@type":"WebPage","@id":"https:\/\/datingsnob.com\/pl\/","url":"https:\/\/datingsnob.com\/pl\/","name":"DatingSnob - Recenzje polskich serwis\u00f3w randkowych","isPartOf":{"@id":"https:\/\/datingsnob.com\/pl\/#website"},"datePublished":"2024-07-20T09:21:05+00:00","dateModified":"2024-08-13T19:14:24+00:00","description":"DatingSnob ma na celu pom\u00f3c ci wybra\u0107 dobry serwis randkowy w oparciu o bezstronne recenzje u\u017cytkownik\u00f3w takich jak ty.","breadcrumb":{"@id":"https:\/\/datingsnob.com\/pl\/#breadcrumb"},"inLanguage":"pl-PL","potentialAction":[{"@type":"ReadAction","target":["https:\/\/datingsnob.com\/pl\/"]}]},{"@type":"BreadcrumbList","@id":"https:\/\/datingsnob.com\/pl\/#breadcrumb","itemListElement":[{"@type":"ListItem","position":1,"name":"Home","item":"https:\/\/datingsnob.com\/pl\/"},{"@type":"ListItem","position":2,"name":"Home"}]},{"@type":"WebSite","@id":"https:\/\/datingsnob.com\/pl\/#website","url":"https:\/\/datingsnob.com\/pl\/","name":"DatingSnob Polska","description":"Recenzje u\u017cytkownik\u00f3w polskich serwis\u00f3w randkowych","publisher":{"@id":"https:\/\/datingsnob.com\/pl\/#organization"},"potentialAction":[{"@type":"SearchAction","target":{"@type":"EntryPoint","urlTemplate":"https:\/\/datingsnob.com\/pl\/?s={search_term_string}"},"query-input":"required name=search_term_string"}],"inLanguage":"pl-PL"},{"@type":"Organization","@id":"https:\/\/datingsnob.com\/pl\/#organization","name":"DatingSnob Polska","url":"https:\/\/datingsnob.com\/pl\/","logo":{"@type":"ImageObject","inLanguage":"pl-PL","@id":"https:\/\/datingsnob.com\/pl\/#\/schema\/logo\/image\/","url":"https:\/\/datingsnob.com\/pl\/wp-content\/uploads\/sites\/20\/2024\/07\/DatingSnobMainLogo-1.svg","contentUrl":"https:\/\/datingsnob.com\/pl\/wp-content\/uploads\/sites\/20\/2024\/07\/DatingSnobMainLogo-1.svg","width":269,"height":50,"caption":"DatingSnob Polska"},"image":{"@id":"https:\/\/datingsnob.com\/pl\/#\/schema\/logo\/image\/"}}]}},"_links":{"self":[{"href":"https:\/\/datingsnob.com\/pl\/wp-json\/wp\/v2\/pages\/26502","targetHints":{"allow":["GET"]}}],"collection":[{"href":"https:\/\/datingsnob.com\/pl\/wp-json\/wp\/v2\/pages"}],"about":[{"href":"https:\/\/datingsnob.com\/pl\/wp-json\/wp\/v2\/types\/page"}],"author":[{"embeddable":true,"href":"https:\/\/datingsnob.com\/pl\/wp-json\/wp\/v2\/users\/4"}],"replies":[{"embeddable":true,"href":"https:\/\/datingsnob.com\/pl\/wp-json\/wp\/v2\/comments?post=26502"}],"version-history":[{"count":6,"href":"https:\/\/datingsnob.com\/pl\/wp-json\/wp\/v2\/pages\/26502\/revisions"}],"predecessor-version":[{"id":27476,"href":"https:\/\/datingsnob.com\/pl\/wp-json\/wp\/v2\/pages\/26502\/revisions\/27476"}],"wp:attachment":[{"href":"https:\/\/datingsnob.com\/pl\/wp-json\/wp\/v2\/media?parent=26502"}],"curies":[{"name":"wp","href":"https:\/\/api.w.org\/{rel}","templated":true}]}}