{"id":258,"date":"2020-03-25T15:22:13","date_gmt":"2020-03-25T15:22:13","guid":{"rendered":"https:\/\/www.xbitlabs.com\/?page_id=258"},"modified":"2024-08-08T11:12:34","modified_gmt":"2024-08-08T11:12:34","slug":"cookie-policy","status":"publish","type":"page","link":"https:\/\/datingsnob.com\/pl\/cookie-policy\/","title":{"rendered":"Polityka cookies"},"content":{"rendered":"\n<p>U\u017cywamy plik\u00f3w cookie, aby poprawi\u0107 komfort korzystania z naszej strony internetowej pod adresem https:\/\/www.datingsnob.com. Niniejsza polityka plik\u00f3w cookie jest cz\u0119\u015bci\u0105 <a href=\"\/pl\/privacy-policy\/\" target=\"_blank\" rel=\"noreferrer noopener\">polityki prywatno\u015bci<\/a> DatingSnob. Obejmuje ona wykorzystanie plik\u00f3w cookie mi\u0119dzy urz\u0105dzeniem u\u017cytkownika a nasz\u0105 witryn\u0105.<\/p>\n\n\n\n<p>Zapewniamy r\u00f3wnie\u017c podstawowe informacje na temat us\u0142ug stron trzecich, z kt\u00f3rych mo\u017cemy korzysta\u0107, a kt\u00f3re mog\u0105 r\u00f3wnie\u017c wykorzystywa\u0107 pliki cookie w ramach swoich us\u0142ug. Niniejsza polityka nie obejmuje ich plik\u00f3w cookie.<\/p>\n\n\n\n<p>Je\u015bli u\u017cytkownik nie chce akceptowa\u0107 plik\u00f3w cookie od nas, powinien poinstruowa\u0107 swoj\u0105 przegl\u0105dark\u0119, aby odrzuca\u0142a pliki cookie z witryny https:\/\/www.datingsnob.com. W takim przypadku mo\u017cemy nie by\u0107 w stanie zapewni\u0107 u\u017cytkownikowi niekt\u00f3rych po\u017c\u0105danych tre\u015bci i us\u0142ug.<\/p>\n\n\n\n<h2 class=\"wp-block-heading\">Co to jest ciasteczko?<\/h2>\n\n\n\n<p>Plik cookie to niewielki fragment danych, kt\u00f3ry witryna internetowa przechowuje na urz\u0105dzeniu u\u017cytkownika podczas odwiedzin. Zazwyczaj zawiera informacje o samej witrynie, unikalny identyfikator, kt\u00f3ry pozwala witrynie rozpozna\u0107 przegl\u0105dark\u0119 internetow\u0105 u\u017cytkownika po powrocie, dodatkowe dane, kt\u00f3re s\u0142u\u017c\u0105 celowi pliku cookie, oraz czas \u017cycia samego pliku cookie.<\/p>\n\n\n\n<p>Pliki cookie s\u0105 u\u017cywane do w\u0142\u0105czania niekt\u00f3rych funkcji (np. logowania), \u015bledzenia korzystania z witryny (np. analizy), przechowywania ustawie\u0144 u\u017cytkownika (np. strefy czasowej, preferencji powiadomie\u0144) oraz do personalizacji tre\u015bci (np. reklam, j\u0119zyka).<\/p>\n\n\n\n<p>Pliki cookie ustawione przez odwiedzan\u0105 witryn\u0119 s\u0105 zwykle okre\u015blane jako pliki cookie pierwszej strony. Zazwyczaj \u015bledz\u0105 one tylko aktywno\u015b\u0107 u\u017cytkownika w danej witrynie.<\/p>\n\n\n\n<p>Pliki cookie ustawione przez inne witryny i firmy (tj. strony trzecie) nazywane s\u0105 plikami cookie stron trzecich. Mog\u0105 one by\u0107 wykorzystywane do \u015bledzenia u\u017cytkownika na innych stronach internetowych, kt\u00f3re korzystaj\u0105 z tej samej us\u0142ugi strony trzeciej.<\/p>\n\n\n\n<h2 class=\"wp-block-heading\">Rodzaje plik\u00f3w cookie i spos\u00f3b ich wykorzystywania<\/h2>\n\n\n\n<h3 class=\"wp-block-heading\">Niezb\u0119dne pliki cookie<\/h3>\n\n\n\n<p>Niezb\u0119dne pliki cookie maj\u0105 kluczowe znaczenie dla korzystania z witryny internetowej, umo\u017cliwiaj\u0105c korzystanie z podstawowych funkcji, takich jak logowanie u\u017cytkownika, zarz\u0105dzanie kontem, koszyki zakupowe i przetwarzanie p\u0142atno\u015bci.<\/p>\n\n\n\n<p>U\u017cywamy niezb\u0119dnych plik\u00f3w cookie, aby umo\u017cliwi\u0107 korzystanie z niekt\u00f3rych funkcji na naszej stronie internetowej.<\/p>\n\n\n\n<h3 class=\"wp-block-heading\">Wydajno\u015bciowe pliki cookie<\/h3>\n\n\n\n<p>Wydajno\u015bciowe pliki cookie \u015bledz\u0105 spos\u00f3b korzystania z witryny podczas wizyty. Zazwyczaj informacje te s\u0105 anonimowe i zagregowane, z informacjami \u015bledzonymi przez wszystkich u\u017cytkownik\u00f3w witryny. Pomagaj\u0105 one firmom zrozumie\u0107 wzorce korzystania z witryny przez odwiedzaj\u0105cych, identyfikowa\u0107 i diagnozowa\u0107 problemy lub b\u0142\u0119dy, kt\u00f3re mog\u0105 napotka\u0107 ich u\u017cytkownicy, a tak\u017ce podejmowa\u0107 lepsze decyzje strategiczne w celu poprawy og\u00f3lnego komfortu korzystania z witryny przez odbiorc\u00f3w. Te pliki cookie mog\u0105 by\u0107 ustawiane przez odwiedzan\u0105 witryn\u0119 (w\u0142asne) lub przez us\u0142ugi stron trzecich. Nie gromadz\u0105 one danych osobowych u\u017cytkownika.<\/p>\n\n\n\n<p>Na naszej stronie u\u017cywamy wydajno\u015bciowych plik\u00f3w cookie.<\/p>\n\n\n\n<h3 class=\"wp-block-heading\">Funkcjonalne pliki cookie<\/h3>\n\n\n\n<p>Funkcjonalne pliki cookie s\u0142u\u017c\u0105 do gromadzenia informacji o urz\u0105dzeniu u\u017cytkownika i wszelkich ustawieniach skonfigurowanych na odwiedzanej stronie internetowej (takich jak ustawienia j\u0119zyka i strefy czasowej). Dzi\u0119ki tym informacjom strony internetowe mog\u0105 dostarcza\u0107 spersonalizowane, ulepszone lub zoptymalizowane tre\u015bci i us\u0142ugi. Te pliki cookie mog\u0105 by\u0107 ustawiane przez odwiedzan\u0105 witryn\u0119 (w\u0142asne) lub przez us\u0142ugi stron trzecich.<\/p>\n\n\n\n<p>U\u017cywamy funkcjonalnych plik\u00f3w cookie dla wybranych funkcji w naszej witrynie.<\/p>\n\n\n\n<h3 class=\"wp-block-heading\">Targetowanie\/adv Reklamowe pliki cookie<\/h3>\n\n\n\n<p>Ukierunkowane\/reklamowe pliki cookie pomagaj\u0105 okre\u015bli\u0107, jakie tre\u015bci promocyjne s\u0105 najbardziej odpowiednie dla u\u017cytkownika i jego zainteresowa\u0144. Witryny internetowe mog\u0105 wykorzystywa\u0107 je do dostarczania ukierunkowanych reklam lub ograniczania liczby wy\u015bwietle\u0144 reklamy. Pomaga to firmom poprawi\u0107 skuteczno\u015b\u0107 ich kampanii i jako\u015b\u0107 tre\u015bci prezentowanych u\u017cytkownikowi. Te pliki cookie mog\u0105 by\u0107 ustawiane przez odwiedzan\u0105 witryn\u0119 (w\u0142asne) lub przez us\u0142ugi stron trzecich. Targetuj\u0105ce\/reklamowe pliki cookie ustawione przez strony trzecie mog\u0105 by\u0107 wykorzystywane do \u015bledzenia u\u017cytkownika na innych stronach internetowych, kt\u00f3re korzystaj\u0105 z tej samej us\u0142ugi strony trzeciej.<\/p>\n\n\n\n<p>W naszej witrynie stosujemy pliki cookie do targetowania\/reklamy.<\/p>\n","protected":false},"excerpt":{"rendered":"<p>U\u017cywamy plik\u00f3w cookie, aby poprawi\u0107 komfort korzystania z naszej strony internetowej pod adresem https:\/\/www.datingsnob.com. Niniejsza polityka plik\u00f3w cookie jest cz\u0119\u015bci\u0105 polityki prywatno\u015bci DatingSnob. Obejmuje ona wykorzystanie plik\u00f3w cookie mi\u0119dzy urz\u0105dzeniem u\u017cytkownika a nasz\u0105 witryn\u0105. Zapewniamy r\u00f3wnie\u017c podstawowe informacje na temat us\u0142ug stron trzecich, z kt\u00f3rych mo\u017cemy korzysta\u0107, a kt\u00f3re mog\u0105 r\u00f3wnie\u017c wykorzystywa\u0107 pliki cookie w [&hellip;]<\/p>\n","protected":false},"author":4,"featured_media":0,"parent":0,"menu_order":0,"comment_status":"closed","ping_status":"closed","template":"","meta":{"inline_featured_image":false,"footnotes":""},"class_list":["post-258","page","type-page","status-publish","hentry"],"acf":[],"yoast_head":"<!-- This site is optimized with the Yoast SEO plugin v23.2 - https:\/\/yoast.com\/wordpress\/plugins\/seo\/ -->\n<title>Polityka cookies - DatingSnob Polska<\/title>\n<meta name=\"robots\" content=\"index, follow, max-snippet:-1, max-image-preview:large, max-video-preview:-1\" \/>\n<link rel=\"canonical\" href=\"https:\/\/datingsnob.com\/pl\/cookie-policy\/\" \/>\n<meta property=\"og:locale\" content=\"pl_PL\" \/>\n<meta property=\"og:type\" content=\"article\" \/>\n<meta property=\"og:title\" content=\"Polityka cookies - DatingSnob Polska\" \/>\n<meta property=\"og:description\" content=\"U\u017cywamy plik\u00f3w cookie, aby poprawi\u0107 komfort korzystania z naszej strony internetowej pod adresem https:\/\/www.datingsnob.com. Niniejsza polityka plik\u00f3w cookie jest cz\u0119\u015bci\u0105 polityki prywatno\u015bci DatingSnob. Obejmuje ona wykorzystanie plik\u00f3w cookie mi\u0119dzy urz\u0105dzeniem u\u017cytkownika a nasz\u0105 witryn\u0105. Zapewniamy r\u00f3wnie\u017c podstawowe informacje na temat us\u0142ug stron trzecich, z kt\u00f3rych mo\u017cemy korzysta\u0107, a kt\u00f3re mog\u0105 r\u00f3wnie\u017c wykorzystywa\u0107 pliki cookie w [&hellip;]\" \/>\n<meta property=\"og:url\" content=\"https:\/\/datingsnob.com\/pl\/cookie-policy\/\" \/>\n<meta property=\"og:site_name\" content=\"DatingSnob Polska\" \/>\n<meta property=\"article:modified_time\" content=\"2024-08-08T11:12:34+00:00\" \/>\n<meta name=\"twitter:card\" content=\"summary_large_image\" \/>\n<meta name=\"twitter:label1\" content=\"Szacowany czas czytania\" \/>\n\t<meta name=\"twitter:data1\" content=\"4 minuty\" \/>\n<script type=\"application\/ld+json\" class=\"yoast-schema-graph\">{\"@context\":\"https:\/\/schema.org\",\"@graph\":[{\"@type\":\"WebPage\",\"@id\":\"https:\/\/datingsnob.com\/pl\/cookie-policy\/\",\"url\":\"https:\/\/datingsnob.com\/pl\/cookie-policy\/\",\"name\":\"Polityka cookies - DatingSnob Polska\",\"isPartOf\":{\"@id\":\"https:\/\/datingsnob.com\/pl\/#website\"},\"datePublished\":\"2020-03-25T15:22:13+00:00\",\"dateModified\":\"2024-08-08T11:12:34+00:00\",\"breadcrumb\":{\"@id\":\"https:\/\/datingsnob.com\/pl\/cookie-policy\/#breadcrumb\"},\"inLanguage\":\"pl-PL\",\"potentialAction\":[{\"@type\":\"ReadAction\",\"target\":[\"https:\/\/datingsnob.com\/pl\/cookie-policy\/\"]}]},{\"@type\":\"BreadcrumbList\",\"@id\":\"https:\/\/datingsnob.com\/pl\/cookie-policy\/#breadcrumb\",\"itemListElement\":[{\"@type\":\"ListItem\",\"position\":1,\"name\":\"Home\",\"item\":\"https:\/\/datingsnob.com\/pl\/\"},{\"@type\":\"ListItem\",\"position\":2,\"name\":\"Polityka cookies\"}]},{\"@type\":\"WebSite\",\"@id\":\"https:\/\/datingsnob.com\/pl\/#website\",\"url\":\"https:\/\/datingsnob.com\/pl\/\",\"name\":\"DatingSnob Polska\",\"description\":\"Recenzje u\u017cytkownik\u00f3w polskich serwis\u00f3w randkowych\",\"publisher\":{\"@id\":\"https:\/\/datingsnob.com\/pl\/#organization\"},\"potentialAction\":[{\"@type\":\"SearchAction\",\"target\":{\"@type\":\"EntryPoint\",\"urlTemplate\":\"https:\/\/datingsnob.com\/pl\/?s={search_term_string}\"},\"query-input\":\"required name=search_term_string\"}],\"inLanguage\":\"pl-PL\"},{\"@type\":\"Organization\",\"@id\":\"https:\/\/datingsnob.com\/pl\/#organization\",\"name\":\"DatingSnob Polska\",\"url\":\"https:\/\/datingsnob.com\/pl\/\",\"logo\":{\"@type\":\"ImageObject\",\"inLanguage\":\"pl-PL\",\"@id\":\"https:\/\/datingsnob.com\/pl\/#\/schema\/logo\/image\/\",\"url\":\"https:\/\/datingsnob.com\/pl\/wp-content\/uploads\/sites\/20\/2024\/07\/DatingSnobMainLogo-1.svg\",\"contentUrl\":\"https:\/\/datingsnob.com\/pl\/wp-content\/uploads\/sites\/20\/2024\/07\/DatingSnobMainLogo-1.svg\",\"width\":269,\"height\":50,\"caption\":\"DatingSnob Polska\"},\"image\":{\"@id\":\"https:\/\/datingsnob.com\/pl\/#\/schema\/logo\/image\/\"}}]}<\/script>\n<!-- \/ Yoast SEO plugin. -->","yoast_head_json":{"title":"Polityka cookies - DatingSnob Polska","robots":{"index":"index","follow":"follow","max-snippet":"max-snippet:-1","max-image-preview":"max-image-preview:large","max-video-preview":"max-video-preview:-1"},"canonical":"https:\/\/datingsnob.com\/pl\/cookie-policy\/","og_locale":"pl_PL","og_type":"article","og_title":"Polityka cookies - DatingSnob Polska","og_description":"U\u017cywamy plik\u00f3w cookie, aby poprawi\u0107 komfort korzystania z naszej strony internetowej pod adresem https:\/\/www.datingsnob.com. Niniejsza polityka plik\u00f3w cookie jest cz\u0119\u015bci\u0105 polityki prywatno\u015bci DatingSnob. Obejmuje ona wykorzystanie plik\u00f3w cookie mi\u0119dzy urz\u0105dzeniem u\u017cytkownika a nasz\u0105 witryn\u0105. Zapewniamy r\u00f3wnie\u017c podstawowe informacje na temat us\u0142ug stron trzecich, z kt\u00f3rych mo\u017cemy korzysta\u0107, a kt\u00f3re mog\u0105 r\u00f3wnie\u017c wykorzystywa\u0107 pliki cookie w [&hellip;]","og_url":"https:\/\/datingsnob.com\/pl\/cookie-policy\/","og_site_name":"DatingSnob Polska","article_modified_time":"2024-08-08T11:12:34+00:00","twitter_card":"summary_large_image","twitter_misc":{"Szacowany czas czytania":"4 minuty"},"schema":{"@context":"https:\/\/schema.org","@graph":[{"@type":"WebPage","@id":"https:\/\/datingsnob.com\/pl\/cookie-policy\/","url":"https:\/\/datingsnob.com\/pl\/cookie-policy\/","name":"Polityka cookies - DatingSnob Polska","isPartOf":{"@id":"https:\/\/datingsnob.com\/pl\/#website"},"datePublished":"2020-03-25T15:22:13+00:00","dateModified":"2024-08-08T11:12:34+00:00","breadcrumb":{"@id":"https:\/\/datingsnob.com\/pl\/cookie-policy\/#breadcrumb"},"inLanguage":"pl-PL","potentialAction":[{"@type":"ReadAction","target":["https:\/\/datingsnob.com\/pl\/cookie-policy\/"]}]},{"@type":"BreadcrumbList","@id":"https:\/\/datingsnob.com\/pl\/cookie-policy\/#breadcrumb","itemListElement":[{"@type":"ListItem","position":1,"name":"Home","item":"https:\/\/datingsnob.com\/pl\/"},{"@type":"ListItem","position":2,"name":"Polityka cookies"}]},{"@type":"WebSite","@id":"https:\/\/datingsnob.com\/pl\/#website","url":"https:\/\/datingsnob.com\/pl\/","name":"DatingSnob Polska","description":"Recenzje u\u017cytkownik\u00f3w polskich serwis\u00f3w randkowych","publisher":{"@id":"https:\/\/datingsnob.com\/pl\/#organization"},"potentialAction":[{"@type":"SearchAction","target":{"@type":"EntryPoint","urlTemplate":"https:\/\/datingsnob.com\/pl\/?s={search_term_string}"},"query-input":"required name=search_term_string"}],"inLanguage":"pl-PL"},{"@type":"Organization","@id":"https:\/\/datingsnob.com\/pl\/#organization","name":"DatingSnob Polska","url":"https:\/\/datingsnob.com\/pl\/","logo":{"@type":"ImageObject","inLanguage":"pl-PL","@id":"https:\/\/datingsnob.com\/pl\/#\/schema\/logo\/image\/","url":"https:\/\/datingsnob.com\/pl\/wp-content\/uploads\/sites\/20\/2024\/07\/DatingSnobMainLogo-1.svg","contentUrl":"https:\/\/datingsnob.com\/pl\/wp-content\/uploads\/sites\/20\/2024\/07\/DatingSnobMainLogo-1.svg","width":269,"height":50,"caption":"DatingSnob Polska"},"image":{"@id":"https:\/\/datingsnob.com\/pl\/#\/schema\/logo\/image\/"}}]}},"_links":{"self":[{"href":"https:\/\/datingsnob.com\/pl\/wp-json\/wp\/v2\/pages\/258","targetHints":{"allow":["GET"]}}],"collection":[{"href":"https:\/\/datingsnob.com\/pl\/wp-json\/wp\/v2\/pages"}],"about":[{"href":"https:\/\/datingsnob.com\/pl\/wp-json\/wp\/v2\/types\/page"}],"author":[{"embeddable":true,"href":"https:\/\/datingsnob.com\/pl\/wp-json\/wp\/v2\/users\/4"}],"replies":[{"embeddable":true,"href":"https:\/\/datingsnob.com\/pl\/wp-json\/wp\/v2\/comments?post=258"}],"version-history":[{"count":2,"href":"https:\/\/datingsnob.com\/pl\/wp-json\/wp\/v2\/pages\/258\/revisions"}],"predecessor-version":[{"id":26559,"href":"https:\/\/datingsnob.com\/pl\/wp-json\/wp\/v2\/pages\/258\/revisions\/26559"}],"wp:attachment":[{"href":"https:\/\/datingsnob.com\/pl\/wp-json\/wp\/v2\/media?parent=258"}],"curies":[{"name":"wp","href":"https:\/\/api.w.org\/{rel}","templated":true}]}}