{"id":258,"date":"2020-03-25T15:22:13","date_gmt":"2020-03-25T15:22:13","guid":{"rendered":"https:\/\/www.xbitlabs.com\/?page_id=258"},"modified":"2024-08-08T07:35:37","modified_gmt":"2024-08-08T07:35:37","slug":"cookie-policy","status":"publish","type":"page","link":"https:\/\/datingsnob.com\/no\/cookie-policy\/","title":{"rendered":"Retningslinjer for cookies"},"content":{"rendered":"\n<p>Vi bruker informasjonskapsler for \u00e5 forbedre din opplevelse av nettstedet v\u00e5rt p\u00e5 <a href=\"https:\/\/www.datingsnob.com\/no\">https:\/\/www.datingsnob.com.<\/a> Denne cookie-policyen er en del av DatingSnobs <a href=\"\/no\/privacy-policy\/\" target=\"_blank\" rel=\"noreferrer noopener\">personvernpolicy<\/a>. Den dekker bruken av informasjonskapsler mellom din enhet og nettstedet v\u00e5rt.<\/p>\n\n\n\n<p>Vi gir ogs\u00e5 grunnleggende informasjon om tredjepartstjenester som vi kan bruke, og som ogs\u00e5 kan bruke informasjonskapsler som en del av sine tjenester. Denne erkl\u00e6ringen dekker ikke deres informasjonskapsler.<\/p>\n\n\n\n<p>Hvis du ikke \u00f8nsker \u00e5 godta informasjonskapsler fra oss, b\u00f8r du instruere nettleseren din til \u00e5 nekte informasjonskapsler fra <a href=\"https:\/\/www.datingsnob.com\/no\">https:\/\/www.datingsnob.com.<\/a> I s\u00e5 fall kan det hende at vi ikke kan tilby deg noe av det innholdet og de tjenestene du \u00f8nsker.<\/p>\n\n\n\n<h2 class=\"wp-block-heading\">Hva er en informasjonskapsel?<\/h2>\n\n\n\n<p>En informasjonskapsel er en liten bit data som et nettsted lagrer p\u00e5 enheten din n\u00e5r du bes\u00f8ker nettstedet. Den inneholder vanligvis informasjon om selve nettstedet, en unik identifikator som gj\u00f8r at nettstedet kan gjenkjenne nettleseren din n\u00e5r du kommer tilbake, tilleggsdata som tjener informasjonskapselens form\u00e5l, og selve informasjonskapselens levetid.<\/p>\n\n\n\n<p>Informasjonskapsler brukes til \u00e5 aktivere visse funksjoner (f.eks. innlogging), spore bruken av nettstedet (f.eks. analyser), lagre brukerinnstillingene dine (f.eks. tidssone, varslingspreferanser) og til \u00e5 tilpasse innholdet ditt (f.eks. reklame, spr\u00e5k).<\/p>\n\n\n\n<p>Informasjonskapsler som settes av nettstedet du bes\u00f8ker, kalles vanligvis f\u00f8rsteparts informasjonskapsler. De sporer vanligvis bare aktiviteten din p\u00e5 det aktuelle nettstedet.<\/p>\n\n\n\n<p>Informasjonskapsler som settes av andre nettsteder og selskaper (dvs. tredjeparter), kalles tredjepartsinformasjonskapsler. De kan brukes til \u00e5 spore deg p\u00e5 andre nettsteder som bruker den samme tredjepartstjenesten.<\/p>\n\n\n\n<h2 class=\"wp-block-heading\">Typer informasjonskapsler og hvordan vi bruker dem<\/h2>\n\n\n\n<h3 class=\"wp-block-heading\">Viktige informasjonskapsler<\/h3>\n\n\n\n<p>Viktige informasjonskapsler er avgj\u00f8rende for din opplevelse av et nettsted, og muliggj\u00f8r kjernefunksjoner som brukerinnlogging, kontoadministrasjon, handlekurver og betalingsbehandling.<\/p>\n\n\n\n<p>Vi bruker viktige informasjonskapsler for \u00e5 aktivere visse funksjoner p\u00e5 nettstedet v\u00e5rt.<\/p>\n\n\n\n<h3 class=\"wp-block-heading\">Informasjonskapsler for ytelse<\/h3>\n\n\n\n<p>Informasjonskapsler for ytelse sporer hvordan du bruker et nettsted under bes\u00f8ket ditt. Denne informasjonen er vanligvis anonym og aggregert, og spores p\u00e5 tvers av alle brukere av nettstedet. De hjelper bedrifter med \u00e5 forst\u00e5 bruksm\u00f8nstrene til bes\u00f8kende, identifisere og diagnostisere problemer eller feil som brukerne kan st\u00f8te p\u00e5, og ta bedre strategiske beslutninger for \u00e5 forbedre publikums generelle opplevelse av nettstedet. Disse informasjonskapslene kan settes av nettstedet du bes\u00f8ker (f\u00f8rstepart) eller av tredjepartstjenester. De samler ikke inn personlig informasjon om deg.<\/p>\n\n\n\n<p>Vi bruker informasjonskapsler for ytelse p\u00e5 nettstedet v\u00e5rt.<\/p>\n\n\n\n<h3 class=\"wp-block-heading\">Informasjonskapsler for funksjonalitet<\/h3>\n\n\n\n<p>Funksjonalitetskapsler brukes til \u00e5 samle inn informasjon om enheten din og eventuelle innstillinger du konfigurerer p\u00e5 nettstedet du bes\u00f8ker (for eksempel innstillinger for spr\u00e5k og tidssone). Med denne informasjonen kan nettsteder gi deg tilpasset, forbedret eller optimalisert innhold og tjenester. Disse informasjonskapslene kan settes av nettstedet du bes\u00f8ker (f\u00f8rstepart) eller av tredjepartstjenester.<\/p>\n\n\n\n<p>Vi bruker funksjonalitetskapsler for utvalgte funksjoner p\u00e5 nettstedet v\u00e5rt.<\/p>\n\n\n\n<h3 class=\"wp-block-heading\">Informasjonskapsler for m\u00e5lretting\/annonsering<\/h3>\n\n\n\n<p>Informasjonskapsler for m\u00e5lretting\/annonsering hjelper oss med \u00e5 finne ut hvilket reklameinnhold som er mest relevant og passende for deg og dine interesser. Nettsteder kan bruke dem til \u00e5 levere m\u00e5lrettet reklame eller begrense antall ganger du ser en annonse. Dette hjelper selskaper med \u00e5 forbedre effektiviteten av kampanjene sine og kvaliteten p\u00e5 innholdet som presenteres for deg. Disse informasjonskapslene kan settes av nettstedet du bes\u00f8ker (f\u00f8rstepart) eller av tredjepartstjenester. Informasjonskapsler for m\u00e5lretting\/annonsering som er satt av tredjeparter, kan brukes til \u00e5 spore deg p\u00e5 andre nettsteder som bruker den samme tredjepartstjenesten.<\/p>\n\n\n\n<p>Vi bruker informasjonskapsler for m\u00e5lretting\/annonsering p\u00e5 nettstedet v\u00e5rt.<\/p>\n","protected":false},"excerpt":{"rendered":"<p>Vi bruker informasjonskapsler for \u00e5 forbedre din opplevelse av nettstedet v\u00e5rt p\u00e5 https:\/\/www.datingsnob.com. Denne cookie-policyen er en del av DatingSnobs personvernpolicy. Den dekker bruken av informasjonskapsler mellom din enhet og nettstedet v\u00e5rt. Vi gir ogs\u00e5 grunnleggende informasjon om tredjepartstjenester som vi kan bruke, og som ogs\u00e5 kan bruke informasjonskapsler som en del av sine tjenester. [&hellip;]<\/p>\n","protected":false},"author":4,"featured_media":0,"parent":0,"menu_order":0,"comment_status":"closed","ping_status":"closed","template":"","meta":{"inline_featured_image":false,"footnotes":""},"class_list":["post-258","page","type-page","status-publish","hentry"],"acf":[],"yoast_head":"<!-- This site is optimized with the Yoast SEO plugin v23.2 - https:\/\/yoast.com\/wordpress\/plugins\/seo\/ -->\n<title>Retningslinjer for cookies - DatingSnob Norge<\/title>\n<meta name=\"robots\" content=\"index, follow, max-snippet:-1, max-image-preview:large, max-video-preview:-1\" \/>\n<link rel=\"canonical\" href=\"https:\/\/datingsnob.com\/no\/cookie-policy\/\" \/>\n<meta property=\"og:locale\" content=\"nb_NO\" \/>\n<meta property=\"og:type\" content=\"article\" \/>\n<meta property=\"og:title\" content=\"Retningslinjer for cookies - DatingSnob Norge\" \/>\n<meta property=\"og:description\" content=\"Vi bruker informasjonskapsler for \u00e5 forbedre din opplevelse av nettstedet v\u00e5rt p\u00e5 https:\/\/www.datingsnob.com. Denne cookie-policyen er en del av DatingSnobs personvernpolicy. Den dekker bruken av informasjonskapsler mellom din enhet og nettstedet v\u00e5rt. Vi gir ogs\u00e5 grunnleggende informasjon om tredjepartstjenester som vi kan bruke, og som ogs\u00e5 kan bruke informasjonskapsler som en del av sine tjenester. [&hellip;]\" \/>\n<meta property=\"og:url\" content=\"https:\/\/datingsnob.com\/no\/cookie-policy\/\" \/>\n<meta property=\"og:site_name\" content=\"DatingSnob Norge\" \/>\n<meta property=\"article:modified_time\" content=\"2024-08-08T07:35:37+00:00\" \/>\n<meta name=\"twitter:card\" content=\"summary_large_image\" \/>\n<meta name=\"twitter:label1\" content=\"Ansl. lesetid\" \/>\n\t<meta name=\"twitter:data1\" content=\"3 minutter\" \/>\n<script type=\"application\/ld+json\" class=\"yoast-schema-graph\">{\"@context\":\"https:\/\/schema.org\",\"@graph\":[{\"@type\":\"WebPage\",\"@id\":\"https:\/\/datingsnob.com\/no\/cookie-policy\/\",\"url\":\"https:\/\/datingsnob.com\/no\/cookie-policy\/\",\"name\":\"Retningslinjer for cookies - DatingSnob Norge\",\"isPartOf\":{\"@id\":\"https:\/\/datingsnob.com\/no\/#website\"},\"datePublished\":\"2020-03-25T15:22:13+00:00\",\"dateModified\":\"2024-08-08T07:35:37+00:00\",\"breadcrumb\":{\"@id\":\"https:\/\/datingsnob.com\/no\/cookie-policy\/#breadcrumb\"},\"inLanguage\":\"nb-NO\",\"potentialAction\":[{\"@type\":\"ReadAction\",\"target\":[\"https:\/\/datingsnob.com\/no\/cookie-policy\/\"]}]},{\"@type\":\"BreadcrumbList\",\"@id\":\"https:\/\/datingsnob.com\/no\/cookie-policy\/#breadcrumb\",\"itemListElement\":[{\"@type\":\"ListItem\",\"position\":1,\"name\":\"Home\",\"item\":\"https:\/\/datingsnob.com\/no\/\"},{\"@type\":\"ListItem\",\"position\":2,\"name\":\"Retningslinjer for cookies\"}]},{\"@type\":\"WebSite\",\"@id\":\"https:\/\/datingsnob.com\/no\/#website\",\"url\":\"https:\/\/datingsnob.com\/no\/\",\"name\":\"DatingSnob Norge\",\"description\":\"Brukeranmeldelser av norske datingtjenester\",\"publisher\":{\"@id\":\"https:\/\/datingsnob.com\/no\/#organization\"},\"potentialAction\":[{\"@type\":\"SearchAction\",\"target\":{\"@type\":\"EntryPoint\",\"urlTemplate\":\"https:\/\/datingsnob.com\/no\/?s={search_term_string}\"},\"query-input\":\"required name=search_term_string\"}],\"inLanguage\":\"nb-NO\"},{\"@type\":\"Organization\",\"@id\":\"https:\/\/datingsnob.com\/no\/#organization\",\"name\":\"DatingSnob Norge\",\"url\":\"https:\/\/datingsnob.com\/no\/\",\"logo\":{\"@type\":\"ImageObject\",\"inLanguage\":\"nb-NO\",\"@id\":\"https:\/\/datingsnob.com\/no\/#\/schema\/logo\/image\/\",\"url\":\"https:\/\/datingsnob.com\/no\/wp-content\/uploads\/sites\/19\/2024\/07\/DatingSnobMainLogo-1.svg\",\"contentUrl\":\"https:\/\/datingsnob.com\/no\/wp-content\/uploads\/sites\/19\/2024\/07\/DatingSnobMainLogo-1.svg\",\"width\":269,\"height\":50,\"caption\":\"DatingSnob Norge\"},\"image\":{\"@id\":\"https:\/\/datingsnob.com\/no\/#\/schema\/logo\/image\/\"}}]}<\/script>\n<!-- \/ Yoast SEO plugin. -->","yoast_head_json":{"title":"Retningslinjer for cookies - DatingSnob Norge","robots":{"index":"index","follow":"follow","max-snippet":"max-snippet:-1","max-image-preview":"max-image-preview:large","max-video-preview":"max-video-preview:-1"},"canonical":"https:\/\/datingsnob.com\/no\/cookie-policy\/","og_locale":"nb_NO","og_type":"article","og_title":"Retningslinjer for cookies - DatingSnob Norge","og_description":"Vi bruker informasjonskapsler for \u00e5 forbedre din opplevelse av nettstedet v\u00e5rt p\u00e5 https:\/\/www.datingsnob.com. Denne cookie-policyen er en del av DatingSnobs personvernpolicy. Den dekker bruken av informasjonskapsler mellom din enhet og nettstedet v\u00e5rt. Vi gir ogs\u00e5 grunnleggende informasjon om tredjepartstjenester som vi kan bruke, og som ogs\u00e5 kan bruke informasjonskapsler som en del av sine tjenester. [&hellip;]","og_url":"https:\/\/datingsnob.com\/no\/cookie-policy\/","og_site_name":"DatingSnob Norge","article_modified_time":"2024-08-08T07:35:37+00:00","twitter_card":"summary_large_image","twitter_misc":{"Ansl. lesetid":"3 minutter"},"schema":{"@context":"https:\/\/schema.org","@graph":[{"@type":"WebPage","@id":"https:\/\/datingsnob.com\/no\/cookie-policy\/","url":"https:\/\/datingsnob.com\/no\/cookie-policy\/","name":"Retningslinjer for cookies - DatingSnob Norge","isPartOf":{"@id":"https:\/\/datingsnob.com\/no\/#website"},"datePublished":"2020-03-25T15:22:13+00:00","dateModified":"2024-08-08T07:35:37+00:00","breadcrumb":{"@id":"https:\/\/datingsnob.com\/no\/cookie-policy\/#breadcrumb"},"inLanguage":"nb-NO","potentialAction":[{"@type":"ReadAction","target":["https:\/\/datingsnob.com\/no\/cookie-policy\/"]}]},{"@type":"BreadcrumbList","@id":"https:\/\/datingsnob.com\/no\/cookie-policy\/#breadcrumb","itemListElement":[{"@type":"ListItem","position":1,"name":"Home","item":"https:\/\/datingsnob.com\/no\/"},{"@type":"ListItem","position":2,"name":"Retningslinjer for cookies"}]},{"@type":"WebSite","@id":"https:\/\/datingsnob.com\/no\/#website","url":"https:\/\/datingsnob.com\/no\/","name":"DatingSnob Norge","description":"Brukeranmeldelser av norske datingtjenester","publisher":{"@id":"https:\/\/datingsnob.com\/no\/#organization"},"potentialAction":[{"@type":"SearchAction","target":{"@type":"EntryPoint","urlTemplate":"https:\/\/datingsnob.com\/no\/?s={search_term_string}"},"query-input":"required name=search_term_string"}],"inLanguage":"nb-NO"},{"@type":"Organization","@id":"https:\/\/datingsnob.com\/no\/#organization","name":"DatingSnob Norge","url":"https:\/\/datingsnob.com\/no\/","logo":{"@type":"ImageObject","inLanguage":"nb-NO","@id":"https:\/\/datingsnob.com\/no\/#\/schema\/logo\/image\/","url":"https:\/\/datingsnob.com\/no\/wp-content\/uploads\/sites\/19\/2024\/07\/DatingSnobMainLogo-1.svg","contentUrl":"https:\/\/datingsnob.com\/no\/wp-content\/uploads\/sites\/19\/2024\/07\/DatingSnobMainLogo-1.svg","width":269,"height":50,"caption":"DatingSnob Norge"},"image":{"@id":"https:\/\/datingsnob.com\/no\/#\/schema\/logo\/image\/"}}]}},"_links":{"self":[{"href":"https:\/\/datingsnob.com\/no\/wp-json\/wp\/v2\/pages\/258","targetHints":{"allow":["GET"]}}],"collection":[{"href":"https:\/\/datingsnob.com\/no\/wp-json\/wp\/v2\/pages"}],"about":[{"href":"https:\/\/datingsnob.com\/no\/wp-json\/wp\/v2\/types\/page"}],"author":[{"embeddable":true,"href":"https:\/\/datingsnob.com\/no\/wp-json\/wp\/v2\/users\/4"}],"replies":[{"embeddable":true,"href":"https:\/\/datingsnob.com\/no\/wp-json\/wp\/v2\/comments?post=258"}],"version-history":[{"count":2,"href":"https:\/\/datingsnob.com\/no\/wp-json\/wp\/v2\/pages\/258\/revisions"}],"predecessor-version":[{"id":26560,"href":"https:\/\/datingsnob.com\/no\/wp-json\/wp\/v2\/pages\/258\/revisions\/26560"}],"wp:attachment":[{"href":"https:\/\/datingsnob.com\/no\/wp-json\/wp\/v2\/media?parent=258"}],"curies":[{"name":"wp","href":"https:\/\/api.w.org\/{rel}","templated":true}]}}