{"id":29,"date":"2020-02-01T10:32:11","date_gmt":"2020-02-01T10:32:11","guid":{"rendered":"https:\/\/www.xbitlabs.com\/?page_id=29"},"modified":"2024-08-07T19:27:29","modified_gmt":"2024-08-07T19:27:29","slug":"terms-of-service","status":"publish","type":"page","link":"https:\/\/datingsnob.com\/it\/terms-of-service\/","title":{"rendered":"Termini di servizio"},"content":{"rendered":"\n<p>I presenti Termini di servizio regolano l&#8217;utilizzo del sito web <a href=\"https:\/\/www.datingsnob.com\/\">https:\/\/www.datingsnob.com<\/a> e di tutti i servizi correlati forniti da DatingSnob.<\/p>\n\n\n\n<p>Accedendo a https:\/\/www.datingsnob.com, l&#8217;utente accetta di rispettare i presenti Termini di servizio e di osservare tutte le leggi e le normative vigenti. Se non siete d&#8217;accordo con questi Termini di Servizio, vi \u00e8 vietato utilizzare o accedere a questo sito web o utilizzare qualsiasi altro servizio fornito da DatingSnob.<\/p>\n\n\n\n<p>Noi, DatingSnob, ci riserviamo il diritto di rivedere e modificare i presenti Termini di servizio a nostra esclusiva discrezione. In tal caso, aggiorneremo questa pagina. Qualsiasi modifica a questi Termini di servizio avr\u00e0 effetto immediato dalla data di pubblicazione.<\/p>\n\n\n\n<p>I presenti Termini di servizio sono stati aggiornati l&#8217;ultima volta il 17 luglio 2024.<\/p>\n\n\n\n<h2 class=\"wp-block-heading\">Limitazioni d&#8217;uso<\/h2>\n\n\n\n<p>Utilizzando questo sito web, l&#8217;utente garantisce a nome suo, dei suoi utenti e di altre parti che non lo far\u00e0:<\/p>\n\n\n\n<ol start=\"1\" class=\"wp-block-list\">\n<li>modificare, copiare, preparare opere derivate, decompilare o decodificare qualsiasi materiale e software contenuto in questo sito web;<\/li>\n\n\n\n<li>rimuovere qualsiasi copyright o altra notazione proprietaria da qualsiasi materiale e software presente su questo sito web;<\/li>\n\n\n\n<li>trasferire i materiali a un&#8217;altra persona o &#8220;rispecchiare&#8221; i materiali su qualsiasi altro server;<\/li>\n\n\n\n<li>utilizzare consapevolmente o per negligenza questo sito web o uno qualsiasi dei suoi servizi associati in modo da abusare o interrompere le nostre reti o qualsiasi altro servizio fornito da DatingSnob;<\/li>\n\n\n\n<li>utilizzare questo sito web o i suoi servizi associati per trasmettere o pubblicare materiale molesto, indecente, osceno, fraudolento o illegale;<\/li>\n\n\n\n<li>utilizzare questo sito web o i suoi servizi associati in violazione di qualsiasi legge o regolamento applicabile;<\/li>\n\n\n\n<li>utilizzare questo sito web per l&#8217;invio di pubblicit\u00e0 non autorizzata o di spam;<\/li>\n\n\n\n<li>raccogliere, collezionare o raccogliere i dati dell&#8217;utente senza il suo consenso; oppure<\/li>\n\n\n\n<li>utilizzare questo sito web o i suoi servizi associati in modo tale da violare la privacy, i diritti di propriet\u00e0 intellettuale o altri diritti di terzi.<\/li>\n<\/ol>\n\n\n\n<h2 class=\"wp-block-heading\">Propriet\u00e0 intellettuale<\/h2>\n\n\n\n<p>La propriet\u00e0 intellettuale dei materiali contenuti in questo sito web \u00e8 di propriet\u00e0 o concessa in licenza a DatingSnob ed \u00e8 protetta dalle leggi sul copyright e sui marchi di fabbrica. Concediamo ai nostri utenti il permesso di scaricare una copia dei materiali per uso personale e transitorio non commerciale.<\/p>\n\n\n\n<p>Questo costituisce la concessione di una licenza, non un trasferimento di propriet\u00e0. Questa licenza termina automaticamente se l&#8217;utente viola una qualsiasi di queste restrizioni o i Termini del Servizio, e pu\u00f2 essere terminata da DatingSnob in qualsiasi momento.<\/p>\n\n\n\n<h2 class=\"wp-block-heading\">Contenuti generati dagli utenti<\/h2>\n\n\n\n<p>L&#8217;utente conserva i diritti di propriet\u00e0 intellettuale sui contenuti che ci invia per la pubblicazione sul nostro sito web. Non rivendicheremo mai la propriet\u00e0 dei vostri contenuti, ma richiediamo una licenza da parte vostra per poterli utilizzare.<\/p>\n\n\n\n<p>Quando utilizzate il nostro sito web o i suoi servizi associati per pubblicare, caricare, condividere o trasmettere in altro modo contenuti coperti da diritti di propriet\u00e0 intellettuale, ci concedete una licenza non esclusiva, esente da royalty, trasferibile, sub-licenziabile e valida in tutto il mondo per utilizzare, distribuire, modificare, eseguire, copiare, visualizzare pubblicamente, tradurre o creare in altro modo opere derivate dei vostri contenuti in modo coerente con le vostre preferenze sulla privacy e con la nostra Informativa sulla privacy.<\/p>\n\n\n\n<p>La licenza concessa dall&#8217;utente pu\u00f2 essere revocata in qualsiasi momento cancellando il contenuto. Tuttavia, nella misura in cui noi (o i nostri partner) abbiamo utilizzato i vostri contenuti in relazione a contenuti commerciali o sponsorizzati, la licenza continuer\u00e0 fino a quando la pubblicit\u00e0 o il post in questione non saranno stati interrotti da noi. Se volete che cancelliamo tutti i vostri contenuti generati (recensioni, risposte, domande, commenti, immagini, ecc.) dovete contattarci all&#8217;indirizzo contact@datingsnob.com.<\/p>\n\n\n\n<h2 class=\"wp-block-heading\">Responsabilit\u00e0<\/h2>\n\n\n\n<p>Il nostro sito web e i materiali in esso contenuti sono forniti &#8220;cos\u00ec come sono&#8221;. Per quanto consentito dalla legge, DatingSnob non fornisce alcuna garanzia, espressa o implicita, e con la presente esclude e nega tutte le altre garanzie, incluse, senza limitazioni, garanzie implicite o condizioni di commerciabilit\u00e0, idoneit\u00e0 per un particolare scopo, o non violazione della propriet\u00e0 intellettuale, o altre violazioni dei diritti.<\/p>\n\n\n\n<p>In nessun caso DatingSnob o i suoi fornitori saranno responsabili per qualsiasi perdita consequenziale subita o sostenuta dall&#8217;utente o da terzi derivante dall&#8217;uso o dall&#8217;impossibilit\u00e0 di utilizzare questo sito web o i materiali in esso contenuti, anche nel caso in cui MyIntimacy o un suo rappresentante autorizzato sia stato informato, oralmente o per iscritto, della possibilit\u00e0 di tali danni.<\/p>\n\n\n\n<p>Nel contesto del presente contratto, il termine &#8220;perdita consequenziale&#8221; include qualsiasi perdita consequenziale, perdita indiretta, perdita di profitto reale o anticipata, perdita di benefici, perdita di entrate, perdita di affari, perdita di avviamento, perdita di opportunit\u00e0, perdita di risparmi, perdita di reputazione, perdita di utilizzo e\/o perdita o corruzione di dati, sia in base alla legge, al contratto, all&#8217;equit\u00e0, all&#8217;illecito (inclusa la negligenza), all&#8217;indennizzo o altro.<\/p>\n\n\n\n<p>Poich\u00e9 alcune giurisdizioni non consentono limitazioni di garanzie implicite o limitazioni di responsabilit\u00e0 per danni conseguenti o accidentali, tali limitazioni potrebbero non essere applicabili all&#8217;utente.<\/p>\n\n\n\n<h2 class=\"wp-block-heading\">Precisione dei materiali<\/h2>\n\n\n\n<p>I materiali presenti sul nostro sito web non sono esaustivi e sono solo a scopo informativo generale. DatingSnob non garantisce n\u00e9 rilascia alcuna dichiarazione in merito all&#8217;accuratezza, ai risultati probabili o all&#8217;affidabilit\u00e0 dell&#8217;uso dei materiali presenti su questo sito web, o altrimenti relativi a tali materiali o a qualsiasi risorsa collegata a questo sito web.<\/p>\n\n\n\n<h2 class=\"wp-block-heading\">Collegamenti<\/h2>\n\n\n\n<p>DatingSnob non ha esaminato tutti i siti collegati al proprio sito web e non \u00e8 responsabile dei contenuti di tali siti collegati. L&#8217;inclusione di qualsiasi link non implica l&#8217;approvazione o il controllo del sito da parte di DatingSnob. L&#8217;utilizzo di tali siti collegati \u00e8 a vostro rischio e pericolo e vi consigliamo vivamente di effettuare le vostre indagini sull&#8217;idoneit\u00e0 di tali siti.<\/p>\n\n\n\n<h2 class=\"wp-block-heading\">Diritto di recesso<\/h2>\n\n\n\n<p>Possiamo sospendere o interrompere il diritto dell&#8217;utente di utilizzare il nostro sito web e terminare i presenti Termini di servizio immediatamente, previa comunicazione scritta all&#8217;utente, per qualsiasi violazione dei presenti Termini di servizio.<\/p>\n\n\n\n<h2 class=\"wp-block-heading\">Severance<\/h2>\n\n\n\n<p>Qualsiasi termine dei presenti Termini di servizio che sia in tutto o in parte nullo o inapplicabile viene eliminato nella misura in cui \u00e8 nullo o inapplicabile. La validit\u00e0 del resto dei presenti Termini di servizio non \u00e8 pregiudicata.<\/p>\n\n\n\n<h2 class=\"wp-block-heading\">Legge applicabile<\/h2>\n\n\n\n<p>I presenti Termini di servizio sono disciplinati e interpretati in conformit\u00e0 alle leggi degli Stati Uniti. L&#8217;utente si sottopone irrevocabilmente alla giurisdizione esclusiva dei tribunali di tale Stato o localit\u00e0.<\/p>\n","protected":false},"excerpt":{"rendered":"<p>I presenti Termini di servizio regolano l&#8217;utilizzo del sito web https:\/\/www.datingsnob.com e di tutti i servizi correlati forniti da DatingSnob. Accedendo a https:\/\/www.datingsnob.com, l&#8217;utente accetta di rispettare i presenti Termini di servizio e di osservare tutte le leggi e le normative vigenti. Se non siete d&#8217;accordo con questi Termini di Servizio, vi \u00e8 vietato utilizzare [&hellip;]<\/p>\n","protected":false},"author":4,"featured_media":0,"parent":0,"menu_order":0,"comment_status":"closed","ping_status":"closed","template":"","meta":{"inline_featured_image":false,"footnotes":""},"class_list":["post-29","page","type-page","status-publish","hentry"],"acf":[],"yoast_head":"<!-- This site is optimized with the Yoast SEO plugin v23.2 - https:\/\/yoast.com\/wordpress\/plugins\/seo\/ -->\n<title>Termini di servizio - DatingSnob Italia<\/title>\n<meta name=\"robots\" content=\"index, follow, max-snippet:-1, max-image-preview:large, max-video-preview:-1\" \/>\n<link rel=\"canonical\" href=\"https:\/\/datingsnob.com\/it\/terms-of-service\/\" \/>\n<meta property=\"og:locale\" content=\"it_IT\" \/>\n<meta property=\"og:type\" content=\"article\" \/>\n<meta property=\"og:title\" content=\"Termini di servizio - DatingSnob Italia\" \/>\n<meta property=\"og:description\" content=\"I presenti Termini di servizio regolano l&#8217;utilizzo del sito web https:\/\/www.datingsnob.com e di tutti i servizi correlati forniti da DatingSnob. Accedendo a https:\/\/www.datingsnob.com, l&#8217;utente accetta di rispettare i presenti Termini di servizio e di osservare tutte le leggi e le normative vigenti. Se non siete d&#8217;accordo con questi Termini di Servizio, vi \u00e8 vietato utilizzare [&hellip;]\" \/>\n<meta property=\"og:url\" content=\"https:\/\/datingsnob.com\/it\/terms-of-service\/\" \/>\n<meta property=\"og:site_name\" content=\"DatingSnob Italia\" \/>\n<meta property=\"article:modified_time\" content=\"2024-08-07T19:27:29+00:00\" \/>\n<meta name=\"twitter:card\" content=\"summary_large_image\" \/>\n<meta name=\"twitter:label1\" content=\"Tempo di lettura stimato\" \/>\n\t<meta name=\"twitter:data1\" content=\"6 minuti\" \/>\n<script type=\"application\/ld+json\" class=\"yoast-schema-graph\">{\"@context\":\"https:\/\/schema.org\",\"@graph\":[{\"@type\":\"WebPage\",\"@id\":\"https:\/\/datingsnob.com\/it\/terms-of-service\/\",\"url\":\"https:\/\/datingsnob.com\/it\/terms-of-service\/\",\"name\":\"Termini di servizio - DatingSnob Italia\",\"isPartOf\":{\"@id\":\"https:\/\/datingsnob.com\/it\/#website\"},\"datePublished\":\"2020-02-01T10:32:11+00:00\",\"dateModified\":\"2024-08-07T19:27:29+00:00\",\"breadcrumb\":{\"@id\":\"https:\/\/datingsnob.com\/it\/terms-of-service\/#breadcrumb\"},\"inLanguage\":\"it-IT\",\"potentialAction\":[{\"@type\":\"ReadAction\",\"target\":[\"https:\/\/datingsnob.com\/it\/terms-of-service\/\"]}]},{\"@type\":\"BreadcrumbList\",\"@id\":\"https:\/\/datingsnob.com\/it\/terms-of-service\/#breadcrumb\",\"itemListElement\":[{\"@type\":\"ListItem\",\"position\":1,\"name\":\"Home\",\"item\":\"https:\/\/datingsnob.com\/it\/\"},{\"@type\":\"ListItem\",\"position\":2,\"name\":\"Termini di servizio\"}]},{\"@type\":\"WebSite\",\"@id\":\"https:\/\/datingsnob.com\/it\/#website\",\"url\":\"https:\/\/datingsnob.com\/it\/\",\"name\":\"DatingSnob Italia\",\"description\":\"Recensioni degli utenti sui servizi di incontri\",\"publisher\":{\"@id\":\"https:\/\/datingsnob.com\/it\/#organization\"},\"potentialAction\":[{\"@type\":\"SearchAction\",\"target\":{\"@type\":\"EntryPoint\",\"urlTemplate\":\"https:\/\/datingsnob.com\/it\/?s={search_term_string}\"},\"query-input\":\"required name=search_term_string\"}],\"inLanguage\":\"it-IT\"},{\"@type\":\"Organization\",\"@id\":\"https:\/\/datingsnob.com\/it\/#organization\",\"name\":\"DatingSnob Italia\",\"url\":\"https:\/\/datingsnob.com\/it\/\",\"logo\":{\"@type\":\"ImageObject\",\"inLanguage\":\"it-IT\",\"@id\":\"https:\/\/datingsnob.com\/it\/#\/schema\/logo\/image\/\",\"url\":\"https:\/\/datingsnob.com\/it\/wp-content\/uploads\/sites\/8\/2024\/07\/DatingSnobMainLogo-1.svg\",\"contentUrl\":\"https:\/\/datingsnob.com\/it\/wp-content\/uploads\/sites\/8\/2024\/07\/DatingSnobMainLogo-1.svg\",\"width\":269,\"height\":50,\"caption\":\"DatingSnob Italia\"},\"image\":{\"@id\":\"https:\/\/datingsnob.com\/it\/#\/schema\/logo\/image\/\"}}]}<\/script>\n<!-- \/ Yoast SEO plugin. -->","yoast_head_json":{"title":"Termini di servizio - DatingSnob Italia","robots":{"index":"index","follow":"follow","max-snippet":"max-snippet:-1","max-image-preview":"max-image-preview:large","max-video-preview":"max-video-preview:-1"},"canonical":"https:\/\/datingsnob.com\/it\/terms-of-service\/","og_locale":"it_IT","og_type":"article","og_title":"Termini di servizio - DatingSnob Italia","og_description":"I presenti Termini di servizio regolano l&#8217;utilizzo del sito web https:\/\/www.datingsnob.com e di tutti i servizi correlati forniti da DatingSnob. Accedendo a https:\/\/www.datingsnob.com, l&#8217;utente accetta di rispettare i presenti Termini di servizio e di osservare tutte le leggi e le normative vigenti. Se non siete d&#8217;accordo con questi Termini di Servizio, vi \u00e8 vietato utilizzare [&hellip;]","og_url":"https:\/\/datingsnob.com\/it\/terms-of-service\/","og_site_name":"DatingSnob Italia","article_modified_time":"2024-08-07T19:27:29+00:00","twitter_card":"summary_large_image","twitter_misc":{"Tempo di lettura stimato":"6 minuti"},"schema":{"@context":"https:\/\/schema.org","@graph":[{"@type":"WebPage","@id":"https:\/\/datingsnob.com\/it\/terms-of-service\/","url":"https:\/\/datingsnob.com\/it\/terms-of-service\/","name":"Termini di servizio - DatingSnob Italia","isPartOf":{"@id":"https:\/\/datingsnob.com\/it\/#website"},"datePublished":"2020-02-01T10:32:11+00:00","dateModified":"2024-08-07T19:27:29+00:00","breadcrumb":{"@id":"https:\/\/datingsnob.com\/it\/terms-of-service\/#breadcrumb"},"inLanguage":"it-IT","potentialAction":[{"@type":"ReadAction","target":["https:\/\/datingsnob.com\/it\/terms-of-service\/"]}]},{"@type":"BreadcrumbList","@id":"https:\/\/datingsnob.com\/it\/terms-of-service\/#breadcrumb","itemListElement":[{"@type":"ListItem","position":1,"name":"Home","item":"https:\/\/datingsnob.com\/it\/"},{"@type":"ListItem","position":2,"name":"Termini di servizio"}]},{"@type":"WebSite","@id":"https:\/\/datingsnob.com\/it\/#website","url":"https:\/\/datingsnob.com\/it\/","name":"DatingSnob Italia","description":"Recensioni degli utenti sui servizi di incontri","publisher":{"@id":"https:\/\/datingsnob.com\/it\/#organization"},"potentialAction":[{"@type":"SearchAction","target":{"@type":"EntryPoint","urlTemplate":"https:\/\/datingsnob.com\/it\/?s={search_term_string}"},"query-input":"required name=search_term_string"}],"inLanguage":"it-IT"},{"@type":"Organization","@id":"https:\/\/datingsnob.com\/it\/#organization","name":"DatingSnob Italia","url":"https:\/\/datingsnob.com\/it\/","logo":{"@type":"ImageObject","inLanguage":"it-IT","@id":"https:\/\/datingsnob.com\/it\/#\/schema\/logo\/image\/","url":"https:\/\/datingsnob.com\/it\/wp-content\/uploads\/sites\/8\/2024\/07\/DatingSnobMainLogo-1.svg","contentUrl":"https:\/\/datingsnob.com\/it\/wp-content\/uploads\/sites\/8\/2024\/07\/DatingSnobMainLogo-1.svg","width":269,"height":50,"caption":"DatingSnob Italia"},"image":{"@id":"https:\/\/datingsnob.com\/it\/#\/schema\/logo\/image\/"}}]}},"_links":{"self":[{"href":"https:\/\/datingsnob.com\/it\/wp-json\/wp\/v2\/pages\/29","targetHints":{"allow":["GET"]}}],"collection":[{"href":"https:\/\/datingsnob.com\/it\/wp-json\/wp\/v2\/pages"}],"about":[{"href":"https:\/\/datingsnob.com\/it\/wp-json\/wp\/v2\/types\/page"}],"author":[{"embeddable":true,"href":"https:\/\/datingsnob.com\/it\/wp-json\/wp\/v2\/users\/4"}],"replies":[{"embeddable":true,"href":"https:\/\/datingsnob.com\/it\/wp-json\/wp\/v2\/comments?post=29"}],"version-history":[{"count":3,"href":"https:\/\/datingsnob.com\/it\/wp-json\/wp\/v2\/pages\/29\/revisions"}],"predecessor-version":[{"id":26565,"href":"https:\/\/datingsnob.com\/it\/wp-json\/wp\/v2\/pages\/29\/revisions\/26565"}],"wp:attachment":[{"href":"https:\/\/datingsnob.com\/it\/wp-json\/wp\/v2\/media?parent=29"}],"curies":[{"name":"wp","href":"https:\/\/api.w.org\/{rel}","templated":true}]}}