{"id":26502,"date":"2024-07-20T09:21:05","date_gmt":"2024-07-20T09:21:05","guid":{"rendered":"https:\/\/datingsnob.com\/hu\/?page_id=26502"},"modified":"2024-08-13T20:01:10","modified_gmt":"2024-08-13T20:01:10","slug":"home","status":"publish","type":"page","link":"https:\/\/datingsnob.com\/hu\/","title":{"rendered":"Home"},"content":{"rendered":"","protected":false},"excerpt":{"rendered":"","protected":false},"author":4,"featured_media":0,"parent":0,"menu_order":0,"comment_status":"closed","ping_status":"closed","template":"template-home-page.php","meta":{"inline_featured_image":false,"footnotes":""},"class_list":["post-26502","page","type-page","status-publish","hentry"],"acf":[],"yoast_head":"<!-- This site is optimized with the Yoast SEO plugin v23.2 - https:\/\/yoast.com\/wordpress\/plugins\/seo\/ -->\n<title>DatingSnob - Magyar t\u00e1rskeres\u0151 szolg\u00e1ltat\u00e1sok \u00e9rt\u00e9kel\u00e9sei<\/title>\n<meta name=\"description\" content=\"A DatingSnob c\u00e9lja, hogy seg\u00edtsen kiv\u00e1lasztani egy j\u00f3 t\u00e1rskeres\u0151 szolg\u00e1ltat\u00e1st az \u00d6nh\u00f6z hasonl\u00f3 felhaszn\u00e1l\u00f3k elfogulatlan v\u00e9lem\u00e9nye alapj\u00e1n.\" \/>\n<meta name=\"robots\" content=\"index, follow, max-snippet:-1, max-image-preview:large, max-video-preview:-1\" \/>\n<link rel=\"canonical\" href=\"https:\/\/datingsnob.com\/hu\/\" \/>\n<meta property=\"og:locale\" content=\"hu_HU\" \/>\n<meta property=\"og:type\" content=\"article\" \/>\n<meta property=\"og:title\" content=\"DatingSnob - Magyar t\u00e1rskeres\u0151 szolg\u00e1ltat\u00e1sok \u00e9rt\u00e9kel\u00e9sei\" \/>\n<meta property=\"og:description\" content=\"A DatingSnob c\u00e9lja, hogy seg\u00edtsen kiv\u00e1lasztani egy j\u00f3 t\u00e1rskeres\u0151 szolg\u00e1ltat\u00e1st az \u00d6nh\u00f6z hasonl\u00f3 felhaszn\u00e1l\u00f3k elfogulatlan v\u00e9lem\u00e9nye alapj\u00e1n.\" \/>\n<meta property=\"og:url\" content=\"https:\/\/datingsnob.com\/hu\/\" \/>\n<meta property=\"og:site_name\" content=\"DatingSnob Ma\u010farsko\" \/>\n<meta property=\"article:modified_time\" content=\"2024-08-13T20:01:10+00:00\" \/>\n<meta name=\"twitter:card\" content=\"summary_large_image\" \/>\n<script type=\"application\/ld+json\" class=\"yoast-schema-graph\">{\"@context\":\"https:\/\/schema.org\",\"@graph\":[{\"@type\":\"WebPage\",\"@id\":\"https:\/\/datingsnob.com\/hu\/\",\"url\":\"https:\/\/datingsnob.com\/hu\/\",\"name\":\"DatingSnob - Magyar t\u00e1rskeres\u0151 szolg\u00e1ltat\u00e1sok \u00e9rt\u00e9kel\u00e9sei\",\"isPartOf\":{\"@id\":\"https:\/\/datingsnob.com\/hu\/#website\"},\"datePublished\":\"2024-07-20T09:21:05+00:00\",\"dateModified\":\"2024-08-13T20:01:10+00:00\",\"description\":\"A DatingSnob c\u00e9lja, hogy seg\u00edtsen kiv\u00e1lasztani egy j\u00f3 t\u00e1rskeres\u0151 szolg\u00e1ltat\u00e1st az \u00d6nh\u00f6z hasonl\u00f3 felhaszn\u00e1l\u00f3k elfogulatlan v\u00e9lem\u00e9nye alapj\u00e1n.\",\"breadcrumb\":{\"@id\":\"https:\/\/datingsnob.com\/hu\/#breadcrumb\"},\"inLanguage\":\"hu\",\"potentialAction\":[{\"@type\":\"ReadAction\",\"target\":[\"https:\/\/datingsnob.com\/hu\/\"]}]},{\"@type\":\"BreadcrumbList\",\"@id\":\"https:\/\/datingsnob.com\/hu\/#breadcrumb\",\"itemListElement\":[{\"@type\":\"ListItem\",\"position\":1,\"name\":\"Home\",\"item\":\"https:\/\/datingsnob.com\/hu\/\"},{\"@type\":\"ListItem\",\"position\":2,\"name\":\"Home\"}]},{\"@type\":\"WebSite\",\"@id\":\"https:\/\/datingsnob.com\/hu\/#website\",\"url\":\"https:\/\/datingsnob.com\/hu\/\",\"name\":\"DatingSnob Ma\u010farsko\",\"description\":\"Felhaszn\u00e1l\u00f3i v\u00e9lem\u00e9nyek a t\u00e1rskeres\u0151 szolg\u00e1ltat\u00e1sokr\u00f3l\",\"publisher\":{\"@id\":\"https:\/\/datingsnob.com\/hu\/#organization\"},\"potentialAction\":[{\"@type\":\"SearchAction\",\"target\":{\"@type\":\"EntryPoint\",\"urlTemplate\":\"https:\/\/datingsnob.com\/hu\/?s={search_term_string}\"},\"query-input\":\"required name=search_term_string\"}],\"inLanguage\":\"hu\"},{\"@type\":\"Organization\",\"@id\":\"https:\/\/datingsnob.com\/hu\/#organization\",\"name\":\"DatingSnob Ma\u010farsko\",\"url\":\"https:\/\/datingsnob.com\/hu\/\",\"logo\":{\"@type\":\"ImageObject\",\"inLanguage\":\"hu\",\"@id\":\"https:\/\/datingsnob.com\/hu\/#\/schema\/logo\/image\/\",\"url\":\"https:\/\/datingsnob.com\/hu\/wp-content\/uploads\/sites\/22\/2024\/07\/DatingSnobMainLogo-1.svg\",\"contentUrl\":\"https:\/\/datingsnob.com\/hu\/wp-content\/uploads\/sites\/22\/2024\/07\/DatingSnobMainLogo-1.svg\",\"width\":269,\"height\":50,\"caption\":\"DatingSnob Ma\u010farsko\"},\"image\":{\"@id\":\"https:\/\/datingsnob.com\/hu\/#\/schema\/logo\/image\/\"}}]}<\/script>\n<!-- \/ Yoast SEO plugin. -->","yoast_head_json":{"title":"DatingSnob - Magyar t\u00e1rskeres\u0151 szolg\u00e1ltat\u00e1sok \u00e9rt\u00e9kel\u00e9sei","description":"A DatingSnob c\u00e9lja, hogy seg\u00edtsen kiv\u00e1lasztani egy j\u00f3 t\u00e1rskeres\u0151 szolg\u00e1ltat\u00e1st az \u00d6nh\u00f6z hasonl\u00f3 felhaszn\u00e1l\u00f3k elfogulatlan v\u00e9lem\u00e9nye alapj\u00e1n.","robots":{"index":"index","follow":"follow","max-snippet":"max-snippet:-1","max-image-preview":"max-image-preview:large","max-video-preview":"max-video-preview:-1"},"canonical":"https:\/\/datingsnob.com\/hu\/","og_locale":"hu_HU","og_type":"article","og_title":"DatingSnob - Magyar t\u00e1rskeres\u0151 szolg\u00e1ltat\u00e1sok \u00e9rt\u00e9kel\u00e9sei","og_description":"A DatingSnob c\u00e9lja, hogy seg\u00edtsen kiv\u00e1lasztani egy j\u00f3 t\u00e1rskeres\u0151 szolg\u00e1ltat\u00e1st az \u00d6nh\u00f6z hasonl\u00f3 felhaszn\u00e1l\u00f3k elfogulatlan v\u00e9lem\u00e9nye alapj\u00e1n.","og_url":"https:\/\/datingsnob.com\/hu\/","og_site_name":"DatingSnob Ma\u010farsko","article_modified_time":"2024-08-13T20:01:10+00:00","twitter_card":"summary_large_image","schema":{"@context":"https:\/\/schema.org","@graph":[{"@type":"WebPage","@id":"https:\/\/datingsnob.com\/hu\/","url":"https:\/\/datingsnob.com\/hu\/","name":"DatingSnob - Magyar t\u00e1rskeres\u0151 szolg\u00e1ltat\u00e1sok \u00e9rt\u00e9kel\u00e9sei","isPartOf":{"@id":"https:\/\/datingsnob.com\/hu\/#website"},"datePublished":"2024-07-20T09:21:05+00:00","dateModified":"2024-08-13T20:01:10+00:00","description":"A DatingSnob c\u00e9lja, hogy seg\u00edtsen kiv\u00e1lasztani egy j\u00f3 t\u00e1rskeres\u0151 szolg\u00e1ltat\u00e1st az \u00d6nh\u00f6z hasonl\u00f3 felhaszn\u00e1l\u00f3k elfogulatlan v\u00e9lem\u00e9nye alapj\u00e1n.","breadcrumb":{"@id":"https:\/\/datingsnob.com\/hu\/#breadcrumb"},"inLanguage":"hu","potentialAction":[{"@type":"ReadAction","target":["https:\/\/datingsnob.com\/hu\/"]}]},{"@type":"BreadcrumbList","@id":"https:\/\/datingsnob.com\/hu\/#breadcrumb","itemListElement":[{"@type":"ListItem","position":1,"name":"Home","item":"https:\/\/datingsnob.com\/hu\/"},{"@type":"ListItem","position":2,"name":"Home"}]},{"@type":"WebSite","@id":"https:\/\/datingsnob.com\/hu\/#website","url":"https:\/\/datingsnob.com\/hu\/","name":"DatingSnob Ma\u010farsko","description":"Felhaszn\u00e1l\u00f3i v\u00e9lem\u00e9nyek a t\u00e1rskeres\u0151 szolg\u00e1ltat\u00e1sokr\u00f3l","publisher":{"@id":"https:\/\/datingsnob.com\/hu\/#organization"},"potentialAction":[{"@type":"SearchAction","target":{"@type":"EntryPoint","urlTemplate":"https:\/\/datingsnob.com\/hu\/?s={search_term_string}"},"query-input":"required name=search_term_string"}],"inLanguage":"hu"},{"@type":"Organization","@id":"https:\/\/datingsnob.com\/hu\/#organization","name":"DatingSnob Ma\u010farsko","url":"https:\/\/datingsnob.com\/hu\/","logo":{"@type":"ImageObject","inLanguage":"hu","@id":"https:\/\/datingsnob.com\/hu\/#\/schema\/logo\/image\/","url":"https:\/\/datingsnob.com\/hu\/wp-content\/uploads\/sites\/22\/2024\/07\/DatingSnobMainLogo-1.svg","contentUrl":"https:\/\/datingsnob.com\/hu\/wp-content\/uploads\/sites\/22\/2024\/07\/DatingSnobMainLogo-1.svg","width":269,"height":50,"caption":"DatingSnob Ma\u010farsko"},"image":{"@id":"https:\/\/datingsnob.com\/hu\/#\/schema\/logo\/image\/"}}]}},"_links":{"self":[{"href":"https:\/\/datingsnob.com\/hu\/wp-json\/wp\/v2\/pages\/26502","targetHints":{"allow":["GET"]}}],"collection":[{"href":"https:\/\/datingsnob.com\/hu\/wp-json\/wp\/v2\/pages"}],"about":[{"href":"https:\/\/datingsnob.com\/hu\/wp-json\/wp\/v2\/types\/page"}],"author":[{"embeddable":true,"href":"https:\/\/datingsnob.com\/hu\/wp-json\/wp\/v2\/users\/4"}],"replies":[{"embeddable":true,"href":"https:\/\/datingsnob.com\/hu\/wp-json\/wp\/v2\/comments?post=26502"}],"version-history":[{"count":6,"href":"https:\/\/datingsnob.com\/hu\/wp-json\/wp\/v2\/pages\/26502\/revisions"}],"predecessor-version":[{"id":27007,"href":"https:\/\/datingsnob.com\/hu\/wp-json\/wp\/v2\/pages\/26502\/revisions\/27007"}],"wp:attachment":[{"href":"https:\/\/datingsnob.com\/hu\/wp-json\/wp\/v2\/media?parent=26502"}],"curies":[{"name":"wp","href":"https:\/\/api.w.org\/{rel}","templated":true}]}}