{"id":258,"date":"2020-03-25T15:22:13","date_gmt":"2020-03-25T15:22:13","guid":{"rendered":"https:\/\/www.xbitlabs.com\/?page_id=258"},"modified":"2024-08-08T11:36:21","modified_gmt":"2024-08-08T11:36:21","slug":"cookie-policy","status":"publish","type":"page","link":"https:\/\/datingsnob.com\/hu\/cookie-policy\/","title":{"rendered":"Cookie szab\u00e1lyzat"},"content":{"rendered":"\n<p>S\u00fctiket haszn\u00e1lunk, hogy jav\u00edtsuk a <a href=\"https:\/\/www.datingsnob.com\/hu\">https:\/\/www.datingsnob.com<\/a> weboldalon szerzett tapasztalatait. Ez a s\u00fcti szab\u00e1lyzat a DatingSnob <a href=\"\/hu\/privacy-policy\/\" target=\"_blank\" rel=\"noreferrer noopener\">adatv\u00e9delmi szab\u00e1lyzat\u00e1nak<\/a> r\u00e9sze. Ez a cookie-k haszn\u00e1lat\u00e1ra vonatkozik az \u00d6n eszk\u00f6ze \u00e9s az oldalunk k\u00f6z\u00f6tt.<\/p>\n\n\n\n<p>Alapvet\u0151 inform\u00e1ci\u00f3kat adunk az \u00e1ltalunk haszn\u00e1lt harmadik f\u00e9l szolg\u00e1ltat\u00e1sair\u00f3l is, amelyek szint\u00e9n haszn\u00e1lhatnak s\u00fctiket a szolg\u00e1ltat\u00e1suk r\u00e9szek\u00e9nt. Ez a szab\u00e1lyzat nem terjed ki az \u0151 cookie-jaikra.<\/p>\n\n\n\n<p>Ha nem k\u00edv\u00e1nja elfogadni a t\u0151l\u00fcnk \u00e9rkez\u0151 s\u00fctiket, akkor a b\u00f6ng\u00e9sz\u0151j\u00e9t \u00fagy kell be\u00e1ll\u00edtania, hogy utas\u00edtsa el a <a href=\"https:\/\/www.datingsnob.com\/hu\">https:\/\/www.datingsnob.com<\/a> cookie-kat. Ebben az esetben el\u0151fordulhat, hogy nem tudjuk biztos\u00edtani \u00d6nnek a k\u00edv\u00e1nt tartalmak \u00e9s szolg\u00e1ltat\u00e1sok egy r\u00e9sz\u00e9t.<\/p>\n\n\n\n<h2 class=\"wp-block-heading\">Mi az a s\u00fcti?<\/h2>\n\n\n\n<p>A s\u00fcti egy kis adat, amelyet egy weboldal t\u00e1rol az \u00d6n eszk\u00f6z\u00e9n, amikor \u00d6n megl\u00e1togatja azt. \u00c1ltal\u00e1ban mag\u00e1ra a weboldalra vonatkoz\u00f3 inform\u00e1ci\u00f3kat tartalmaz, egy egyedi azonos\u00edt\u00f3t, amely lehet\u0151v\u00e9 teszi a weboldal sz\u00e1m\u00e1ra, hogy felismerje az \u00d6n b\u00f6ng\u00e9sz\u0151j\u00e9t, amikor visszat\u00e9r, tov\u00e1bbi adatokat, amelyek a cookie c\u00e9lj\u00e1t szolg\u00e1lj\u00e1k, valamint mag\u00e1nak a cookie-nak az \u00e9lettartam\u00e1t.<\/p>\n\n\n\n<p>A s\u00fctiket bizonyos funkci\u00f3k (pl. bejelentkez\u00e9s) enged\u00e9lyez\u00e9s\u00e9re, a webhely haszn\u00e1lat\u00e1nak nyomon k\u00f6vet\u00e9s\u00e9re (pl. analitika), az \u00d6n felhaszn\u00e1l\u00f3i be\u00e1ll\u00edt\u00e1sainak (pl. id\u0151z\u00f3na, \u00e9rtes\u00edt\u00e9si preferenci\u00e1k) t\u00e1rol\u00e1s\u00e1ra, valamint a tartalom szem\u00e9lyre szab\u00e1s\u00e1ra (pl. rekl\u00e1m, nyelv) haszn\u00e1lj\u00e1k.<\/p>\n\n\n\n<p>Az \u00d6n \u00e1ltal l\u00e1togatott weboldal \u00e1ltal be\u00e1ll\u00edtott s\u00fctiket \u00e1ltal\u00e1ban els\u0151 f\u00e9lt\u0151l sz\u00e1rmaz\u00f3 s\u00fctiknek nevezik. Ezek \u00e1ltal\u00e1ban csak az adott webhelyen v\u00e9gzett tev\u00e9kenys\u00e9g\u00e9t k\u00f6vetik nyomon.<\/p>\n\n\n\n<p>A m\u00e1s webhelyek \u00e9s v\u00e1llalatok (azaz harmadik felek) \u00e1ltal be\u00e1ll\u00edtott s\u00fctiket harmadik f\u00e9lt\u0151l sz\u00e1rmaz\u00f3 s\u00fctiknek nevezz\u00fck. Ezek seg\u00edts\u00e9g\u00e9vel nyomon k\u00f6vethetik \u00d6nt m\u00e1s webhelyeken, amelyek ugyanazt a harmadik f\u00e9lt\u0151l sz\u00e1rmaz\u00f3 szolg\u00e1ltat\u00e1st haszn\u00e1lj\u00e1k.<\/p>\n\n\n\n<h2 class=\"wp-block-heading\">A s\u00fctik t\u00edpusai \u00e9s haszn\u00e1latuk m\u00f3dja<\/h2>\n\n\n\n<h3 class=\"wp-block-heading\">L\u00e9nyeges s\u00fctik<\/h3>\n\n\n\n<p>Az alapvet\u0151 s\u00fctik elengedhetetlenek a weboldalon val\u00f3 haszn\u00e1lathoz, mivel olyan alapvet\u0151 funkci\u00f3kat tesznek lehet\u0151v\u00e9, mint a felhaszn\u00e1l\u00f3i bejelentkez\u00e9s, a fi\u00f3kkezel\u00e9s, a bev\u00e1s\u00e1rl\u00f3kosarak \u00e9s a fizet\u00e9si m\u0171veletek.<\/p>\n\n\n\n<p>Alapvet\u0151 s\u00fctiket haszn\u00e1lunk, hogy lehet\u0151v\u00e9 tegy\u00fcnk bizonyos funkci\u00f3kat a weboldalunkon.<\/p>\n\n\n\n<h3 class=\"wp-block-heading\">Teljes\u00edtm\u00e9ny s\u00fctik<\/h3>\n\n\n\n<p>A teljes\u00edtm\u00e9nys\u00fctik azt k\u00f6vetik nyomon, hogyan haszn\u00e1lja a webhelyet a l\u00e1togat\u00e1s sor\u00e1n. Ezek az inform\u00e1ci\u00f3k \u00e1ltal\u00e1ban n\u00e9vtelenek \u00e9s \u00f6sszes\u00edtettek, \u00e9s a webhely \u00f6sszes felhaszn\u00e1l\u00f3j\u00e1ra vonatkoz\u00f3 inform\u00e1ci\u00f3kat k\u00f6vetik nyomon. Seg\u00edtenek a v\u00e1llalatoknak meg\u00e9rteni a l\u00e1togat\u00f3k haszn\u00e1lati szok\u00e1sait, azonos\u00edtani \u00e9s diagnosztiz\u00e1lni a probl\u00e9m\u00e1kat vagy hib\u00e1kat, amelyekkel a felhaszn\u00e1l\u00f3k tal\u00e1lkozhatnak, \u00e9s jobb strat\u00e9giai d\u00f6nt\u00e9seket hozni a k\u00f6z\u00f6ns\u00e9g\u00fck \u00e1ltal\u00e1nos weboldal-\u00e9lm\u00e9ny\u00e9nek jav\u00edt\u00e1sa \u00e9rdek\u00e9ben. Ezeket a cookie-kat az \u00d6n \u00e1ltal l\u00e1togatott weboldal (els\u0151 f\u00e9l) vagy harmadik f\u00e9l szolg\u00e1ltat\u00e1sai \u00e1ll\u00edthatj\u00e1k be. Ezek nem gy\u0171jtenek szem\u00e9lyes adatokat \u00d6nr\u0151l.<\/p>\n\n\n\n<p>Oldalunkon teljes\u00edtm\u00e9nys\u00fctiket haszn\u00e1lunk.<\/p>\n\n\n\n<h3 class=\"wp-block-heading\">Funkcionalit\u00e1s s\u00fctik<\/h3>\n\n\n\n<p>A funkcionalit\u00e1si cookie-kat arra haszn\u00e1lj\u00e1k, hogy inform\u00e1ci\u00f3kat gy\u0171jtsenek az \u00d6n eszk\u00f6z\u00e9r\u0151l \u00e9s az \u00d6n \u00e1ltal a megl\u00e1togatott weboldalon konfigur\u00e1lt be\u00e1ll\u00edt\u00e1sokr\u00f3l (p\u00e9ld\u00e1ul a nyelvi \u00e9s id\u0151z\u00f3na be\u00e1ll\u00edt\u00e1sokr\u00f3l). Ezen inform\u00e1ci\u00f3k seg\u00edts\u00e9g\u00e9vel a webhelyek szem\u00e9lyre szabott, tov\u00e1bbfejlesztett vagy optimaliz\u00e1lt tartalmat \u00e9s szolg\u00e1ltat\u00e1sokat tudnak ny\u00fajtani \u00d6nnek. Ezeket a cookie-kat az \u00d6n \u00e1ltal l\u00e1togatott webhely (els\u0151 f\u00e9l) vagy harmadik f\u00e9l szolg\u00e1ltat\u00e1sai \u00e1ll\u00edthatj\u00e1k be.<\/p>\n\n\n\n<p>Webhely\u00fcnk\u00f6n kiv\u00e1lasztott funkci\u00f3khoz funkcion\u00e1lis s\u00fctiket haszn\u00e1lunk.<\/p>\n\n\n\n<h3 class=\"wp-block-heading\">C\u00e9lz\u00e1si\/adv ertising s\u00fctik<\/h3>\n\n\n\n<p>A c\u00e9lz\u00e1si\/hirdet\u00e9si s\u00fctik seg\u00edtenek meghat\u00e1rozni, hogy milyen prom\u00f3ci\u00f3s tartalmak a legmegfelel\u0151bbek \u00e9s a legmegfelel\u0151bbek az \u00d6n \u00e9s az \u00d6n \u00e9rdekl\u0151d\u00e9si k\u00f6re sz\u00e1m\u00e1ra. A weboldalak c\u00e9lzott rekl\u00e1mok c\u00e9lzott hirdet\u00e9sek k\u00fcld\u00e9s\u00e9re vagy a rekl\u00e1mok megjelen\u00e9s\u00e9nek korl\u00e1toz\u00e1s\u00e1ra haszn\u00e1lhatj\u00e1k ezeket a cookie-kat. Ez seg\u00edt a v\u00e1llalatoknak jav\u00edtani kamp\u00e1nyaik hat\u00e9konys\u00e1g\u00e1t \u00e9s az \u00d6nnek bemutatott tartalom min\u0151s\u00e9g\u00e9t. Ezeket a s\u00fctiket az \u00d6n \u00e1ltal l\u00e1togatott weboldal (els\u0151 f\u00e9l) vagy harmadik f\u00e9l szolg\u00e1ltat\u00e1sai \u00e1ll\u00edthatj\u00e1k be. A harmadik f\u00e9l \u00e1ltal be\u00e1ll\u00edtott c\u00e9lz\u00e1si\/hirdet\u00e9si cookie-kat arra haszn\u00e1lhatj\u00e1k, hogy nyomon k\u00f6vess\u00e9k \u00d6nt m\u00e1s olyan webhelyeken, amelyek ugyanazt a harmadik f\u00e9l szolg\u00e1ltat\u00e1s\u00e1t haszn\u00e1lj\u00e1k.<\/p>\n\n\n\n<p>Weboldalunkon c\u00e9lz\u00e1si\/hirdet\u00e9si s\u00fctiket haszn\u00e1lunk.<\/p>\n","protected":false},"excerpt":{"rendered":"<p>S\u00fctiket haszn\u00e1lunk, hogy jav\u00edtsuk a https:\/\/www.datingsnob.com weboldalon szerzett tapasztalatait. Ez a s\u00fcti szab\u00e1lyzat a DatingSnob adatv\u00e9delmi szab\u00e1lyzat\u00e1nak r\u00e9sze. Ez a cookie-k haszn\u00e1lat\u00e1ra vonatkozik az \u00d6n eszk\u00f6ze \u00e9s az oldalunk k\u00f6z\u00f6tt. Alapvet\u0151 inform\u00e1ci\u00f3kat adunk az \u00e1ltalunk haszn\u00e1lt harmadik f\u00e9l szolg\u00e1ltat\u00e1sair\u00f3l is, amelyek szint\u00e9n haszn\u00e1lhatnak s\u00fctiket a szolg\u00e1ltat\u00e1suk r\u00e9szek\u00e9nt. Ez a szab\u00e1lyzat nem terjed ki az \u0151 [&hellip;]<\/p>\n","protected":false},"author":4,"featured_media":0,"parent":0,"menu_order":0,"comment_status":"closed","ping_status":"closed","template":"","meta":{"inline_featured_image":false,"footnotes":""},"class_list":["post-258","page","type-page","status-publish","hentry"],"acf":[],"yoast_head":"<!-- This site is optimized with the Yoast SEO plugin v23.2 - https:\/\/yoast.com\/wordpress\/plugins\/seo\/ -->\n<title>Cookie szab\u00e1lyzat - DatingSnob Ma\u010farsko<\/title>\n<meta name=\"robots\" content=\"index, follow, max-snippet:-1, max-image-preview:large, max-video-preview:-1\" \/>\n<link rel=\"canonical\" href=\"https:\/\/datingsnob.com\/hu\/cookie-policy\/\" \/>\n<meta property=\"og:locale\" content=\"hu_HU\" \/>\n<meta property=\"og:type\" content=\"article\" \/>\n<meta property=\"og:title\" content=\"Cookie szab\u00e1lyzat - DatingSnob Ma\u010farsko\" \/>\n<meta property=\"og:description\" content=\"S\u00fctiket haszn\u00e1lunk, hogy jav\u00edtsuk a https:\/\/www.datingsnob.com weboldalon szerzett tapasztalatait. Ez a s\u00fcti szab\u00e1lyzat a DatingSnob adatv\u00e9delmi szab\u00e1lyzat\u00e1nak r\u00e9sze. Ez a cookie-k haszn\u00e1lat\u00e1ra vonatkozik az \u00d6n eszk\u00f6ze \u00e9s az oldalunk k\u00f6z\u00f6tt. Alapvet\u0151 inform\u00e1ci\u00f3kat adunk az \u00e1ltalunk haszn\u00e1lt harmadik f\u00e9l szolg\u00e1ltat\u00e1sair\u00f3l is, amelyek szint\u00e9n haszn\u00e1lhatnak s\u00fctiket a szolg\u00e1ltat\u00e1suk r\u00e9szek\u00e9nt. Ez a szab\u00e1lyzat nem terjed ki az \u0151 [&hellip;]\" \/>\n<meta property=\"og:url\" content=\"https:\/\/datingsnob.com\/hu\/cookie-policy\/\" \/>\n<meta property=\"og:site_name\" content=\"DatingSnob Ma\u010farsko\" \/>\n<meta property=\"article:modified_time\" content=\"2024-08-08T11:36:21+00:00\" \/>\n<meta name=\"twitter:card\" content=\"summary_large_image\" \/>\n<meta name=\"twitter:label1\" content=\"Becs\u00fclt olvas\u00e1si id\u0151\" \/>\n\t<meta name=\"twitter:data1\" content=\"3 perc\" \/>\n<script type=\"application\/ld+json\" class=\"yoast-schema-graph\">{\"@context\":\"https:\/\/schema.org\",\"@graph\":[{\"@type\":\"WebPage\",\"@id\":\"https:\/\/datingsnob.com\/hu\/cookie-policy\/\",\"url\":\"https:\/\/datingsnob.com\/hu\/cookie-policy\/\",\"name\":\"Cookie szab\u00e1lyzat - DatingSnob Ma\u010farsko\",\"isPartOf\":{\"@id\":\"https:\/\/datingsnob.com\/hu\/#website\"},\"datePublished\":\"2020-03-25T15:22:13+00:00\",\"dateModified\":\"2024-08-08T11:36:21+00:00\",\"breadcrumb\":{\"@id\":\"https:\/\/datingsnob.com\/hu\/cookie-policy\/#breadcrumb\"},\"inLanguage\":\"hu\",\"potentialAction\":[{\"@type\":\"ReadAction\",\"target\":[\"https:\/\/datingsnob.com\/hu\/cookie-policy\/\"]}]},{\"@type\":\"BreadcrumbList\",\"@id\":\"https:\/\/datingsnob.com\/hu\/cookie-policy\/#breadcrumb\",\"itemListElement\":[{\"@type\":\"ListItem\",\"position\":1,\"name\":\"Home\",\"item\":\"https:\/\/datingsnob.com\/hu\/\"},{\"@type\":\"ListItem\",\"position\":2,\"name\":\"Cookie szab\u00e1lyzat\"}]},{\"@type\":\"WebSite\",\"@id\":\"https:\/\/datingsnob.com\/hu\/#website\",\"url\":\"https:\/\/datingsnob.com\/hu\/\",\"name\":\"DatingSnob Ma\u010farsko\",\"description\":\"Felhaszn\u00e1l\u00f3i v\u00e9lem\u00e9nyek a t\u00e1rskeres\u0151 szolg\u00e1ltat\u00e1sokr\u00f3l\",\"publisher\":{\"@id\":\"https:\/\/datingsnob.com\/hu\/#organization\"},\"potentialAction\":[{\"@type\":\"SearchAction\",\"target\":{\"@type\":\"EntryPoint\",\"urlTemplate\":\"https:\/\/datingsnob.com\/hu\/?s={search_term_string}\"},\"query-input\":\"required name=search_term_string\"}],\"inLanguage\":\"hu\"},{\"@type\":\"Organization\",\"@id\":\"https:\/\/datingsnob.com\/hu\/#organization\",\"name\":\"DatingSnob Ma\u010farsko\",\"url\":\"https:\/\/datingsnob.com\/hu\/\",\"logo\":{\"@type\":\"ImageObject\",\"inLanguage\":\"hu\",\"@id\":\"https:\/\/datingsnob.com\/hu\/#\/schema\/logo\/image\/\",\"url\":\"https:\/\/datingsnob.com\/hu\/wp-content\/uploads\/sites\/22\/2024\/07\/DatingSnobMainLogo-1.svg\",\"contentUrl\":\"https:\/\/datingsnob.com\/hu\/wp-content\/uploads\/sites\/22\/2024\/07\/DatingSnobMainLogo-1.svg\",\"width\":269,\"height\":50,\"caption\":\"DatingSnob Ma\u010farsko\"},\"image\":{\"@id\":\"https:\/\/datingsnob.com\/hu\/#\/schema\/logo\/image\/\"}}]}<\/script>\n<!-- \/ Yoast SEO plugin. -->","yoast_head_json":{"title":"Cookie szab\u00e1lyzat - DatingSnob Ma\u010farsko","robots":{"index":"index","follow":"follow","max-snippet":"max-snippet:-1","max-image-preview":"max-image-preview:large","max-video-preview":"max-video-preview:-1"},"canonical":"https:\/\/datingsnob.com\/hu\/cookie-policy\/","og_locale":"hu_HU","og_type":"article","og_title":"Cookie szab\u00e1lyzat - DatingSnob Ma\u010farsko","og_description":"S\u00fctiket haszn\u00e1lunk, hogy jav\u00edtsuk a https:\/\/www.datingsnob.com weboldalon szerzett tapasztalatait. Ez a s\u00fcti szab\u00e1lyzat a DatingSnob adatv\u00e9delmi szab\u00e1lyzat\u00e1nak r\u00e9sze. Ez a cookie-k haszn\u00e1lat\u00e1ra vonatkozik az \u00d6n eszk\u00f6ze \u00e9s az oldalunk k\u00f6z\u00f6tt. Alapvet\u0151 inform\u00e1ci\u00f3kat adunk az \u00e1ltalunk haszn\u00e1lt harmadik f\u00e9l szolg\u00e1ltat\u00e1sair\u00f3l is, amelyek szint\u00e9n haszn\u00e1lhatnak s\u00fctiket a szolg\u00e1ltat\u00e1suk r\u00e9szek\u00e9nt. Ez a szab\u00e1lyzat nem terjed ki az \u0151 [&hellip;]","og_url":"https:\/\/datingsnob.com\/hu\/cookie-policy\/","og_site_name":"DatingSnob Ma\u010farsko","article_modified_time":"2024-08-08T11:36:21+00:00","twitter_card":"summary_large_image","twitter_misc":{"Becs\u00fclt olvas\u00e1si id\u0151":"3 perc"},"schema":{"@context":"https:\/\/schema.org","@graph":[{"@type":"WebPage","@id":"https:\/\/datingsnob.com\/hu\/cookie-policy\/","url":"https:\/\/datingsnob.com\/hu\/cookie-policy\/","name":"Cookie szab\u00e1lyzat - DatingSnob Ma\u010farsko","isPartOf":{"@id":"https:\/\/datingsnob.com\/hu\/#website"},"datePublished":"2020-03-25T15:22:13+00:00","dateModified":"2024-08-08T11:36:21+00:00","breadcrumb":{"@id":"https:\/\/datingsnob.com\/hu\/cookie-policy\/#breadcrumb"},"inLanguage":"hu","potentialAction":[{"@type":"ReadAction","target":["https:\/\/datingsnob.com\/hu\/cookie-policy\/"]}]},{"@type":"BreadcrumbList","@id":"https:\/\/datingsnob.com\/hu\/cookie-policy\/#breadcrumb","itemListElement":[{"@type":"ListItem","position":1,"name":"Home","item":"https:\/\/datingsnob.com\/hu\/"},{"@type":"ListItem","position":2,"name":"Cookie szab\u00e1lyzat"}]},{"@type":"WebSite","@id":"https:\/\/datingsnob.com\/hu\/#website","url":"https:\/\/datingsnob.com\/hu\/","name":"DatingSnob Ma\u010farsko","description":"Felhaszn\u00e1l\u00f3i v\u00e9lem\u00e9nyek a t\u00e1rskeres\u0151 szolg\u00e1ltat\u00e1sokr\u00f3l","publisher":{"@id":"https:\/\/datingsnob.com\/hu\/#organization"},"potentialAction":[{"@type":"SearchAction","target":{"@type":"EntryPoint","urlTemplate":"https:\/\/datingsnob.com\/hu\/?s={search_term_string}"},"query-input":"required name=search_term_string"}],"inLanguage":"hu"},{"@type":"Organization","@id":"https:\/\/datingsnob.com\/hu\/#organization","name":"DatingSnob Ma\u010farsko","url":"https:\/\/datingsnob.com\/hu\/","logo":{"@type":"ImageObject","inLanguage":"hu","@id":"https:\/\/datingsnob.com\/hu\/#\/schema\/logo\/image\/","url":"https:\/\/datingsnob.com\/hu\/wp-content\/uploads\/sites\/22\/2024\/07\/DatingSnobMainLogo-1.svg","contentUrl":"https:\/\/datingsnob.com\/hu\/wp-content\/uploads\/sites\/22\/2024\/07\/DatingSnobMainLogo-1.svg","width":269,"height":50,"caption":"DatingSnob Ma\u010farsko"},"image":{"@id":"https:\/\/datingsnob.com\/hu\/#\/schema\/logo\/image\/"}}]}},"_links":{"self":[{"href":"https:\/\/datingsnob.com\/hu\/wp-json\/wp\/v2\/pages\/258","targetHints":{"allow":["GET"]}}],"collection":[{"href":"https:\/\/datingsnob.com\/hu\/wp-json\/wp\/v2\/pages"}],"about":[{"href":"https:\/\/datingsnob.com\/hu\/wp-json\/wp\/v2\/types\/page"}],"author":[{"embeddable":true,"href":"https:\/\/datingsnob.com\/hu\/wp-json\/wp\/v2\/users\/4"}],"replies":[{"embeddable":true,"href":"https:\/\/datingsnob.com\/hu\/wp-json\/wp\/v2\/comments?post=258"}],"version-history":[{"count":2,"href":"https:\/\/datingsnob.com\/hu\/wp-json\/wp\/v2\/pages\/258\/revisions"}],"predecessor-version":[{"id":26559,"href":"https:\/\/datingsnob.com\/hu\/wp-json\/wp\/v2\/pages\/258\/revisions\/26559"}],"wp:attachment":[{"href":"https:\/\/datingsnob.com\/hu\/wp-json\/wp\/v2\/media?parent=258"}],"curies":[{"name":"wp","href":"https:\/\/api.w.org\/{rel}","templated":true}]}}