{"id":258,"date":"2020-03-25T15:22:13","date_gmt":"2020-03-25T15:22:13","guid":{"rendered":"https:\/\/www.xbitlabs.com\/?page_id=258"},"modified":"2024-08-07T17:52:21","modified_gmt":"2024-08-07T17:52:21","slug":"cookie-policy","status":"publish","type":"page","link":"https:\/\/datingsnob.com\/fr\/cookie-policy\/","title":{"rendered":"Politique de cookies"},"content":{"rendered":"\n<p>Nous utilisons des cookies pour am\u00e9liorer votre exp\u00e9rience sur notre site Web \u00e0 l&#8217;adresse https:\/\/www.datingsnob.com. Cette politique en mati\u00e8re de cookies fait partie de la <a href=\"\/fr\/privacy-policy\/\" target=\"_blank\" rel=\"noreferrer noopener\">politique de confidentialit\u00e9 de<\/a> DatingSnob. Elle couvre l&#8217;utilisation des cookies entre votre appareil et notre site.<\/p>\n\n\n\n<p>Nous fournissons \u00e9galement des informations de base sur les services tiers que nous pouvons utiliser et qui peuvent \u00e9galement utiliser des cookies dans le cadre de leurs services. La pr\u00e9sente politique ne couvre pas leurs cookies.<\/p>\n\n\n\n<p>Si vous ne souhaitez pas accepter de cookies de notre part, vous devez indiquer \u00e0 votre navigateur de refuser les cookies provenant de https:\/\/www.datingsnob.com. Dans ce cas, il se peut que nous ne soyons pas en mesure de vous fournir certains des contenus et services que vous souhaitez.<\/p>\n\n\n\n<h2 class=\"wp-block-heading\">Qu&#8217;est-ce qu&#8217;un cookie ?<\/h2>\n\n\n\n<p>Un cookie est un petit \u00e9l\u00e9ment de donn\u00e9es qu&#8217;un site web stocke sur votre appareil lorsque vous le visitez. Il contient g\u00e9n\u00e9ralement des informations sur le site web lui-m\u00eame, un identifiant unique qui permet au site de reconna\u00eetre votre navigateur web lorsque vous revenez, des donn\u00e9es suppl\u00e9mentaires qui servent l&#8217;objectif du cookie et la dur\u00e9e de vie du cookie lui-m\u00eame.<\/p>\n\n\n\n<p>Les cookies sont utilis\u00e9s pour activer certaines fonctions (par exemple la connexion), suivre l&#8217;utilisation du site (par exemple l&#8217;analyse), m\u00e9moriser vos param\u00e8tres d&#8217;utilisateur (par exemple le fuseau horaire, les pr\u00e9f\u00e9rences en mati\u00e8re de notification) et personnaliser votre contenu (par exemple la publicit\u00e9, la langue).<\/p>\n\n\n\n<p>Les cookies mis en place par le site web que vous visitez sont g\u00e9n\u00e9ralement appel\u00e9s cookies de premi\u00e8re partie. Ils ne suivent g\u00e9n\u00e9ralement que votre activit\u00e9 sur le site en question.<\/p>\n\n\n\n<p>Les cookies mis en place par d&#8217;autres sites et entreprises (c&#8217;est-\u00e0-dire des tiers) sont appel\u00e9s cookies de tiers. Ils peuvent \u00eatre utilis\u00e9s pour vous suivre sur d&#8217;autres sites web qui utilisent le m\u00eame service de tiers.<\/p>\n\n\n\n<h2 class=\"wp-block-heading\">Types de cookies et leur utilisation<\/h2>\n\n\n\n<h3 class=\"wp-block-heading\">Cookies essentiels<\/h3>\n\n\n\n<p>Les cookies essentiels sont indispensables \u00e0 l&#8217;utilisation d&#8217;un site web, car ils permettent d&#8217;acc\u00e9der \u00e0 des fonctions essentielles telles que la connexion des utilisateurs, la gestion des comptes, les paniers d&#8217;achat et le traitement des paiements.<\/p>\n\n\n\n<p>Nous utilisons des cookies essentiels pour permettre certaines fonctions sur notre site web.<\/p>\n\n\n\n<h3 class=\"wp-block-heading\">Cookies de performance<\/h3>\n\n\n\n<p>Les cookies de performance permettent de savoir comment vous utilisez un site web au cours de votre visite. G\u00e9n\u00e9ralement, ces informations sont anonymes et agr\u00e9g\u00e9es, les informations \u00e9tant suivies pour l&#8217;ensemble des utilisateurs du site. Ils aident les entreprises \u00e0 comprendre les habitudes d&#8217;utilisation des visiteurs, \u00e0 identifier et \u00e0 diagnostiquer les probl\u00e8mes ou les erreurs que peuvent rencontrer leurs utilisateurs, et \u00e0 prendre de meilleures d\u00e9cisions strat\u00e9giques pour am\u00e9liorer l&#8217;exp\u00e9rience globale de leur public sur le site web. Ces cookies peuvent \u00eatre install\u00e9s par le site web que vous visitez (premi\u00e8re partie) ou par des services tiers. Ils ne recueillent pas d&#8217;informations personnelles vous concernant.<\/p>\n\n\n\n<p>Nous utilisons des cookies de performance sur notre site.<\/p>\n\n\n\n<h3 class=\"wp-block-heading\">Cookies de fonctionnalit\u00e9<\/h3>\n\n\n\n<p>Les cookies de fonctionnalit\u00e9 sont utilis\u00e9s pour collecter des informations sur votre appareil et sur les param\u00e8tres que vous pouvez configurer sur le site web que vous visitez (comme les param\u00e8tres de langue et de fuseau horaire). Gr\u00e2ce \u00e0 ces informations, les sites web peuvent vous fournir un contenu et des services personnalis\u00e9s, am\u00e9lior\u00e9s ou optimis\u00e9s. Ces cookies peuvent \u00eatre install\u00e9s par le site web que vous visitez (premi\u00e8re partie) ou par des services tiers.<\/p>\n\n\n\n<p>Nous utilisons des cookies de fonctionnalit\u00e9 pour certaines fonctions de notre site.<\/p>\n\n\n\n<h3 class=\"wp-block-heading\">Cookies de ciblage\/adv ertising<\/h3>\n\n\n\n<p>Les cookies de ciblage\/publicit\u00e9 aident \u00e0 d\u00e9terminer quel contenu promotionnel est le plus pertinent et le plus appropri\u00e9 pour vous et vos int\u00e9r\u00eats. Les sites web peuvent les utiliser pour diffuser des publicit\u00e9s cibl\u00e9es ou limiter le nombre de fois que vous voyez une publicit\u00e9. Cela permet aux entreprises d&#8217;am\u00e9liorer l&#8217;efficacit\u00e9 de leurs campagnes et la qualit\u00e9 du contenu qui vous est pr\u00e9sent\u00e9. Ces cookies peuvent \u00eatre install\u00e9s par le site web que vous visitez (premi\u00e8re partie) ou par des services tiers. Les cookies de ciblage\/publicit\u00e9 mis en place par des tiers peuvent \u00eatre utilis\u00e9s pour vous suivre sur d&#8217;autres sites web qui utilisent le m\u00eame service tiers.<\/p>\n\n\n\n<p>Nous utilisons des cookies de ciblage\/publicit\u00e9 sur notre site.<\/p>\n","protected":false},"excerpt":{"rendered":"<p>Nous utilisons des cookies pour am\u00e9liorer votre exp\u00e9rience sur notre site Web \u00e0 l&#8217;adresse https:\/\/www.datingsnob.com. Cette politique en mati\u00e8re de cookies fait partie de la politique de confidentialit\u00e9 de DatingSnob. Elle couvre l&#8217;utilisation des cookies entre votre appareil et notre site. Nous fournissons \u00e9galement des informations de base sur les services tiers que nous pouvons [&hellip;]<\/p>\n","protected":false},"author":4,"featured_media":0,"parent":0,"menu_order":0,"comment_status":"closed","ping_status":"closed","template":"","meta":{"inline_featured_image":false,"footnotes":""},"class_list":["post-258","page","type-page","status-publish","hentry"],"acf":[],"yoast_head":"<!-- This site is optimized with the Yoast SEO plugin v23.2 - https:\/\/yoast.com\/wordpress\/plugins\/seo\/ -->\n<title>Politique de cookies - DatingSnob France<\/title>\n<meta name=\"robots\" content=\"index, follow, max-snippet:-1, max-image-preview:large, max-video-preview:-1\" \/>\n<link rel=\"canonical\" href=\"https:\/\/datingsnob.com\/fr\/cookie-policy\/\" \/>\n<meta property=\"og:locale\" content=\"fr_FR\" \/>\n<meta property=\"og:type\" content=\"article\" \/>\n<meta property=\"og:title\" content=\"Politique de cookies - DatingSnob France\" \/>\n<meta property=\"og:description\" content=\"Nous utilisons des cookies pour am\u00e9liorer votre exp\u00e9rience sur notre site Web \u00e0 l&#8217;adresse https:\/\/www.datingsnob.com. Cette politique en mati\u00e8re de cookies fait partie de la politique de confidentialit\u00e9 de DatingSnob. Elle couvre l&#8217;utilisation des cookies entre votre appareil et notre site. Nous fournissons \u00e9galement des informations de base sur les services tiers que nous pouvons [&hellip;]\" \/>\n<meta property=\"og:url\" content=\"https:\/\/datingsnob.com\/fr\/cookie-policy\/\" \/>\n<meta property=\"og:site_name\" content=\"DatingSnob France\" \/>\n<meta property=\"article:modified_time\" content=\"2024-08-07T17:52:21+00:00\" \/>\n<meta name=\"twitter:card\" content=\"summary_large_image\" \/>\n<meta name=\"twitter:label1\" content=\"Dur\u00e9e de lecture estim\u00e9e\" \/>\n\t<meta name=\"twitter:data1\" content=\"4 minutes\" \/>\n<script type=\"application\/ld+json\" class=\"yoast-schema-graph\">{\"@context\":\"https:\/\/schema.org\",\"@graph\":[{\"@type\":\"WebPage\",\"@id\":\"https:\/\/datingsnob.com\/fr\/cookie-policy\/\",\"url\":\"https:\/\/datingsnob.com\/fr\/cookie-policy\/\",\"name\":\"Politique de cookies - DatingSnob France\",\"isPartOf\":{\"@id\":\"https:\/\/datingsnob.com\/fr\/#website\"},\"datePublished\":\"2020-03-25T15:22:13+00:00\",\"dateModified\":\"2024-08-07T17:52:21+00:00\",\"breadcrumb\":{\"@id\":\"https:\/\/datingsnob.com\/fr\/cookie-policy\/#breadcrumb\"},\"inLanguage\":\"fr-FR\",\"potentialAction\":[{\"@type\":\"ReadAction\",\"target\":[\"https:\/\/datingsnob.com\/fr\/cookie-policy\/\"]}]},{\"@type\":\"BreadcrumbList\",\"@id\":\"https:\/\/datingsnob.com\/fr\/cookie-policy\/#breadcrumb\",\"itemListElement\":[{\"@type\":\"ListItem\",\"position\":1,\"name\":\"Home\",\"item\":\"https:\/\/datingsnob.com\/fr\/\"},{\"@type\":\"ListItem\",\"position\":2,\"name\":\"Politique de cookies\"}]},{\"@type\":\"WebSite\",\"@id\":\"https:\/\/datingsnob.com\/fr\/#website\",\"url\":\"https:\/\/datingsnob.com\/fr\/\",\"name\":\"DatingSnob France\",\"description\":\"Avis d&#039;utilisateurs sur les services de rencontre\",\"publisher\":{\"@id\":\"https:\/\/datingsnob.com\/fr\/#organization\"},\"potentialAction\":[{\"@type\":\"SearchAction\",\"target\":{\"@type\":\"EntryPoint\",\"urlTemplate\":\"https:\/\/datingsnob.com\/fr\/?s={search_term_string}\"},\"query-input\":\"required name=search_term_string\"}],\"inLanguage\":\"fr-FR\"},{\"@type\":\"Organization\",\"@id\":\"https:\/\/datingsnob.com\/fr\/#organization\",\"name\":\"DatingSnob France\",\"url\":\"https:\/\/datingsnob.com\/fr\/\",\"logo\":{\"@type\":\"ImageObject\",\"inLanguage\":\"fr-FR\",\"@id\":\"https:\/\/datingsnob.com\/fr\/#\/schema\/logo\/image\/\",\"url\":\"https:\/\/datingsnob.com\/fr\/wp-content\/uploads\/sites\/6\/2024\/07\/DatingSnobMainLogo-1.svg\",\"contentUrl\":\"https:\/\/datingsnob.com\/fr\/wp-content\/uploads\/sites\/6\/2024\/07\/DatingSnobMainLogo-1.svg\",\"width\":269,\"height\":50,\"caption\":\"DatingSnob France\"},\"image\":{\"@id\":\"https:\/\/datingsnob.com\/fr\/#\/schema\/logo\/image\/\"}}]}<\/script>\n<!-- \/ Yoast SEO plugin. -->","yoast_head_json":{"title":"Politique de cookies - DatingSnob France","robots":{"index":"index","follow":"follow","max-snippet":"max-snippet:-1","max-image-preview":"max-image-preview:large","max-video-preview":"max-video-preview:-1"},"canonical":"https:\/\/datingsnob.com\/fr\/cookie-policy\/","og_locale":"fr_FR","og_type":"article","og_title":"Politique de cookies - DatingSnob France","og_description":"Nous utilisons des cookies pour am\u00e9liorer votre exp\u00e9rience sur notre site Web \u00e0 l&#8217;adresse https:\/\/www.datingsnob.com. Cette politique en mati\u00e8re de cookies fait partie de la politique de confidentialit\u00e9 de DatingSnob. Elle couvre l&#8217;utilisation des cookies entre votre appareil et notre site. Nous fournissons \u00e9galement des informations de base sur les services tiers que nous pouvons [&hellip;]","og_url":"https:\/\/datingsnob.com\/fr\/cookie-policy\/","og_site_name":"DatingSnob France","article_modified_time":"2024-08-07T17:52:21+00:00","twitter_card":"summary_large_image","twitter_misc":{"Dur\u00e9e de lecture estim\u00e9e":"4 minutes"},"schema":{"@context":"https:\/\/schema.org","@graph":[{"@type":"WebPage","@id":"https:\/\/datingsnob.com\/fr\/cookie-policy\/","url":"https:\/\/datingsnob.com\/fr\/cookie-policy\/","name":"Politique de cookies - DatingSnob France","isPartOf":{"@id":"https:\/\/datingsnob.com\/fr\/#website"},"datePublished":"2020-03-25T15:22:13+00:00","dateModified":"2024-08-07T17:52:21+00:00","breadcrumb":{"@id":"https:\/\/datingsnob.com\/fr\/cookie-policy\/#breadcrumb"},"inLanguage":"fr-FR","potentialAction":[{"@type":"ReadAction","target":["https:\/\/datingsnob.com\/fr\/cookie-policy\/"]}]},{"@type":"BreadcrumbList","@id":"https:\/\/datingsnob.com\/fr\/cookie-policy\/#breadcrumb","itemListElement":[{"@type":"ListItem","position":1,"name":"Home","item":"https:\/\/datingsnob.com\/fr\/"},{"@type":"ListItem","position":2,"name":"Politique de cookies"}]},{"@type":"WebSite","@id":"https:\/\/datingsnob.com\/fr\/#website","url":"https:\/\/datingsnob.com\/fr\/","name":"DatingSnob France","description":"Avis d&#039;utilisateurs sur les services de rencontre","publisher":{"@id":"https:\/\/datingsnob.com\/fr\/#organization"},"potentialAction":[{"@type":"SearchAction","target":{"@type":"EntryPoint","urlTemplate":"https:\/\/datingsnob.com\/fr\/?s={search_term_string}"},"query-input":"required name=search_term_string"}],"inLanguage":"fr-FR"},{"@type":"Organization","@id":"https:\/\/datingsnob.com\/fr\/#organization","name":"DatingSnob France","url":"https:\/\/datingsnob.com\/fr\/","logo":{"@type":"ImageObject","inLanguage":"fr-FR","@id":"https:\/\/datingsnob.com\/fr\/#\/schema\/logo\/image\/","url":"https:\/\/datingsnob.com\/fr\/wp-content\/uploads\/sites\/6\/2024\/07\/DatingSnobMainLogo-1.svg","contentUrl":"https:\/\/datingsnob.com\/fr\/wp-content\/uploads\/sites\/6\/2024\/07\/DatingSnobMainLogo-1.svg","width":269,"height":50,"caption":"DatingSnob France"},"image":{"@id":"https:\/\/datingsnob.com\/fr\/#\/schema\/logo\/image\/"}}]}},"_links":{"self":[{"href":"https:\/\/datingsnob.com\/fr\/wp-json\/wp\/v2\/pages\/258","targetHints":{"allow":["GET"]}}],"collection":[{"href":"https:\/\/datingsnob.com\/fr\/wp-json\/wp\/v2\/pages"}],"about":[{"href":"https:\/\/datingsnob.com\/fr\/wp-json\/wp\/v2\/types\/page"}],"author":[{"embeddable":true,"href":"https:\/\/datingsnob.com\/fr\/wp-json\/wp\/v2\/users\/4"}],"replies":[{"embeddable":true,"href":"https:\/\/datingsnob.com\/fr\/wp-json\/wp\/v2\/comments?post=258"}],"version-history":[{"count":2,"href":"https:\/\/datingsnob.com\/fr\/wp-json\/wp\/v2\/pages\/258\/revisions"}],"predecessor-version":[{"id":26562,"href":"https:\/\/datingsnob.com\/fr\/wp-json\/wp\/v2\/pages\/258\/revisions\/26562"}],"wp:attachment":[{"href":"https:\/\/datingsnob.com\/fr\/wp-json\/wp\/v2\/media?parent=258"}],"curies":[{"name":"wp","href":"https:\/\/api.w.org\/{rel}","templated":true}]}}