{"id":29,"date":"2020-02-01T10:32:11","date_gmt":"2020-02-01T10:32:11","guid":{"rendered":"https:\/\/www.xbitlabs.com\/?page_id=29"},"modified":"2024-08-07T17:17:53","modified_gmt":"2024-08-07T17:17:53","slug":"terms-of-service","status":"publish","type":"page","link":"https:\/\/datingsnob.com\/es\/terms-of-service\/","title":{"rendered":"Condiciones de uso"},"content":{"rendered":"\n<p>Las presentes Condiciones de uso regulan el uso del sitio web <a href=\"https:\/\/www.datingsnob.com\/es\">https:\/\/www.datingsnob.com<\/a> y los servicios relacionados que ofrece DatingSnob.<\/p>\n\n\n\n<p>Al acceder a https:\/\/www.datingsnob.com, el usuario acepta las presentes Condiciones de servicio y el cumplimiento de la legislaci\u00f3n y la normativa vigentes. Si el usuario no est\u00e1 de acuerdo con las presentes Condiciones del servicio, tiene prohibido el uso o acceso a este sitio web, as\u00ed como el uso de cualquier otro servicio proporcionado por DatingSnob.<\/p>\n\n\n\n<p>DatingSnob se reserva el derecho de revisar y modificar cualquiera de las presentes Condiciones del servicio a su entera discreci\u00f3n. En tal caso, actualizaremos esta p\u00e1gina. Cualquier cambio en estas Condiciones del servicio entrar\u00e1 en vigor inmediatamente a partir de la fecha de su publicaci\u00f3n.<\/p>\n\n\n\n<p>Estas Condiciones del servicio se actualizaron por \u00faltima vez el 17 de julio de 2024.<\/p>\n\n\n\n<h2 class=\"wp-block-heading\">Limitaciones de uso<\/h2>\n\n\n\n<p>Al utilizar este sitio web, usted garantiza en su propio nombre, en el de sus usuarios y en el de otras partes a las que representa que no lo har\u00e1:<\/p>\n\n\n\n<ol start=\"1\" class=\"wp-block-list\">\n<li>modificar, copiar, preparar trabajos derivados, descompilar o realizar ingenier\u00eda inversa de cualquier material y software contenido en este sitio web;<\/li>\n\n\n\n<li>eliminar cualquier copyright u otras anotaciones de propiedad de cualquier material y software de este sitio web;<\/li>\n\n\n\n<li>transferir los materiales a otra persona o &#8220;reflejar&#8221; los materiales en cualquier otro servidor;<\/li>\n\n\n\n<li>utilizar este sitio web o cualquiera de sus servicios asociados, a sabiendas o por negligencia, de forma que se abuse de nuestras redes o de cualquier otro servicio prestado por DatingSnob o se produzcan interrupciones en los mismos;<\/li>\n\n\n\n<li>utilizar este sitio web o sus servicios asociados para transmitir o publicar cualquier material acosador, indecente, obsceno, fraudulento o ilegal;<\/li>\n\n\n\n<li>utilizar este sitio web o sus servicios asociados infringiendo cualquier ley o normativa aplicable;<\/li>\n\n\n\n<li>utilizar este sitio web junto con el env\u00edo de publicidad no autorizada o spam;<\/li>\n\n\n\n<li>cosechar, recopilar o recoger datos del usuario sin su consentimiento; o<\/li>\n\n\n\n<li>utilizar este sitio web o sus servicios asociados de forma que pueda infringir la privacidad, los derechos de propiedad intelectual u otros derechos de terceros.<\/li>\n<\/ol>\n\n\n\n<h2 class=\"wp-block-heading\">Propiedad intelectual<\/h2>\n\n\n\n<p>La propiedad intelectual del material contenido en este sitio web pertenece a DatingSnob o ha sido cedida a \u00e9sta bajo licencia y est\u00e1 protegida por las leyes vigentes sobre propiedad intelectual y marcas registradas. Concedemos a nuestros usuarios permiso para descargar una copia de los materiales para uso personal, no comercial y transitorio.<\/p>\n\n\n\n<p>Esto constituye la concesi\u00f3n de una licencia, no una transferencia de titularidad. Esta licencia quedar\u00e1 autom\u00e1ticamente anulada si el usuario infringe cualquiera de las presentes restricciones o las Condiciones del servicio, y podr\u00e1 ser revocada por DatingSnob en cualquier momento.<\/p>\n\n\n\n<h2 class=\"wp-block-heading\">Contenidos generados por los usuarios<\/h2>\n\n\n\n<p>Usted conserva sus derechos de propiedad intelectual sobre los contenidos que nos env\u00ede para su publicaci\u00f3n en nuestro sitio web. Nunca reclamaremos la propiedad de sus contenidos, pero s\u00ed le pediremos una licencia para poder utilizarlos.<\/p>\n\n\n\n<p>Cuando utiliza nuestro sitio web o sus servicios asociados para publicar, cargar, compartir o transmitir de cualquier otro modo contenidos amparados por derechos de propiedad intelectual, nos concede una licencia no exclusiva, libre de regal\u00edas, transferible, sublicenciable y mundial para utilizar, distribuir, modificar, ejecutar, copiar, mostrar p\u00fablicamente, traducir o crear de cualquier otro modo obras derivadas de sus contenidos de forma coherente con sus preferencias de privacidad y nuestra Pol\u00edtica de privacidad.<\/p>\n\n\n\n<p>La licencia que nos concede puede rescindirse en cualquier momento borrando su contenido. Sin embargo, en la medida en que nosotros (o nuestros socios) hayamos utilizado su contenido en relaci\u00f3n con contenido comercial o patrocinado, la licencia continuar\u00e1 hasta que hayamos interrumpido el anuncio o la publicaci\u00f3n en cuesti\u00f3n. Si desea que eliminemos todo su contenido generado (rese\u00f1as, respuestas, preguntas, comentarios, im\u00e1genes, etc.) debe ponerse en contacto con nosotros en contact@datingsnob.com.<\/p>\n\n\n\n<h2 class=\"wp-block-heading\">Responsabilidad<\/h2>\n\n\n\n<p>Nuestro sitio web y los materiales que contiene se proporcionan &#8220;tal cual&#8221;. En la medida en que lo permita la ley, DatingSnob no ofrece garant\u00edas, expl\u00edcitas o impl\u00edcitas, y por la presente renuncia y niega cualquier otra garant\u00eda, incluyendo, sin limitaci\u00f3n, garant\u00edas o condiciones impl\u00edcitas de comerciabilidad, idoneidad para un prop\u00f3sito particular, o la no infracci\u00f3n de la propiedad intelectual, u otra violaci\u00f3n de los derechos.<\/p>\n\n\n\n<p>En ning\u00fan caso DatingSnob o sus proveedores ser\u00e1n responsables de cualquier p\u00e9rdida consecuente sufrida o incurrida por usted o cualquier tercero que surja del uso o la imposibilidad de usar este sitio web o los materiales en este sitio web, incluso si MyIntimacy o un representante autorizado ha sido notificado, oralmente o por escrito, de la posibilidad de tales da\u00f1os.<\/p>\n\n\n\n<p>En el contexto de este acuerdo, &#8220;p\u00e9rdida consecuencial&#8221; incluye cualquier p\u00e9rdida consecuencial, p\u00e9rdida indirecta, p\u00e9rdida real o anticipada de beneficios, p\u00e9rdida de beneficios, p\u00e9rdida de ingresos, p\u00e9rdida de negocio, p\u00e9rdida de fondo de comercio, p\u00e9rdida de oportunidades, p\u00e9rdida de ahorros, p\u00e9rdida de reputaci\u00f3n, p\u00e9rdida de uso y\/o p\u00e9rdida o corrupci\u00f3n de datos, ya sea bajo estatuto, contrato, equidad, agravio (incluyendo negligencia), indemnizaci\u00f3n u otro.<\/p>\n\n\n\n<p>Debido a que algunas jurisdicciones no permiten limitaciones en las garant\u00edas impl\u00edcitas, o limitaciones de responsabilidad por da\u00f1os consecuenciales o incidentales, estas limitaciones pueden no aplicarse a usted.<\/p>\n\n\n\n<h2 class=\"wp-block-heading\">Precisi\u00f3n de los materiales<\/h2>\n\n\n\n<p>Los materiales que aparecen en nuestro sitio web no son exhaustivos y s\u00f3lo tienen fines informativos generales. DatingSnob no garantiza ni hace ninguna representaci\u00f3n con respecto a la exactitud, los resultados probables, o la fiabilidad de la utilizaci\u00f3n de los materiales en este sitio web, o de otro tipo relativa a dichos materiales o en cualquier recurso vinculado a este sitio web.<\/p>\n\n\n\n<h2 class=\"wp-block-heading\">Enlaces<\/h2>\n\n\n\n<p>DatingSnob no ha revisado todos los sitios vinculados a su sitio web y no es responsable de los contenidos de dichos sitios. La inclusi\u00f3n de estos v\u00ednculos no implica que DatingSnob los promocione, apruebe o controle. El uso de cualquiera de estos sitios enlazados corre por cuenta y riesgo del usuario y le recomendamos encarecidamente que realice sus propias investigaciones con respecto a la idoneidad de dichos sitios.<\/p>\n\n\n\n<h2 class=\"wp-block-heading\">Derecho de rescisi\u00f3n<\/h2>\n\n\n\n<p>Podemos suspender o rescindir su derecho a utilizar nuestro sitio web y rescindir estas Condiciones del servicio inmediatamente tras notific\u00e1rselo por escrito por cualquier incumplimiento de estas Condiciones del servicio.<\/p>\n\n\n\n<h2 class=\"wp-block-heading\">Indemnizaci\u00f3n por despido<\/h2>\n\n\n\n<p>Cualquier t\u00e9rmino de estas Condiciones de servicio que sea total o parcialmente nulo o inaplicable quedar\u00e1 anulado en la medida en que sea nulo o inaplicable. La validez del resto de estas Condiciones del servicio no se ver\u00e1 afectada.<\/p>\n\n\n\n<h2 class=\"wp-block-heading\">Governi ng Law<\/h2>\n\n\n\n<p>Estas Condiciones del servicio se rigen e interpretan de conformidad con las leyes de Estados Unidos. Usted se somete irrevocablemente a la jurisdicci\u00f3n exclusiva de los tribunales de dicho Estado o localidad.<\/p>\n","protected":false},"excerpt":{"rendered":"<p>Las presentes Condiciones de uso regulan el uso del sitio web https:\/\/www.datingsnob.com y los servicios relacionados que ofrece DatingSnob. Al acceder a https:\/\/www.datingsnob.com, el usuario acepta las presentes Condiciones de servicio y el cumplimiento de la legislaci\u00f3n y la normativa vigentes. Si el usuario no est\u00e1 de acuerdo con las presentes Condiciones del servicio, tiene [&hellip;]<\/p>\n","protected":false},"author":4,"featured_media":0,"parent":0,"menu_order":0,"comment_status":"closed","ping_status":"closed","template":"","meta":{"inline_featured_image":false,"footnotes":""},"class_list":["post-29","page","type-page","status-publish","hentry"],"acf":[],"yoast_head":"<!-- This site is optimized with the Yoast SEO plugin v23.2 - https:\/\/yoast.com\/wordpress\/plugins\/seo\/ -->\n<title>Condiciones de uso - DatingSnob Espa\u00f1a<\/title>\n<meta name=\"robots\" content=\"index, follow, max-snippet:-1, max-image-preview:large, max-video-preview:-1\" \/>\n<link rel=\"canonical\" href=\"https:\/\/datingsnob.com\/es\/terms-of-service\/\" \/>\n<meta property=\"og:locale\" content=\"es_ES\" \/>\n<meta property=\"og:type\" content=\"article\" \/>\n<meta property=\"og:title\" content=\"Condiciones de uso - DatingSnob Espa\u00f1a\" \/>\n<meta property=\"og:description\" content=\"Las presentes Condiciones de uso regulan el uso del sitio web https:\/\/www.datingsnob.com y los servicios relacionados que ofrece DatingSnob. Al acceder a https:\/\/www.datingsnob.com, el usuario acepta las presentes Condiciones de servicio y el cumplimiento de la legislaci\u00f3n y la normativa vigentes. Si el usuario no est\u00e1 de acuerdo con las presentes Condiciones del servicio, tiene [&hellip;]\" \/>\n<meta property=\"og:url\" content=\"https:\/\/datingsnob.com\/es\/terms-of-service\/\" \/>\n<meta property=\"og:site_name\" content=\"DatingSnob Espa\u00f1a\" \/>\n<meta property=\"article:modified_time\" content=\"2024-08-07T17:17:53+00:00\" \/>\n<meta name=\"twitter:card\" content=\"summary_large_image\" \/>\n<meta name=\"twitter:label1\" content=\"Tiempo de lectura\" \/>\n\t<meta name=\"twitter:data1\" content=\"5 minutos\" \/>\n<script type=\"application\/ld+json\" class=\"yoast-schema-graph\">{\"@context\":\"https:\/\/schema.org\",\"@graph\":[{\"@type\":\"WebPage\",\"@id\":\"https:\/\/datingsnob.com\/es\/terms-of-service\/\",\"url\":\"https:\/\/datingsnob.com\/es\/terms-of-service\/\",\"name\":\"Condiciones de uso - DatingSnob Espa\u00f1a\",\"isPartOf\":{\"@id\":\"https:\/\/datingsnob.com\/es\/#website\"},\"datePublished\":\"2020-02-01T10:32:11+00:00\",\"dateModified\":\"2024-08-07T17:17:53+00:00\",\"breadcrumb\":{\"@id\":\"https:\/\/datingsnob.com\/es\/terms-of-service\/#breadcrumb\"},\"inLanguage\":\"es\",\"potentialAction\":[{\"@type\":\"ReadAction\",\"target\":[\"https:\/\/datingsnob.com\/es\/terms-of-service\/\"]}]},{\"@type\":\"BreadcrumbList\",\"@id\":\"https:\/\/datingsnob.com\/es\/terms-of-service\/#breadcrumb\",\"itemListElement\":[{\"@type\":\"ListItem\",\"position\":1,\"name\":\"Home\",\"item\":\"https:\/\/datingsnob.com\/es\/\"},{\"@type\":\"ListItem\",\"position\":2,\"name\":\"Condiciones de uso\"}]},{\"@type\":\"WebSite\",\"@id\":\"https:\/\/datingsnob.com\/es\/#website\",\"url\":\"https:\/\/datingsnob.com\/es\/\",\"name\":\"DatingSnob Espa\u00f1a\",\"description\":\"Opiniones de usuarios de servicios de citas\",\"publisher\":{\"@id\":\"https:\/\/datingsnob.com\/es\/#organization\"},\"potentialAction\":[{\"@type\":\"SearchAction\",\"target\":{\"@type\":\"EntryPoint\",\"urlTemplate\":\"https:\/\/datingsnob.com\/es\/?s={search_term_string}\"},\"query-input\":\"required name=search_term_string\"}],\"inLanguage\":\"es\"},{\"@type\":\"Organization\",\"@id\":\"https:\/\/datingsnob.com\/es\/#organization\",\"name\":\"DatingSnob Espa\u00f1a\",\"url\":\"https:\/\/datingsnob.com\/es\/\",\"logo\":{\"@type\":\"ImageObject\",\"inLanguage\":\"es\",\"@id\":\"https:\/\/datingsnob.com\/es\/#\/schema\/logo\/image\/\",\"url\":\"https:\/\/datingsnob.com\/es\/wp-content\/uploads\/sites\/7\/2024\/07\/DatingSnobMainLogo-1.svg\",\"contentUrl\":\"https:\/\/datingsnob.com\/es\/wp-content\/uploads\/sites\/7\/2024\/07\/DatingSnobMainLogo-1.svg\",\"width\":269,\"height\":50,\"caption\":\"DatingSnob Espa\u00f1a\"},\"image\":{\"@id\":\"https:\/\/datingsnob.com\/es\/#\/schema\/logo\/image\/\"}}]}<\/script>\n<!-- \/ Yoast SEO plugin. -->","yoast_head_json":{"title":"Condiciones de uso - DatingSnob Espa\u00f1a","robots":{"index":"index","follow":"follow","max-snippet":"max-snippet:-1","max-image-preview":"max-image-preview:large","max-video-preview":"max-video-preview:-1"},"canonical":"https:\/\/datingsnob.com\/es\/terms-of-service\/","og_locale":"es_ES","og_type":"article","og_title":"Condiciones de uso - DatingSnob Espa\u00f1a","og_description":"Las presentes Condiciones de uso regulan el uso del sitio web https:\/\/www.datingsnob.com y los servicios relacionados que ofrece DatingSnob. Al acceder a https:\/\/www.datingsnob.com, el usuario acepta las presentes Condiciones de servicio y el cumplimiento de la legislaci\u00f3n y la normativa vigentes. Si el usuario no est\u00e1 de acuerdo con las presentes Condiciones del servicio, tiene [&hellip;]","og_url":"https:\/\/datingsnob.com\/es\/terms-of-service\/","og_site_name":"DatingSnob Espa\u00f1a","article_modified_time":"2024-08-07T17:17:53+00:00","twitter_card":"summary_large_image","twitter_misc":{"Tiempo de lectura":"5 minutos"},"schema":{"@context":"https:\/\/schema.org","@graph":[{"@type":"WebPage","@id":"https:\/\/datingsnob.com\/es\/terms-of-service\/","url":"https:\/\/datingsnob.com\/es\/terms-of-service\/","name":"Condiciones de uso - DatingSnob Espa\u00f1a","isPartOf":{"@id":"https:\/\/datingsnob.com\/es\/#website"},"datePublished":"2020-02-01T10:32:11+00:00","dateModified":"2024-08-07T17:17:53+00:00","breadcrumb":{"@id":"https:\/\/datingsnob.com\/es\/terms-of-service\/#breadcrumb"},"inLanguage":"es","potentialAction":[{"@type":"ReadAction","target":["https:\/\/datingsnob.com\/es\/terms-of-service\/"]}]},{"@type":"BreadcrumbList","@id":"https:\/\/datingsnob.com\/es\/terms-of-service\/#breadcrumb","itemListElement":[{"@type":"ListItem","position":1,"name":"Home","item":"https:\/\/datingsnob.com\/es\/"},{"@type":"ListItem","position":2,"name":"Condiciones de uso"}]},{"@type":"WebSite","@id":"https:\/\/datingsnob.com\/es\/#website","url":"https:\/\/datingsnob.com\/es\/","name":"DatingSnob Espa\u00f1a","description":"Opiniones de usuarios de servicios de citas","publisher":{"@id":"https:\/\/datingsnob.com\/es\/#organization"},"potentialAction":[{"@type":"SearchAction","target":{"@type":"EntryPoint","urlTemplate":"https:\/\/datingsnob.com\/es\/?s={search_term_string}"},"query-input":"required name=search_term_string"}],"inLanguage":"es"},{"@type":"Organization","@id":"https:\/\/datingsnob.com\/es\/#organization","name":"DatingSnob Espa\u00f1a","url":"https:\/\/datingsnob.com\/es\/","logo":{"@type":"ImageObject","inLanguage":"es","@id":"https:\/\/datingsnob.com\/es\/#\/schema\/logo\/image\/","url":"https:\/\/datingsnob.com\/es\/wp-content\/uploads\/sites\/7\/2024\/07\/DatingSnobMainLogo-1.svg","contentUrl":"https:\/\/datingsnob.com\/es\/wp-content\/uploads\/sites\/7\/2024\/07\/DatingSnobMainLogo-1.svg","width":269,"height":50,"caption":"DatingSnob Espa\u00f1a"},"image":{"@id":"https:\/\/datingsnob.com\/es\/#\/schema\/logo\/image\/"}}]}},"_links":{"self":[{"href":"https:\/\/datingsnob.com\/es\/wp-json\/wp\/v2\/pages\/29","targetHints":{"allow":["GET"]}}],"collection":[{"href":"https:\/\/datingsnob.com\/es\/wp-json\/wp\/v2\/pages"}],"about":[{"href":"https:\/\/datingsnob.com\/es\/wp-json\/wp\/v2\/types\/page"}],"author":[{"embeddable":true,"href":"https:\/\/datingsnob.com\/es\/wp-json\/wp\/v2\/users\/4"}],"replies":[{"embeddable":true,"href":"https:\/\/datingsnob.com\/es\/wp-json\/wp\/v2\/comments?post=29"}],"version-history":[{"count":5,"href":"https:\/\/datingsnob.com\/es\/wp-json\/wp\/v2\/pages\/29\/revisions"}],"predecessor-version":[{"id":26585,"href":"https:\/\/datingsnob.com\/es\/wp-json\/wp\/v2\/pages\/29\/revisions\/26585"}],"wp:attachment":[{"href":"https:\/\/datingsnob.com\/es\/wp-json\/wp\/v2\/media?parent=29"}],"curies":[{"name":"wp","href":"https:\/\/api.w.org\/{rel}","templated":true}]}}