{"id":29,"date":"2020-02-01T10:32:11","date_gmt":"2020-02-01T10:32:11","guid":{"rendered":"https:\/\/www.xbitlabs.com\/?page_id=29"},"modified":"2024-08-07T20:39:53","modified_gmt":"2024-08-07T20:39:53","slug":"terms-of-service","status":"publish","type":"page","link":"https:\/\/datingsnob.com\/dk\/terms-of-service\/","title":{"rendered":"Vilk\u00e5r for service"},"content":{"rendered":"\n<p>Disse servicevilk\u00e5r regulerer din brug af hjemmesiden p\u00e5 <a href=\"https:\/\/www.datingsnob.com\/dk\">https:\/\/www.datingsnob.com<\/a> og alle relaterede tjenester, der leveres af DatingSnob<a href=\"https:\/\/www.datingsnob.com\/\">.<\/a><\/p>\n\n\n\n<p>Ved at g\u00e5 ind p\u00e5 <a href=\"https:\/\/www.datingsnob.com\/dk\">https:\/\/www.datingsnob.com<\/a> accepterer du at overholde disse servicevilk\u00e5r og at overholde alle g\u00e6ldende love og regler. Hvis du ikke accepterer disse servicevilk\u00e5r, er det forbudt for dig at bruge eller f\u00e5 adgang til denne hjemmeside eller bruge andre tjenester, der leveres af DatingSnob.<\/p>\n\n\n\n<p>Vi, DatingSnob, forbeholder os ret til at revidere og \u00e6ndre enhver af disse Servicevilk\u00e5r efter eget sk\u00f8n. N\u00e5r vi g\u00f8r det, vil vi opdatere denne side. Enhver \u00e6ndring af disse servicevilk\u00e5r vil tr\u00e6de i kraft \u00f8jeblikkeligt fra datoen for offentligg\u00f8relsen.<\/p>\n\n\n\n<p>Disse servicevilk\u00e5r blev sidst opdateret den 17. juli 2024.<\/p>\n\n\n\n<h2 class=\"wp-block-heading\">Begr\u00e6nsninger i brugen<\/h2>\n\n\n\n<p>Ved at bruge dette websted garanterer du p\u00e5 vegne af dig selv, dine brugere og andre parter, du repr\u00e6senterer, at du ikke vil:<\/p>\n\n\n\n<ol start=\"1\" class=\"wp-block-list\">\n<li>\u00e6ndre, kopiere, udarbejde afledte v\u00e6rker af, dekompilere eller foretage reverse engineering af materialer og software, der findes p\u00e5 dette websted;<\/li>\n\n\n\n<li>fjerne enhver ophavsretlig eller anden ejendomsretlig anm\u00e6rkning fra ethvert materiale og software p\u00e5 dette websted;<\/li>\n\n\n\n<li>overf\u00f8re materialet til en anden person eller &#8220;spejle&#8221; materialet p\u00e5 en anden server;<\/li>\n\n\n\n<li>bevidst eller uagtsomt at bruge dette websted eller nogen af dets tilknyttede tjenester p\u00e5 en m\u00e5de, der misbruger eller forstyrrer vores netv\u00e6rk eller nogen anden tjeneste, som DatingSnob leverer;<\/li>\n\n\n\n<li>bruge dette websted eller dets tilknyttede tjenester til at overf\u00f8re eller offentligg\u00f8re chikanerende, uanst\u00e6ndigt, uanst\u00e6ndigt, svigagtigt eller ulovligt materiale;<\/li>\n\n\n\n<li>bruge dette websted eller dets tilknyttede tjenester i strid med g\u00e6ldende love eller bestemmelser;<\/li>\n\n\n\n<li>bruge dette websted i forbindelse med udsendelse af uautoriseret reklame eller spam;<\/li>\n\n\n\n<li>h\u00f8ste, indsamle eller samle brugerdata uden brugerens samtykke; eller<\/li>\n\n\n\n<li>bruge dette websted eller dets tilknyttede tjenester p\u00e5 en m\u00e5de, der kan kr\u00e6nke tredjeparters privatliv, intellektuelle ejendomsrettigheder eller andre rettigheder.<\/li>\n<\/ol>\n\n\n\n<h2 class=\"wp-block-heading\">Intellektuel ejendom<\/h2>\n\n\n\n<p>Den intellektuelle ejendom i materialerne p\u00e5 denne hjemmeside ejes af eller er licenseret til DatingSnob og er beskyttet af g\u00e6ldende copyright- og varem\u00e6rkelovgivning. Vi giver vores brugere tilladelse til at downloade \u00e9n kopi af materialet til personlig, ikke-kommerciel og midlertidig brug.<\/p>\n\n\n\n<p>Dette udg\u00f8r tildelingen af en licens, ikke en overf\u00f8rsel af titel. Denne licens oph\u00f8rer automatisk, hvis du overtr\u00e6der nogen af disse begr\u00e6nsninger eller Servicevilk\u00e5rene, og kan opsiges af DatingSnob til enhver tid.<\/p>\n\n\n\n<h2 class=\"wp-block-heading\">Brugergenereret indhold<\/h2>\n\n\n\n<p>Du beholder dine intellektuelle ejendomsrettigheder til det indhold, du sender til os med henblik p\u00e5 offentligg\u00f8relse p\u00e5 vores hjemmeside. Vi vil aldrig kr\u00e6ve ejerskab af dit indhold, men vi har brug for en licens fra dig for at kunne bruge det.<\/p>\n\n\n\n<p>N\u00e5r du bruger vores websted eller dets tilknyttede tjenester til at sende, uploade, dele eller p\u00e5 anden m\u00e5de overf\u00f8re indhold, der er d\u00e6kket af intellektuelle ejendomsrettigheder, giver du os en ikke-eksklusiv, royaltyfri, overf\u00f8rbar, underlicenserbar, verdensomsp\u00e6ndende licens til at bruge, distribuere, \u00e6ndre, k\u00f8re, kopiere, offentligt vise, overs\u00e6tte eller p\u00e5 anden m\u00e5de skabe afledte v\u00e6rker af dit indhold p\u00e5 en m\u00e5de, der er i overensstemmelse med dine privatlivspr\u00e6ferencer og vores fortrolighedspolitik.<\/p>\n\n\n\n<p>Den licens, du giver os, kan til enhver tid opsiges ved at slette dit indhold. I det omfang vi (eller vores partnere) har brugt dit indhold i forbindelse med kommercielt eller sponsoreret indhold, vil licensen dog forts\u00e6tte, indtil den relevante reklame eller det relevante indl\u00e6g er blevet afbrudt af os. Hvis du vil have os til at slette alt dit genererede indhold (anmeldelser, svar, sp\u00f8rgsm\u00e5l, kommentarer, billeder osv.), skal du kontakte os p\u00e5 contact@datingsnob.com.<\/p>\n\n\n\n<h2 class=\"wp-block-heading\">Ansvarlighed<\/h2>\n\n\n\n<p>Vores hjemmeside og materialerne p\u00e5 vores hjemmeside leveres, som de er og forefindes. I det omfang loven tillader det, giver DatingSnob ingen garantier, hverken udtrykkelige eller underforst\u00e5ede, og fraskriver sig hermed alle andre garantier, herunder, uden begr\u00e6nsning, underforst\u00e5ede garantier eller betingelser for salgbarhed, egnethed til et bestemt form\u00e5l eller ikke-kr\u00e6nkelse af intellektuel ejendom eller anden kr\u00e6nkelse af rettigheder.<\/p>\n\n\n\n<p>Under ingen omst\u00e6ndigheder er DatingSnob eller dets leverand\u00f8rer ansvarlige for f\u00f8lgeskader, som du eller en tredjepart har lidt eller p\u00e5draget sig som f\u00f8lge af brugen af eller manglende evne til at bruge denne hjemmeside eller materialerne p\u00e5 denne hjemmeside, selv om MyIntimacy eller en autoriseret repr\u00e6sentant er blevet underrettet, mundtligt eller skriftligt, om muligheden for en s\u00e5dan skade.<\/p>\n\n\n\n<p>I forbindelse med denne aftale omfatter &#8220;f\u00f8lgetab&#8221; ethvert f\u00f8lgetab, indirekte tab, reelt eller forventet tab af fortjeneste, tab af fordele, tab af indt\u00e6gter, tab af forretning, tab af goodwill, tab af muligheder, tab af besparelser, tab af omd\u00f8mme, tab af brug og\/eller tab eller beskadigelse af data, uanset om det er i henhold til lov, kontrakt, egenkapital, erstatning (herunder uagtsomhed), skadesl\u00f8sholdelse eller andet.<\/p>\n\n\n\n<p>Da nogle jurisdiktioner ikke tillader begr\u00e6nsninger af underforst\u00e5ede garantier eller begr\u00e6nsninger af ansvar for f\u00f8lgeskader eller tilf\u00e6ldige skader, g\u00e6lder disse begr\u00e6nsninger muligvis ikke for dig.<\/p>\n\n\n\n<h2 class=\"wp-block-heading\">N\u00f8jagtighed af materialer<\/h2>\n\n\n\n<p>Materialerne p\u00e5 vores hjemmeside er ikke fyldestg\u00f8rende og er kun til generel information. DatingSnob garanterer ikke eller frems\u00e6tter nogen erkl\u00e6ringer om n\u00f8jagtigheden, de sandsynlige resultater eller p\u00e5lideligheden af brugen af materialerne p\u00e5 denne hjemmeside eller p\u00e5 anden m\u00e5de vedr\u00f8rende s\u00e5danne materialer eller ressourcer, der er knyttet til denne hjemmeside.<\/p>\n\n\n\n<h2 class=\"wp-block-heading\">Links<\/h2>\n\n\n\n<p>DatingSnob har ikke gennemg\u00e5et alle de sider, der er linket til deres hjemmeside, og er ikke ansvarlig for indholdet af s\u00e5danne linkede sider. Inkluderingen af et link betyder ikke, at DatingSnob st\u00f8tter, godkender eller kontrollerer siden. Brug af s\u00e5danne linkede sider sker p\u00e5 egen risiko, og vi anbefaler p\u00e5 det kraftigste, at du foretager dine egne unders\u00f8gelser med hensyn til disse siders egnethed.<\/p>\n\n\n\n<h2 class=\"wp-block-heading\">Ret til at opsige<\/h2>\n\n\n\n<p>Vi kan suspendere eller opsige din ret til at bruge vores websted og opsige disse servicevilk\u00e5r med det samme efter skriftlig meddelelse til dig for enhver overtr\u00e6delse af disse servicevilk\u00e5r.<\/p>\n\n\n\n<h2 class=\"wp-block-heading\">Afskedigelse<\/h2>\n\n\n\n<p>Ethvert vilk\u00e5r i disse servicevilk\u00e5r, som helt eller delvist er ugyldigt eller ikke kan h\u00e5ndh\u00e6ves, udg\u00e5r i det omfang, det er ugyldigt eller ikke kan h\u00e5ndh\u00e6ves. Gyldigheden af resten af disse servicevilk\u00e5r p\u00e5virkes ikke.<\/p>\n\n\n\n<h2 class=\"wp-block-heading\">G\u00e6ldende lov<\/h2>\n\n\n\n<p>Disse servicevilk\u00e5r er underlagt og fortolkes i overensstemmelse med lovgivningen i USA. Du underkaster dig uigenkaldeligt den eksklusive jurisdiktion for domstolene i den p\u00e5g\u00e6ldende stat eller placering.<\/p>\n","protected":false},"excerpt":{"rendered":"<p>Disse servicevilk\u00e5r regulerer din brug af hjemmesiden p\u00e5 https:\/\/www.datingsnob.com og alle relaterede tjenester, der leveres af DatingSnob. Ved at g\u00e5 ind p\u00e5 https:\/\/www.datingsnob.com accepterer du at overholde disse servicevilk\u00e5r og at overholde alle g\u00e6ldende love og regler. Hvis du ikke accepterer disse servicevilk\u00e5r, er det forbudt for dig at bruge eller f\u00e5 adgang til denne [&hellip;]<\/p>\n","protected":false},"author":4,"featured_media":0,"parent":0,"menu_order":0,"comment_status":"closed","ping_status":"closed","template":"","meta":{"inline_featured_image":false,"footnotes":""},"class_list":["post-29","page","type-page","status-publish","hentry"],"acf":[],"yoast_head":"<!-- This site is optimized with the Yoast SEO plugin v23.2 - https:\/\/yoast.com\/wordpress\/plugins\/seo\/ -->\n<title>Vilk\u00e5r for service - DatingSnob Danmark<\/title>\n<meta name=\"robots\" content=\"index, follow, max-snippet:-1, max-image-preview:large, max-video-preview:-1\" \/>\n<link rel=\"canonical\" href=\"https:\/\/datingsnob.com\/dk\/terms-of-service\/\" \/>\n<meta property=\"og:locale\" content=\"da_DK\" \/>\n<meta property=\"og:type\" content=\"article\" \/>\n<meta property=\"og:title\" content=\"Vilk\u00e5r for service - DatingSnob Danmark\" \/>\n<meta property=\"og:description\" content=\"Disse servicevilk\u00e5r regulerer din brug af hjemmesiden p\u00e5 https:\/\/www.datingsnob.com og alle relaterede tjenester, der leveres af DatingSnob. Ved at g\u00e5 ind p\u00e5 https:\/\/www.datingsnob.com accepterer du at overholde disse servicevilk\u00e5r og at overholde alle g\u00e6ldende love og regler. Hvis du ikke accepterer disse servicevilk\u00e5r, er det forbudt for dig at bruge eller f\u00e5 adgang til denne [&hellip;]\" \/>\n<meta property=\"og:url\" content=\"https:\/\/datingsnob.com\/dk\/terms-of-service\/\" \/>\n<meta property=\"og:site_name\" content=\"DatingSnob Danmark\" \/>\n<meta property=\"article:modified_time\" content=\"2024-08-07T20:39:53+00:00\" \/>\n<meta name=\"twitter:card\" content=\"summary_large_image\" \/>\n<meta name=\"twitter:label1\" content=\"Estimeret l\u00e6setid\" \/>\n\t<meta name=\"twitter:data1\" content=\"6 minutter\" \/>\n<script type=\"application\/ld+json\" class=\"yoast-schema-graph\">{\"@context\":\"https:\/\/schema.org\",\"@graph\":[{\"@type\":\"WebPage\",\"@id\":\"https:\/\/datingsnob.com\/dk\/terms-of-service\/\",\"url\":\"https:\/\/datingsnob.com\/dk\/terms-of-service\/\",\"name\":\"Vilk\u00e5r for service - DatingSnob Danmark\",\"isPartOf\":{\"@id\":\"https:\/\/datingsnob.com\/dk\/#website\"},\"datePublished\":\"2020-02-01T10:32:11+00:00\",\"dateModified\":\"2024-08-07T20:39:53+00:00\",\"breadcrumb\":{\"@id\":\"https:\/\/datingsnob.com\/dk\/terms-of-service\/#breadcrumb\"},\"inLanguage\":\"da-DK\",\"potentialAction\":[{\"@type\":\"ReadAction\",\"target\":[\"https:\/\/datingsnob.com\/dk\/terms-of-service\/\"]}]},{\"@type\":\"BreadcrumbList\",\"@id\":\"https:\/\/datingsnob.com\/dk\/terms-of-service\/#breadcrumb\",\"itemListElement\":[{\"@type\":\"ListItem\",\"position\":1,\"name\":\"Home\",\"item\":\"https:\/\/datingsnob.com\/dk\/\"},{\"@type\":\"ListItem\",\"position\":2,\"name\":\"Vilk\u00e5r for service\"}]},{\"@type\":\"WebSite\",\"@id\":\"https:\/\/datingsnob.com\/dk\/#website\",\"url\":\"https:\/\/datingsnob.com\/dk\/\",\"name\":\"DatingSnob Danmark\",\"description\":\"Brugeranmeldelser af datingtjenester\",\"publisher\":{\"@id\":\"https:\/\/datingsnob.com\/dk\/#organization\"},\"potentialAction\":[{\"@type\":\"SearchAction\",\"target\":{\"@type\":\"EntryPoint\",\"urlTemplate\":\"https:\/\/datingsnob.com\/dk\/?s={search_term_string}\"},\"query-input\":\"required name=search_term_string\"}],\"inLanguage\":\"da-DK\"},{\"@type\":\"Organization\",\"@id\":\"https:\/\/datingsnob.com\/dk\/#organization\",\"name\":\"DatingSnob Danmark\",\"url\":\"https:\/\/datingsnob.com\/dk\/\",\"logo\":{\"@type\":\"ImageObject\",\"inLanguage\":\"da-DK\",\"@id\":\"https:\/\/datingsnob.com\/dk\/#\/schema\/logo\/image\/\",\"url\":\"https:\/\/datingsnob.com\/dk\/wp-content\/uploads\/sites\/16\/2024\/07\/DatingSnobMainLogo-1.svg\",\"contentUrl\":\"https:\/\/datingsnob.com\/dk\/wp-content\/uploads\/sites\/16\/2024\/07\/DatingSnobMainLogo-1.svg\",\"width\":269,\"height\":50,\"caption\":\"DatingSnob Danmark\"},\"image\":{\"@id\":\"https:\/\/datingsnob.com\/dk\/#\/schema\/logo\/image\/\"}}]}<\/script>\n<!-- \/ Yoast SEO plugin. -->","yoast_head_json":{"title":"Vilk\u00e5r for service - DatingSnob Danmark","robots":{"index":"index","follow":"follow","max-snippet":"max-snippet:-1","max-image-preview":"max-image-preview:large","max-video-preview":"max-video-preview:-1"},"canonical":"https:\/\/datingsnob.com\/dk\/terms-of-service\/","og_locale":"da_DK","og_type":"article","og_title":"Vilk\u00e5r for service - DatingSnob Danmark","og_description":"Disse servicevilk\u00e5r regulerer din brug af hjemmesiden p\u00e5 https:\/\/www.datingsnob.com og alle relaterede tjenester, der leveres af DatingSnob. Ved at g\u00e5 ind p\u00e5 https:\/\/www.datingsnob.com accepterer du at overholde disse servicevilk\u00e5r og at overholde alle g\u00e6ldende love og regler. Hvis du ikke accepterer disse servicevilk\u00e5r, er det forbudt for dig at bruge eller f\u00e5 adgang til denne [&hellip;]","og_url":"https:\/\/datingsnob.com\/dk\/terms-of-service\/","og_site_name":"DatingSnob Danmark","article_modified_time":"2024-08-07T20:39:53+00:00","twitter_card":"summary_large_image","twitter_misc":{"Estimeret l\u00e6setid":"6 minutter"},"schema":{"@context":"https:\/\/schema.org","@graph":[{"@type":"WebPage","@id":"https:\/\/datingsnob.com\/dk\/terms-of-service\/","url":"https:\/\/datingsnob.com\/dk\/terms-of-service\/","name":"Vilk\u00e5r for service - DatingSnob Danmark","isPartOf":{"@id":"https:\/\/datingsnob.com\/dk\/#website"},"datePublished":"2020-02-01T10:32:11+00:00","dateModified":"2024-08-07T20:39:53+00:00","breadcrumb":{"@id":"https:\/\/datingsnob.com\/dk\/terms-of-service\/#breadcrumb"},"inLanguage":"da-DK","potentialAction":[{"@type":"ReadAction","target":["https:\/\/datingsnob.com\/dk\/terms-of-service\/"]}]},{"@type":"BreadcrumbList","@id":"https:\/\/datingsnob.com\/dk\/terms-of-service\/#breadcrumb","itemListElement":[{"@type":"ListItem","position":1,"name":"Home","item":"https:\/\/datingsnob.com\/dk\/"},{"@type":"ListItem","position":2,"name":"Vilk\u00e5r for service"}]},{"@type":"WebSite","@id":"https:\/\/datingsnob.com\/dk\/#website","url":"https:\/\/datingsnob.com\/dk\/","name":"DatingSnob Danmark","description":"Brugeranmeldelser af datingtjenester","publisher":{"@id":"https:\/\/datingsnob.com\/dk\/#organization"},"potentialAction":[{"@type":"SearchAction","target":{"@type":"EntryPoint","urlTemplate":"https:\/\/datingsnob.com\/dk\/?s={search_term_string}"},"query-input":"required name=search_term_string"}],"inLanguage":"da-DK"},{"@type":"Organization","@id":"https:\/\/datingsnob.com\/dk\/#organization","name":"DatingSnob Danmark","url":"https:\/\/datingsnob.com\/dk\/","logo":{"@type":"ImageObject","inLanguage":"da-DK","@id":"https:\/\/datingsnob.com\/dk\/#\/schema\/logo\/image\/","url":"https:\/\/datingsnob.com\/dk\/wp-content\/uploads\/sites\/16\/2024\/07\/DatingSnobMainLogo-1.svg","contentUrl":"https:\/\/datingsnob.com\/dk\/wp-content\/uploads\/sites\/16\/2024\/07\/DatingSnobMainLogo-1.svg","width":269,"height":50,"caption":"DatingSnob Danmark"},"image":{"@id":"https:\/\/datingsnob.com\/dk\/#\/schema\/logo\/image\/"}}]}},"_links":{"self":[{"href":"https:\/\/datingsnob.com\/dk\/wp-json\/wp\/v2\/pages\/29","targetHints":{"allow":["GET"]}}],"collection":[{"href":"https:\/\/datingsnob.com\/dk\/wp-json\/wp\/v2\/pages"}],"about":[{"href":"https:\/\/datingsnob.com\/dk\/wp-json\/wp\/v2\/types\/page"}],"author":[{"embeddable":true,"href":"https:\/\/datingsnob.com\/dk\/wp-json\/wp\/v2\/users\/4"}],"replies":[{"embeddable":true,"href":"https:\/\/datingsnob.com\/dk\/wp-json\/wp\/v2\/comments?post=29"}],"version-history":[{"count":3,"href":"https:\/\/datingsnob.com\/dk\/wp-json\/wp\/v2\/pages\/29\/revisions"}],"predecessor-version":[{"id":26566,"href":"https:\/\/datingsnob.com\/dk\/wp-json\/wp\/v2\/pages\/29\/revisions\/26566"}],"wp:attachment":[{"href":"https:\/\/datingsnob.com\/dk\/wp-json\/wp\/v2\/media?parent=29"}],"curies":[{"name":"wp","href":"https:\/\/api.w.org\/{rel}","templated":true}]}}