{"id":258,"date":"2020-03-25T15:22:13","date_gmt":"2020-03-25T15:22:13","guid":{"rendered":"https:\/\/www.xbitlabs.com\/?page_id=258"},"modified":"2024-08-07T20:34:37","modified_gmt":"2024-08-07T20:34:37","slug":"cookie-policy","status":"publish","type":"page","link":"https:\/\/datingsnob.com\/dk\/cookie-policy\/","title":{"rendered":"Cookiepolitik"},"content":{"rendered":"\n<p>Vi bruger cookies til at forbedre din oplevelse af vores hjemmeside p\u00e5 <a href=\"https:\/\/www.datingsnob.com\/dk\">https:\/\/www.datingsnob.com.<\/a> Denne cookiepolitik er en del af DatingSnobs <a href=\"\/dk\/privacy-policy\/\" target=\"_blank\" rel=\"noreferrer noopener\">privatlivspolitik<\/a>. Den d\u00e6kker brugen af cookies mellem din enhed og vores hjemmeside.<\/p>\n\n\n\n<p>Vi giver ogs\u00e5 grundl\u00e6ggende oplysninger om tredjepartstjenester, som vi kan bruge, og som ogs\u00e5 kan bruge cookies som en del af deres tjeneste. Denne politik d\u00e6kker ikke deres cookies.<\/p>\n\n\n\n<p>Hvis du ikke \u00f8nsker at acceptere cookies fra os, skal du instruere din browser i at afvise cookies fra <a href=\"https:\/\/www.datingsnob.com\/dk\">https:\/\/www.datingsnob.com.<\/a> I s\u00e5 fald kan vi muligvis ikke give dig noget af det indhold og de tjenester, du \u00f8nsker.<\/p>\n\n\n\n<h2 class=\"wp-block-heading\">Hvad er en cookie?<\/h2>\n\n\n\n<p>En cookie er et lille stykke data, som en hjemmeside gemmer p\u00e5 din enhed, n\u00e5r du bes\u00f8ger den. Den indeholder typisk oplysninger om selve webstedet, en unik identifikator, der g\u00f8r det muligt for webstedet at genkende din webbrowser, n\u00e5r du vender tilbage, yderligere data, der tjener cookiens form\u00e5l, og selve cookiens levetid.<\/p>\n\n\n\n<p>Cookies bruges til at aktivere visse funktioner (f.eks. at logge ind), spore brugen af webstedet (f.eks. analyser), gemme dine brugerindstillinger (f.eks. tidszone, meddelelsespr\u00e6ferencer) og til at tilpasse dit indhold (f.eks. reklamer, sprog).<\/p>\n\n\n\n<p>Cookies, der s\u00e6ttes af det websted, du bes\u00f8ger, kaldes normalt f\u00f8rstepartscookies. De sporer typisk kun din aktivitet p\u00e5 det p\u00e5g\u00e6ldende websted.<\/p>\n\n\n\n<p>Cookies, der s\u00e6ttes af andre websteder og virksomheder (dvs. tredjeparter), kaldes tredjepartscookies. De kan bruges til at spore dig p\u00e5 andre websteder, der bruger den samme tredjepartstjeneste.<\/p>\n\n\n\n<h2 class=\"wp-block-heading\">Typer af cookies og hvordan vi bruger dem<\/h2>\n\n\n\n<h3 class=\"wp-block-heading\">Vigtige cookies<\/h3>\n\n\n\n<p>Essentielle cookies er afg\u00f8rende for din oplevelse af et websted og muligg\u00f8r kernefunktioner som brugerlogin, kontoadministration, indk\u00f8bskurve og betalingsbehandling.<\/p>\n\n\n\n<p>Vi bruger essentielle cookies til at aktivere visse funktioner p\u00e5 vores hjemmeside.<\/p>\n\n\n\n<h3 class=\"wp-block-heading\">Performance-cookies<\/h3>\n\n\n\n<p>Performance-cookies sporer, hvordan du bruger et websted under dit bes\u00f8g. Disse oplysninger er typisk anonyme og aggregerede, og de spores p\u00e5 tv\u00e6rs af alle brugere af webstedet. De hj\u00e6lper virksomheder med at forst\u00e5 bes\u00f8gendes brugsm\u00f8nstre, identificere og diagnosticere problemer eller fejl, som deres brugere m\u00e5tte st\u00f8de p\u00e5, og tr\u00e6ffe bedre strategiske beslutninger om at forbedre deres publikums samlede oplevelse af webstedet. Disse cookies kan s\u00e6ttes af det website, du bes\u00f8ger (f\u00f8rstepart), eller af tredjepartstjenester. De indsamler ikke personlige oplysninger om dig.<\/p>\n\n\n\n<p>Vi bruger performance-cookies p\u00e5 vores hjemmeside.<\/p>\n\n\n\n<h3 class=\"wp-block-heading\">Funktionalitetscookies<\/h3>\n\n\n\n<p>Funktionalitetscookies bruges til at indsamle oplysninger om din enhed og eventuelle indstillinger, du m\u00e5tte konfigurere p\u00e5 det websted, du bes\u00f8ger (f.eks. sprog- og tidszoneindstillinger). Med disse oplysninger kan websites give dig tilpasset, forbedret eller optimeret indhold og tjenester. Disse cookies kan s\u00e6ttes af det websted, du bes\u00f8ger (f\u00f8rstepart), eller af tredjepartstjenester.<\/p>\n\n\n\n<p>Vi bruger funktionalitetscookies til udvalgte funktioner p\u00e5 vores hjemmeside.<\/p>\n\n\n\n<h3 class=\"wp-block-heading\">M\u00e5lretning\/adv ertising cookies<\/h3>\n\n\n\n<p>M\u00e5lretnings-\/reklamecookies hj\u00e6lper med at bestemme, hvilket salgsfremmende indhold der er mest relevant og passende for dig og dine interesser. Hjemmesider kan bruge dem til at levere m\u00e5lrettede reklamer eller begr\u00e6nse antallet af gange, du ser en reklame. Dette hj\u00e6lper virksomheder med at forbedre effektiviteten af deres kampagner og kvaliteten af det indhold, der pr\u00e6senteres for dig. Disse cookies kan s\u00e6ttes af det websted, du bes\u00f8ger (f\u00f8rstepart), eller af tredjepartstjenester. M\u00e5lretnings-\/reklamecookies fra tredjeparter kan bruges til at spore dig p\u00e5 andre hjemmesider, der bruger den samme tredjepartstjeneste.<\/p>\n\n\n\n<p>Vi bruger m\u00e5lretnings-\/reklamecookies p\u00e5 vores hjemmeside.<\/p>\n","protected":false},"excerpt":{"rendered":"<p>Vi bruger cookies til at forbedre din oplevelse af vores hjemmeside p\u00e5 https:\/\/www.datingsnob.com. Denne cookiepolitik er en del af DatingSnobs privatlivspolitik. Den d\u00e6kker brugen af cookies mellem din enhed og vores hjemmeside. Vi giver ogs\u00e5 grundl\u00e6ggende oplysninger om tredjepartstjenester, som vi kan bruge, og som ogs\u00e5 kan bruge cookies som en del af deres tjeneste. [&hellip;]<\/p>\n","protected":false},"author":4,"featured_media":0,"parent":0,"menu_order":0,"comment_status":"closed","ping_status":"closed","template":"","meta":{"inline_featured_image":false,"footnotes":""},"class_list":["post-258","page","type-page","status-publish","hentry"],"acf":[],"yoast_head":"<!-- This site is optimized with the Yoast SEO plugin v23.2 - https:\/\/yoast.com\/wordpress\/plugins\/seo\/ -->\n<title>Cookiepolitik - DatingSnob Danmark<\/title>\n<meta name=\"robots\" content=\"index, follow, max-snippet:-1, max-image-preview:large, max-video-preview:-1\" \/>\n<link rel=\"canonical\" href=\"https:\/\/datingsnob.com\/dk\/cookie-policy\/\" \/>\n<meta property=\"og:locale\" content=\"da_DK\" \/>\n<meta property=\"og:type\" content=\"article\" \/>\n<meta property=\"og:title\" content=\"Cookiepolitik - DatingSnob Danmark\" \/>\n<meta property=\"og:description\" content=\"Vi bruger cookies til at forbedre din oplevelse af vores hjemmeside p\u00e5 https:\/\/www.datingsnob.com. Denne cookiepolitik er en del af DatingSnobs privatlivspolitik. Den d\u00e6kker brugen af cookies mellem din enhed og vores hjemmeside. Vi giver ogs\u00e5 grundl\u00e6ggende oplysninger om tredjepartstjenester, som vi kan bruge, og som ogs\u00e5 kan bruge cookies som en del af deres tjeneste. [&hellip;]\" \/>\n<meta property=\"og:url\" content=\"https:\/\/datingsnob.com\/dk\/cookie-policy\/\" \/>\n<meta property=\"og:site_name\" content=\"DatingSnob Danmark\" \/>\n<meta property=\"article:modified_time\" content=\"2024-08-07T20:34:37+00:00\" \/>\n<meta name=\"twitter:card\" content=\"summary_large_image\" \/>\n<meta name=\"twitter:label1\" content=\"Estimeret l\u00e6setid\" \/>\n\t<meta name=\"twitter:data1\" content=\"3 minutter\" \/>\n<script type=\"application\/ld+json\" class=\"yoast-schema-graph\">{\"@context\":\"https:\/\/schema.org\",\"@graph\":[{\"@type\":\"WebPage\",\"@id\":\"https:\/\/datingsnob.com\/dk\/cookie-policy\/\",\"url\":\"https:\/\/datingsnob.com\/dk\/cookie-policy\/\",\"name\":\"Cookiepolitik - DatingSnob Danmark\",\"isPartOf\":{\"@id\":\"https:\/\/datingsnob.com\/dk\/#website\"},\"datePublished\":\"2020-03-25T15:22:13+00:00\",\"dateModified\":\"2024-08-07T20:34:37+00:00\",\"breadcrumb\":{\"@id\":\"https:\/\/datingsnob.com\/dk\/cookie-policy\/#breadcrumb\"},\"inLanguage\":\"da-DK\",\"potentialAction\":[{\"@type\":\"ReadAction\",\"target\":[\"https:\/\/datingsnob.com\/dk\/cookie-policy\/\"]}]},{\"@type\":\"BreadcrumbList\",\"@id\":\"https:\/\/datingsnob.com\/dk\/cookie-policy\/#breadcrumb\",\"itemListElement\":[{\"@type\":\"ListItem\",\"position\":1,\"name\":\"Home\",\"item\":\"https:\/\/datingsnob.com\/dk\/\"},{\"@type\":\"ListItem\",\"position\":2,\"name\":\"Cookiepolitik\"}]},{\"@type\":\"WebSite\",\"@id\":\"https:\/\/datingsnob.com\/dk\/#website\",\"url\":\"https:\/\/datingsnob.com\/dk\/\",\"name\":\"DatingSnob Danmark\",\"description\":\"Brugeranmeldelser af datingtjenester\",\"publisher\":{\"@id\":\"https:\/\/datingsnob.com\/dk\/#organization\"},\"potentialAction\":[{\"@type\":\"SearchAction\",\"target\":{\"@type\":\"EntryPoint\",\"urlTemplate\":\"https:\/\/datingsnob.com\/dk\/?s={search_term_string}\"},\"query-input\":\"required name=search_term_string\"}],\"inLanguage\":\"da-DK\"},{\"@type\":\"Organization\",\"@id\":\"https:\/\/datingsnob.com\/dk\/#organization\",\"name\":\"DatingSnob Danmark\",\"url\":\"https:\/\/datingsnob.com\/dk\/\",\"logo\":{\"@type\":\"ImageObject\",\"inLanguage\":\"da-DK\",\"@id\":\"https:\/\/datingsnob.com\/dk\/#\/schema\/logo\/image\/\",\"url\":\"https:\/\/datingsnob.com\/dk\/wp-content\/uploads\/sites\/16\/2024\/07\/DatingSnobMainLogo-1.svg\",\"contentUrl\":\"https:\/\/datingsnob.com\/dk\/wp-content\/uploads\/sites\/16\/2024\/07\/DatingSnobMainLogo-1.svg\",\"width\":269,\"height\":50,\"caption\":\"DatingSnob Danmark\"},\"image\":{\"@id\":\"https:\/\/datingsnob.com\/dk\/#\/schema\/logo\/image\/\"}}]}<\/script>\n<!-- \/ Yoast SEO plugin. -->","yoast_head_json":{"title":"Cookiepolitik - DatingSnob Danmark","robots":{"index":"index","follow":"follow","max-snippet":"max-snippet:-1","max-image-preview":"max-image-preview:large","max-video-preview":"max-video-preview:-1"},"canonical":"https:\/\/datingsnob.com\/dk\/cookie-policy\/","og_locale":"da_DK","og_type":"article","og_title":"Cookiepolitik - DatingSnob Danmark","og_description":"Vi bruger cookies til at forbedre din oplevelse af vores hjemmeside p\u00e5 https:\/\/www.datingsnob.com. Denne cookiepolitik er en del af DatingSnobs privatlivspolitik. Den d\u00e6kker brugen af cookies mellem din enhed og vores hjemmeside. Vi giver ogs\u00e5 grundl\u00e6ggende oplysninger om tredjepartstjenester, som vi kan bruge, og som ogs\u00e5 kan bruge cookies som en del af deres tjeneste. [&hellip;]","og_url":"https:\/\/datingsnob.com\/dk\/cookie-policy\/","og_site_name":"DatingSnob Danmark","article_modified_time":"2024-08-07T20:34:37+00:00","twitter_card":"summary_large_image","twitter_misc":{"Estimeret l\u00e6setid":"3 minutter"},"schema":{"@context":"https:\/\/schema.org","@graph":[{"@type":"WebPage","@id":"https:\/\/datingsnob.com\/dk\/cookie-policy\/","url":"https:\/\/datingsnob.com\/dk\/cookie-policy\/","name":"Cookiepolitik - DatingSnob Danmark","isPartOf":{"@id":"https:\/\/datingsnob.com\/dk\/#website"},"datePublished":"2020-03-25T15:22:13+00:00","dateModified":"2024-08-07T20:34:37+00:00","breadcrumb":{"@id":"https:\/\/datingsnob.com\/dk\/cookie-policy\/#breadcrumb"},"inLanguage":"da-DK","potentialAction":[{"@type":"ReadAction","target":["https:\/\/datingsnob.com\/dk\/cookie-policy\/"]}]},{"@type":"BreadcrumbList","@id":"https:\/\/datingsnob.com\/dk\/cookie-policy\/#breadcrumb","itemListElement":[{"@type":"ListItem","position":1,"name":"Home","item":"https:\/\/datingsnob.com\/dk\/"},{"@type":"ListItem","position":2,"name":"Cookiepolitik"}]},{"@type":"WebSite","@id":"https:\/\/datingsnob.com\/dk\/#website","url":"https:\/\/datingsnob.com\/dk\/","name":"DatingSnob Danmark","description":"Brugeranmeldelser af datingtjenester","publisher":{"@id":"https:\/\/datingsnob.com\/dk\/#organization"},"potentialAction":[{"@type":"SearchAction","target":{"@type":"EntryPoint","urlTemplate":"https:\/\/datingsnob.com\/dk\/?s={search_term_string}"},"query-input":"required name=search_term_string"}],"inLanguage":"da-DK"},{"@type":"Organization","@id":"https:\/\/datingsnob.com\/dk\/#organization","name":"DatingSnob Danmark","url":"https:\/\/datingsnob.com\/dk\/","logo":{"@type":"ImageObject","inLanguage":"da-DK","@id":"https:\/\/datingsnob.com\/dk\/#\/schema\/logo\/image\/","url":"https:\/\/datingsnob.com\/dk\/wp-content\/uploads\/sites\/16\/2024\/07\/DatingSnobMainLogo-1.svg","contentUrl":"https:\/\/datingsnob.com\/dk\/wp-content\/uploads\/sites\/16\/2024\/07\/DatingSnobMainLogo-1.svg","width":269,"height":50,"caption":"DatingSnob Danmark"},"image":{"@id":"https:\/\/datingsnob.com\/dk\/#\/schema\/logo\/image\/"}}]}},"_links":{"self":[{"href":"https:\/\/datingsnob.com\/dk\/wp-json\/wp\/v2\/pages\/258","targetHints":{"allow":["GET"]}}],"collection":[{"href":"https:\/\/datingsnob.com\/dk\/wp-json\/wp\/v2\/pages"}],"about":[{"href":"https:\/\/datingsnob.com\/dk\/wp-json\/wp\/v2\/types\/page"}],"author":[{"embeddable":true,"href":"https:\/\/datingsnob.com\/dk\/wp-json\/wp\/v2\/users\/4"}],"replies":[{"embeddable":true,"href":"https:\/\/datingsnob.com\/dk\/wp-json\/wp\/v2\/comments?post=258"}],"version-history":[{"count":2,"href":"https:\/\/datingsnob.com\/dk\/wp-json\/wp\/v2\/pages\/258\/revisions"}],"predecessor-version":[{"id":26560,"href":"https:\/\/datingsnob.com\/dk\/wp-json\/wp\/v2\/pages\/258\/revisions\/26560"}],"wp:attachment":[{"href":"https:\/\/datingsnob.com\/dk\/wp-json\/wp\/v2\/media?parent=258"}],"curies":[{"name":"wp","href":"https:\/\/api.w.org\/{rel}","templated":true}]}}