{"id":26979,"date":"2024-08-13T19:38:05","date_gmt":"2024-08-13T19:38:05","guid":{"rendered":"https:\/\/datingsnob.com\/cz\/reviews\/feeld-co\/"},"modified":"2024-08-13T19:38:05","modified_gmt":"2024-08-13T19:38:05","slug":"feeld-co","status":"publish","type":"product","link":"https:\/\/datingsnob.com\/cz\/recenze\/feeld-co\/","title":{"rendered":"Feeld.co"},"content":{"rendered":"","protected":false},"excerpt":{"rendered":"","protected":false},"featured_media":26646,"comment_status":"open","ping_status":"closed","template":"","meta":{"inline_featured_image":false},"product_cat":[65,71,66,69,67],"product_tag":[],"class_list":{"0":"post-26979","1":"product","2":"type-product","3":"status-publish","4":"has-post-thumbnail","6":"product_cat-gay","7":"product_cat-lesba","8":"product_cat-nezavazne","9":"product_cat-polyamorni","10":"product_cat-sex","12":"first","13":"instock","14":"shipping-taxable","15":"product-type-simple"},"acf":[],"yoast_head":"<!-- This site is optimized with the Yoast SEO plugin v23.2 - https:\/\/yoast.com\/wordpress\/plugins\/seo\/ -->\n<title>Feeld.co Recenze - Je to d\u016fv\u011bryhodn\u00e9 nebo podvod?<\/title>\n<meta name=\"description\" content=\"Je Feeld.co dobr\u00e1 seznamka, nebo podvod? P\u0159e\u010dt\u011bte si recenze u\u017eivatel\u016f Feeld.co a zjist\u011bte to.\" \/>\n<meta name=\"robots\" content=\"index, follow, max-snippet:-1, max-image-preview:large, max-video-preview:-1\" \/>\n<link rel=\"canonical\" href=\"https:\/\/datingsnob.com\/cz\/recenze\/feeld-co\/\" \/>\n<meta property=\"og:locale\" content=\"cs_CZ\" \/>\n<meta property=\"og:type\" content=\"article\" \/>\n<meta property=\"og:title\" content=\"Feeld.co Recenze - Je to d\u016fv\u011bryhodn\u00e9 nebo podvod?\" \/>\n<meta property=\"og:description\" content=\"Je Feeld.co dobr\u00e1 seznamka, nebo podvod? P\u0159e\u010dt\u011bte si recenze u\u017eivatel\u016f Feeld.co a zjist\u011bte to.\" \/>\n<meta property=\"og:url\" content=\"https:\/\/datingsnob.com\/cz\/recenze\/feeld-co\/\" \/>\n<meta property=\"og:site_name\" content=\"DatingSnob \u010cesko\" \/>\n<meta property=\"og:image\" content=\"https:\/\/datingsnob.com\/cz\/wp-content\/uploads\/sites\/21\/2024\/08\/feeld-co.png\" \/>\n\t<meta property=\"og:image:width\" content=\"600\" \/>\n\t<meta property=\"og:image:height\" content=\"600\" \/>\n\t<meta property=\"og:image:type\" content=\"image\/png\" \/>\n<meta name=\"twitter:card\" content=\"summary_large_image\" \/>\n<script type=\"application\/ld+json\" class=\"yoast-schema-graph\">{\"@context\":\"https:\/\/schema.org\",\"@graph\":[{\"@type\":\"WebPage\",\"@id\":\"https:\/\/datingsnob.com\/cz\/recenze\/feeld-co\/\",\"url\":\"https:\/\/datingsnob.com\/cz\/recenze\/feeld-co\/\",\"name\":\"Feeld.co Recenze - Je to d\u016fv\u011bryhodn\u00e9 nebo podvod?\",\"isPartOf\":{\"@id\":\"https:\/\/datingsnob.com\/cz\/#website\"},\"primaryImageOfPage\":{\"@id\":\"https:\/\/datingsnob.com\/cz\/recenze\/feeld-co\/#primaryimage\"},\"image\":{\"@id\":\"https:\/\/datingsnob.com\/cz\/recenze\/feeld-co\/#primaryimage\"},\"thumbnailUrl\":\"https:\/\/datingsnob.com\/cz\/wp-content\/uploads\/sites\/21\/2024\/08\/feeld-co.png\",\"datePublished\":\"2024-08-13T19:38:05+00:00\",\"dateModified\":\"2024-08-13T19:38:05+00:00\",\"description\":\"Je Feeld.co dobr\u00e1 seznamka, nebo podvod? P\u0159e\u010dt\u011bte si recenze u\u017eivatel\u016f Feeld.co a zjist\u011bte to.\",\"breadcrumb\":{\"@id\":\"https:\/\/datingsnob.com\/cz\/recenze\/feeld-co\/#breadcrumb\"},\"inLanguage\":\"cs\",\"potentialAction\":[{\"@type\":\"ReadAction\",\"target\":[\"https:\/\/datingsnob.com\/cz\/recenze\/feeld-co\/\"]}]},{\"@type\":\"ImageObject\",\"inLanguage\":\"cs\",\"@id\":\"https:\/\/datingsnob.com\/cz\/recenze\/feeld-co\/#primaryimage\",\"url\":\"https:\/\/datingsnob.com\/cz\/wp-content\/uploads\/sites\/21\/2024\/08\/feeld-co.png\",\"contentUrl\":\"https:\/\/datingsnob.com\/cz\/wp-content\/uploads\/sites\/21\/2024\/08\/feeld-co.png\",\"width\":600,\"height\":600,\"caption\":\"feeld co\"},{\"@type\":\"BreadcrumbList\",\"@id\":\"https:\/\/datingsnob.com\/cz\/recenze\/feeld-co\/#breadcrumb\",\"itemListElement\":[{\"@type\":\"ListItem\",\"position\":1,\"name\":\"Home\",\"item\":\"https:\/\/datingsnob.com\/cz\/\"},{\"@type\":\"ListItem\",\"position\":2,\"name\":\"Products\",\"item\":\"https:\/\/datingsnob.com\/cz\/shop\/\"},{\"@type\":\"ListItem\",\"position\":3,\"name\":\"Feeld.co\"}]},{\"@type\":\"WebSite\",\"@id\":\"https:\/\/datingsnob.com\/cz\/#website\",\"url\":\"https:\/\/datingsnob.com\/cz\/\",\"name\":\"DatingSnob \u010cesko\",\"description\":\"U\u017eivatelsk\u00e9 recenze seznamovac\u00edch slu\u017eeb\",\"publisher\":{\"@id\":\"https:\/\/datingsnob.com\/cz\/#organization\"},\"potentialAction\":[{\"@type\":\"SearchAction\",\"target\":{\"@type\":\"EntryPoint\",\"urlTemplate\":\"https:\/\/datingsnob.com\/cz\/?s={search_term_string}\"},\"query-input\":\"required name=search_term_string\"}],\"inLanguage\":\"cs\"},{\"@type\":\"Organization\",\"@id\":\"https:\/\/datingsnob.com\/cz\/#organization\",\"name\":\"DatingSnob \u010cesko\",\"url\":\"https:\/\/datingsnob.com\/cz\/\",\"logo\":{\"@type\":\"ImageObject\",\"inLanguage\":\"cs\",\"@id\":\"https:\/\/datingsnob.com\/cz\/#\/schema\/logo\/image\/\",\"url\":\"https:\/\/datingsnob.com\/cz\/wp-content\/uploads\/sites\/21\/2024\/07\/DatingSnobMainLogo-1.svg\",\"contentUrl\":\"https:\/\/datingsnob.com\/cz\/wp-content\/uploads\/sites\/21\/2024\/07\/DatingSnobMainLogo-1.svg\",\"width\":269,\"height\":50,\"caption\":\"DatingSnob \u010cesko\"},\"image\":{\"@id\":\"https:\/\/datingsnob.com\/cz\/#\/schema\/logo\/image\/\"}}]}<\/script>\n<!-- \/ Yoast SEO plugin. -->","yoast_head_json":{"title":"Feeld.co Recenze - Je to d\u016fv\u011bryhodn\u00e9 nebo podvod?","description":"Je Feeld.co dobr\u00e1 seznamka, nebo podvod? P\u0159e\u010dt\u011bte si recenze u\u017eivatel\u016f Feeld.co a zjist\u011bte to.","robots":{"index":"index","follow":"follow","max-snippet":"max-snippet:-1","max-image-preview":"max-image-preview:large","max-video-preview":"max-video-preview:-1"},"canonical":"https:\/\/datingsnob.com\/cz\/recenze\/feeld-co\/","og_locale":"cs_CZ","og_type":"article","og_title":"Feeld.co Recenze - Je to d\u016fv\u011bryhodn\u00e9 nebo podvod?","og_description":"Je Feeld.co dobr\u00e1 seznamka, nebo podvod? P\u0159e\u010dt\u011bte si recenze u\u017eivatel\u016f Feeld.co a zjist\u011bte to.","og_url":"https:\/\/datingsnob.com\/cz\/recenze\/feeld-co\/","og_site_name":"DatingSnob \u010cesko","og_image":[{"width":600,"height":600,"url":"https:\/\/datingsnob.com\/cz\/wp-content\/uploads\/sites\/21\/2024\/08\/feeld-co.png","type":"image\/png"}],"twitter_card":"summary_large_image","schema":{"@context":"https:\/\/schema.org","@graph":[{"@type":"WebPage","@id":"https:\/\/datingsnob.com\/cz\/recenze\/feeld-co\/","url":"https:\/\/datingsnob.com\/cz\/recenze\/feeld-co\/","name":"Feeld.co Recenze - Je to d\u016fv\u011bryhodn\u00e9 nebo podvod?","isPartOf":{"@id":"https:\/\/datingsnob.com\/cz\/#website"},"primaryImageOfPage":{"@id":"https:\/\/datingsnob.com\/cz\/recenze\/feeld-co\/#primaryimage"},"image":{"@id":"https:\/\/datingsnob.com\/cz\/recenze\/feeld-co\/#primaryimage"},"thumbnailUrl":"https:\/\/datingsnob.com\/cz\/wp-content\/uploads\/sites\/21\/2024\/08\/feeld-co.png","datePublished":"2024-08-13T19:38:05+00:00","dateModified":"2024-08-13T19:38:05+00:00","description":"Je Feeld.co dobr\u00e1 seznamka, nebo podvod? P\u0159e\u010dt\u011bte si recenze u\u017eivatel\u016f Feeld.co a zjist\u011bte to.","breadcrumb":{"@id":"https:\/\/datingsnob.com\/cz\/recenze\/feeld-co\/#breadcrumb"},"inLanguage":"cs","potentialAction":[{"@type":"ReadAction","target":["https:\/\/datingsnob.com\/cz\/recenze\/feeld-co\/"]}]},{"@type":"ImageObject","inLanguage":"cs","@id":"https:\/\/datingsnob.com\/cz\/recenze\/feeld-co\/#primaryimage","url":"https:\/\/datingsnob.com\/cz\/wp-content\/uploads\/sites\/21\/2024\/08\/feeld-co.png","contentUrl":"https:\/\/datingsnob.com\/cz\/wp-content\/uploads\/sites\/21\/2024\/08\/feeld-co.png","width":600,"height":600,"caption":"feeld co"},{"@type":"BreadcrumbList","@id":"https:\/\/datingsnob.com\/cz\/recenze\/feeld-co\/#breadcrumb","itemListElement":[{"@type":"ListItem","position":1,"name":"Home","item":"https:\/\/datingsnob.com\/cz\/"},{"@type":"ListItem","position":2,"name":"Products","item":"https:\/\/datingsnob.com\/cz\/shop\/"},{"@type":"ListItem","position":3,"name":"Feeld.co"}]},{"@type":"WebSite","@id":"https:\/\/datingsnob.com\/cz\/#website","url":"https:\/\/datingsnob.com\/cz\/","name":"DatingSnob \u010cesko","description":"U\u017eivatelsk\u00e9 recenze seznamovac\u00edch slu\u017eeb","publisher":{"@id":"https:\/\/datingsnob.com\/cz\/#organization"},"potentialAction":[{"@type":"SearchAction","target":{"@type":"EntryPoint","urlTemplate":"https:\/\/datingsnob.com\/cz\/?s={search_term_string}"},"query-input":"required name=search_term_string"}],"inLanguage":"cs"},{"@type":"Organization","@id":"https:\/\/datingsnob.com\/cz\/#organization","name":"DatingSnob \u010cesko","url":"https:\/\/datingsnob.com\/cz\/","logo":{"@type":"ImageObject","inLanguage":"cs","@id":"https:\/\/datingsnob.com\/cz\/#\/schema\/logo\/image\/","url":"https:\/\/datingsnob.com\/cz\/wp-content\/uploads\/sites\/21\/2024\/07\/DatingSnobMainLogo-1.svg","contentUrl":"https:\/\/datingsnob.com\/cz\/wp-content\/uploads\/sites\/21\/2024\/07\/DatingSnobMainLogo-1.svg","width":269,"height":50,"caption":"DatingSnob \u010cesko"},"image":{"@id":"https:\/\/datingsnob.com\/cz\/#\/schema\/logo\/image\/"}}]}},"_links":{"self":[{"href":"https:\/\/datingsnob.com\/cz\/wp-json\/wp\/v2\/product\/26979","targetHints":{"allow":["GET"]}}],"collection":[{"href":"https:\/\/datingsnob.com\/cz\/wp-json\/wp\/v2\/product"}],"about":[{"href":"https:\/\/datingsnob.com\/cz\/wp-json\/wp\/v2\/types\/product"}],"replies":[{"embeddable":true,"href":"https:\/\/datingsnob.com\/cz\/wp-json\/wp\/v2\/comments?post=26979"}],"wp:featuredmedia":[{"embeddable":true,"href":"https:\/\/datingsnob.com\/cz\/wp-json\/wp\/v2\/media\/26646"}],"wp:attachment":[{"href":"https:\/\/datingsnob.com\/cz\/wp-json\/wp\/v2\/media?parent=26979"}],"wp:term":[{"taxonomy":"product_cat","embeddable":true,"href":"https:\/\/datingsnob.com\/cz\/wp-json\/wp\/v2\/product_cat?post=26979"},{"taxonomy":"product_tag","embeddable":true,"href":"https:\/\/datingsnob.com\/cz\/wp-json\/wp\/v2\/product_tag?post=26979"}],"curies":[{"name":"wp","href":"https:\/\/api.w.org\/{rel}","templated":true}]}}