{"id":29,"date":"2020-02-01T10:32:11","date_gmt":"2020-02-01T10:32:11","guid":{"rendered":"https:\/\/www.xbitlabs.com\/?page_id=29"},"modified":"2024-08-07T19:55:13","modified_gmt":"2024-08-07T19:55:13","slug":"terms-of-service","status":"publish","type":"page","link":"https:\/\/datingsnob.com\/ch-de\/terms-of-service\/","title":{"rendered":"Nutzungsbedingungen"},"content":{"rendered":"\n<p>Diese Allgemeinen Gesch\u00e4ftsbedingungen regeln Ihre Nutzung der Website <a href=\"https:\/\/www.datingsnob.com\/ch-de\">https:\/\/www.datingsnob.com<\/a> und aller damit verbundenen Dienstleistungen, die von DatingSnob angeboten werden.<\/p>\n\n\n\n<p>Indem Sie auf <a href=\"https:\/\/www.datingsnob.com\/ch-de\">https:\/\/www.datingsnob.com<\/a> zugreifen, erkl\u00e4ren Sie sich mit diesen Nutzungsbedingungen einverstanden und verpflichten sich, alle geltenden Gesetze und Vorschriften einzuhalten. Wenn Sie mit diesen Nutzungsbedingungen nicht einverstanden sind, ist es Ihnen untersagt, diese Website zu nutzen oder auf sie zuzugreifen oder andere von DatingSnob angebotene Dienste zu nutzen.<\/p>\n\n\n\n<p>Wir, DatingSnob, behalten uns das Recht vor, diese Allgemeinen Gesch\u00e4ftsbedingungen nach eigenem Ermessen zu \u00fcberpr\u00fcfen und zu \u00e4ndern. Wenn wir dies tun, werden wir diese Seite aktualisieren. Jegliche \u00c4nderungen an diesen Nutzungsbedingungen treten sofort ab dem Datum der Ver\u00f6ffentlichung in Kraft.<\/p>\n\n\n\n<p>Diese Nutzungsbedingungen wurden zuletzt am 17. Juli 2024 aktualisiert.<\/p>\n\n\n\n<h2 class=\"wp-block-heading\">Beschr\u00e4nkungen der Nutzung<\/h2>\n\n\n\n<p>Durch die Nutzung dieser Website garantieren Sie in Ihrem eigenen Namen, dem Ihrer Nutzer und anderer Parteien, dass Sie dies nicht tun werden:<\/p>\n\n\n\n<ol start=\"1\" class=\"wp-block-list\">\n<li>Materialien und Software, die auf dieser Website enthalten sind, zu ver\u00e4ndern, zu kopieren, abgeleitete Werke davon zu erstellen, zu dekompilieren oder zur\u00fcckzuentwickeln;<\/li>\n\n\n\n<li>Urheberrechts- oder andere Eigentumsvermerke von Materialien und Software auf dieser Website zu entfernen;<\/li>\n\n\n\n<li>das Material an eine andere Person weiterzugeben oder auf einem anderen Server zu &#8220;spiegeln&#8221;;<\/li>\n\n\n\n<li>wissentlich oder fahrl\u00e4ssig diese Website oder eine der damit verbundenen Dienstleistungen in einer Weise zu nutzen, die unsere Netzwerke oder eine andere Dienstleistung von DatingSnob missbraucht oder st\u00f6rt;<\/li>\n\n\n\n<li>diese Website oder die damit verbundenen Dienste zu nutzen, um bel\u00e4stigendes, unanst\u00e4ndiges, obsz\u00f6nes, betr\u00fcgerisches oder ungesetzliches Material zu \u00fcbertragen oder zu ver\u00f6ffentlichen;<\/li>\n\n\n\n<li>diese Website oder die mit ihr verbundenen Dienste unter Verletzung geltender Gesetze oder Vorschriften zu nutzen;<\/li>\n\n\n\n<li>diese Website in Verbindung mit dem Versand von unerlaubter Werbung oder Spam zu nutzen;<\/li>\n\n\n\n<li>Nutzerdaten ohne die Zustimmung des Nutzers zu sammeln, zu erfassen oder zu sammeln; oder<\/li>\n\n\n\n<li>diese Website oder die mit ihr verbundenen Dienste in einer Weise zu nutzen, die die Privatsph\u00e4re, die Rechte an geistigem Eigentum oder andere Rechte Dritter verletzen k\u00f6nnte.<\/li>\n<\/ol>\n\n\n\n<h2 class=\"wp-block-heading\">Geistiges Eigentum<\/h2>\n\n\n\n<p>Das geistige Eigentum an den auf dieser Website enthaltenen Materialien ist Eigentum von DatingSnob oder wurde an DatingSnob lizenziert und ist durch geltendes Urheberrecht und Markenrecht gesch\u00fctzt. Wir gew\u00e4hren unseren Nutzern die Erlaubnis, eine Kopie der Materialien f\u00fcr den pers\u00f6nlichen, nicht-kommerziellen, vor\u00fcbergehenden Gebrauch herunterzuladen.<\/p>\n\n\n\n<p>Dies stellt die Gew\u00e4hrung einer Lizenz dar, keine \u00dcbertragung des Eigentums. Diese Lizenz erlischt automatisch, wenn Sie eine dieser Einschr\u00e4nkungen oder die Nutzungsbedingungen verletzen, und kann von DatingSnob jederzeit gek\u00fcndigt werden.<\/p>\n\n\n\n<h2 class=\"wp-block-heading\">Benutzergenerierte Inhalte<\/h2>\n\n\n\n<p>Sie behalten Ihr geistiges Eigentumsrecht an den Inhalten, die Sie uns zur Ver\u00f6ffentlichung auf unserer Website zur Verf\u00fcgung stellen. Wir werden niemals das Eigentum an Ihren Inhalten beanspruchen, aber wir ben\u00f6tigen eine Lizenz von Ihnen, um sie nutzen zu k\u00f6nnen.<\/p>\n\n\n\n<p>Wenn Sie unsere Website oder die damit verbundenen Dienste nutzen, um Inhalte zu ver\u00f6ffentlichen, hochzuladen, freizugeben oder anderweitig zu \u00fcbermitteln, die durch Rechte an geistigem Eigentum gesch\u00fctzt sind, gew\u00e4hren Sie uns eine nicht-exklusive, geb\u00fchrenfreie, \u00fcbertragbare, unterlizenzierbare, weltweite Lizenz zur Nutzung, Verteilung, \u00c4nderung, Ausf\u00fchrung, Kopie, \u00f6ffentlichen Darstellung, \u00dcbersetzung oder anderweitigen Erstellung abgeleiteter Werke Ihrer Inhalte in einer Weise, die mit Ihren Datenschutzpr\u00e4ferenzen und unserer Datenschutzrichtlinie vereinbar ist.<\/p>\n\n\n\n<p>Die Lizenz, die Sie uns erteilen, kann jederzeit durch L\u00f6schung Ihrer Inhalte beendet werden. Soweit wir (oder unsere Partner) Ihre Inhalte jedoch in Verbindung mit kommerziellen oder gesponserten Inhalten verwendet haben, bleibt die Lizenz bestehen, bis die betreffende Werbung oder der betreffende Beitrag von uns eingestellt worden ist. Wenn Sie m\u00f6chten, dass wir alle von Ihnen erstellten Inhalte (Bewertungen, Antworten, Fragen, Kommentare, Bilder usw.) l\u00f6schen, m\u00fcssen Sie uns unter contact@datingsnob.com kontaktieren.<\/p>\n\n\n\n<h2 class=\"wp-block-heading\">Haftung<\/h2>\n\n\n\n<p>Unsere Website und die Materialien auf unserer Website werden auf einer &#8220;wie besehen&#8221;-Basis bereitgestellt. Soweit gesetzlich zul\u00e4ssig, gibt DatingSnob keine Garantien, weder ausdr\u00fccklich noch stillschweigend, und lehnt hiermit alle anderen Garantien ab, einschlie\u00dflich, ohne Einschr\u00e4nkung, stillschweigende Garantien oder Bedingungen der Marktg\u00e4ngigkeit, der Eignung f\u00fcr einen bestimmten r Zweck oder der Nicht-Verletzung von geistigem Eigentum oder anderen Rechtsverletzungen.<\/p>\n\n\n\n<p>In keinem Fall haften DatingSnob oder seine Zulieferer f\u00fcr Folgesch\u00e4den, die Ihnen oder Dritten durch die Nutzung oder die Unm\u00f6glichkeit der Nutzung dieser Website oder des Materials auf dieser Website entstehen, selbst wenn MyIntimacy oder ein autorisierter Vertreter m\u00fcndlich oder schriftlich \u00fcber die M\u00f6glichkeit solcher Sch\u00e4den informiert wurde.<\/p>\n\n\n\n<p>Im Zusammenhang mit dieser Vereinbarung umfasst der Begriff &#8220;Folgesch\u00e4den&#8221; jegliche Folgesch\u00e4den, indirekte Verluste, tats\u00e4chliche oder erwartete Gewinneinbu\u00dfen, entgangene Gewinne, Einnahmeverluste, Gesch\u00e4ftseinbu\u00dfen, Firmenwertverluste, Gelegenheitsverluste, Ersparnisverluste, Reputationsverluste, Nutzungsverluste und\/oder Datenverluste bzw. -besch\u00e4digungen, unabh\u00e4ngig davon, ob sie sich aus Gesetzen, Vertr\u00e4gen, Billigkeitsrecht, unerlaubten Handlungen (einschlie\u00dflich Fahrl\u00e4ssigkeit), Schadensersatzanspr\u00fcchen oder anderen Bestimmungen ergeben.<\/p>\n\n\n\n<p>Da einige Gerichtsbarkeiten keine Beschr\u00e4nkungen von stillschweigenden Garantien oder Haftungsbeschr\u00e4nkungen f\u00fcr Folgesch\u00e4den oder zuf\u00e4llige Sch\u00e4den zulassen, gelten diese Beschr\u00e4nkungen m\u00f6glicherweise nicht f\u00fcr Sie.<\/p>\n\n\n\n<h2 class=\"wp-block-heading\">Genauigkeit der Materialien<\/h2>\n\n\n\n<p>Die Materialien auf unserer Website sind nicht umfassend und dienen nur zu allgemeinen Informationszwecken. DatingSnob \u00fcbernimmt keine Garantie f\u00fcr die Richtigkeit, die wahrscheinlichen Ergebnisse oder die Verl\u00e4sslichkeit der Nutzung der Materialien auf dieser Website oder in anderer Weise in Bezug auf diese Materialien oder auf Ressourcen, die mit dieser Website verlinkt sind, und gibt keine Zusicherungen ab.<\/p>\n\n\n\n<h2 class=\"wp-block-heading\">Links<\/h2>\n\n\n\n<p>DatingSnob hat nicht alle Websites, die mit seiner Website verlinkt sind, \u00fcberpr\u00fcft und ist nicht verantwortlich f\u00fcr die Inhalte der verlinkten Websites. Die Aufnahme eines Links bedeutet nicht, dass DatingSnob die Seite billigt, genehmigt oder kontrolliert. Die Nutzung der verlinkten Seiten erfolgt auf eigene Gefahr und wir empfehlen Ihnen, sich selbst von der Eignung dieser Seiten zu \u00fcberzeugen.<\/p>\n\n\n\n<h2 class=\"wp-block-heading\">Recht auf Beendigung<\/h2>\n\n\n\n<p>Wir k\u00f6nnen Ihr Recht, unsere Website zu nutzen, aussetzen oder beenden und diese Nutzungsbedingungen mit sofortiger Wirkung k\u00fcndigen, wenn wir Sie schriftlich \u00fcber einen Versto\u00df gegen diese Nutzungsbedingungen informieren.<\/p>\n\n\n\n<h2 class=\"wp-block-heading\">Abfindung<\/h2>\n\n\n\n<p>Jede Bestimmung dieser Nutzungsbedingungen, die ganz oder teilweise ung\u00fcltig oder nicht durchsetzbar ist, wird in dem Umfang aufgehoben, in dem sie ung\u00fcltig oder nicht durchsetzbar ist. Die G\u00fcltigkeit der \u00fcbrigen Bestimmungen dieser Servicebedingungen bleibt davon unber\u00fchrt.<\/p>\n\n\n\n<h2 class=\"wp-block-heading\">Geltendes Recht<\/h2>\n\n\n\n<p>Diese Nutzungsbedingungen unterliegen den Gesetzen der Vereinigten Staaten und werden in \u00dcbereinstimmung mit diesen ausgelegt. Sie unterwerfen sich unwiderruflich der ausschlie\u00dflichen Zust\u00e4ndigkeit der Gerichte in diesem Staat oder an diesem Ort.<\/p>\n","protected":false},"excerpt":{"rendered":"<p>Diese Allgemeinen Gesch\u00e4ftsbedingungen regeln Ihre Nutzung der Website https:\/\/www.datingsnob.com und aller damit verbundenen Dienstleistungen, die von DatingSnob angeboten werden. Indem Sie auf https:\/\/www.datingsnob.com zugreifen, erkl\u00e4ren Sie sich mit diesen Nutzungsbedingungen einverstanden und verpflichten sich, alle geltenden Gesetze und Vorschriften einzuhalten. Wenn Sie mit diesen Nutzungsbedingungen nicht einverstanden sind, ist es Ihnen untersagt, diese Website zu [&hellip;]<\/p>\n","protected":false},"author":4,"featured_media":0,"parent":0,"menu_order":0,"comment_status":"closed","ping_status":"closed","template":"","meta":{"inline_featured_image":false,"footnotes":""},"class_list":["post-29","page","type-page","status-publish","hentry"],"acf":[],"yoast_head":"<!-- This site is optimized with the Yoast SEO plugin v23.2 - https:\/\/yoast.com\/wordpress\/plugins\/seo\/ -->\n<title>Nutzungsbedingungen - DatingSnob Schweiz<\/title>\n<meta name=\"robots\" content=\"index, follow, max-snippet:-1, max-image-preview:large, max-video-preview:-1\" \/>\n<link rel=\"canonical\" href=\"https:\/\/datingsnob.com\/ch-de\/terms-of-service\/\" \/>\n<meta property=\"og:locale\" content=\"de_DE\" \/>\n<meta property=\"og:type\" content=\"article\" \/>\n<meta property=\"og:title\" content=\"Nutzungsbedingungen - DatingSnob Schweiz\" \/>\n<meta property=\"og:description\" content=\"Diese Allgemeinen Gesch\u00e4ftsbedingungen regeln Ihre Nutzung der Website https:\/\/www.datingsnob.com und aller damit verbundenen Dienstleistungen, die von DatingSnob angeboten werden. Indem Sie auf https:\/\/www.datingsnob.com zugreifen, erkl\u00e4ren Sie sich mit diesen Nutzungsbedingungen einverstanden und verpflichten sich, alle geltenden Gesetze und Vorschriften einzuhalten. Wenn Sie mit diesen Nutzungsbedingungen nicht einverstanden sind, ist es Ihnen untersagt, diese Website zu [&hellip;]\" \/>\n<meta property=\"og:url\" content=\"https:\/\/datingsnob.com\/ch-de\/terms-of-service\/\" \/>\n<meta property=\"og:site_name\" content=\"DatingSnob Schweiz\" \/>\n<meta property=\"article:modified_time\" content=\"2024-08-07T19:55:13+00:00\" \/>\n<meta name=\"twitter:card\" content=\"summary_large_image\" \/>\n<meta name=\"twitter:label1\" content=\"Gesch\u00e4tzte Lesezeit\" \/>\n\t<meta name=\"twitter:data1\" content=\"6\u00a0Minuten\" \/>\n<script type=\"application\/ld+json\" class=\"yoast-schema-graph\">{\"@context\":\"https:\/\/schema.org\",\"@graph\":[{\"@type\":\"WebPage\",\"@id\":\"https:\/\/datingsnob.com\/ch-de\/terms-of-service\/\",\"url\":\"https:\/\/datingsnob.com\/ch-de\/terms-of-service\/\",\"name\":\"Nutzungsbedingungen - DatingSnob Schweiz\",\"isPartOf\":{\"@id\":\"https:\/\/datingsnob.com\/ch-de\/#website\"},\"datePublished\":\"2020-02-01T10:32:11+00:00\",\"dateModified\":\"2024-08-07T19:55:13+00:00\",\"breadcrumb\":{\"@id\":\"https:\/\/datingsnob.com\/ch-de\/terms-of-service\/#breadcrumb\"},\"inLanguage\":\"de\",\"potentialAction\":[{\"@type\":\"ReadAction\",\"target\":[\"https:\/\/datingsnob.com\/ch-de\/terms-of-service\/\"]}]},{\"@type\":\"BreadcrumbList\",\"@id\":\"https:\/\/datingsnob.com\/ch-de\/terms-of-service\/#breadcrumb\",\"itemListElement\":[{\"@type\":\"ListItem\",\"position\":1,\"name\":\"Home\",\"item\":\"https:\/\/datingsnob.com\/ch-de\/\"},{\"@type\":\"ListItem\",\"position\":2,\"name\":\"Nutzungsbedingungen\"}]},{\"@type\":\"WebSite\",\"@id\":\"https:\/\/datingsnob.com\/ch-de\/#website\",\"url\":\"https:\/\/datingsnob.com\/ch-de\/\",\"name\":\"DatingSnob Schweiz\",\"description\":\"Benutzerbewertungen von Singleb\u00f6rsen\",\"publisher\":{\"@id\":\"https:\/\/datingsnob.com\/ch-de\/#organization\"},\"potentialAction\":[{\"@type\":\"SearchAction\",\"target\":{\"@type\":\"EntryPoint\",\"urlTemplate\":\"https:\/\/datingsnob.com\/ch-de\/?s={search_term_string}\"},\"query-input\":\"required name=search_term_string\"}],\"inLanguage\":\"de\"},{\"@type\":\"Organization\",\"@id\":\"https:\/\/datingsnob.com\/ch-de\/#organization\",\"name\":\"DatingSnob Schweiz\",\"url\":\"https:\/\/datingsnob.com\/ch-de\/\",\"logo\":{\"@type\":\"ImageObject\",\"inLanguage\":\"de\",\"@id\":\"https:\/\/datingsnob.com\/ch-de\/#\/schema\/logo\/image\/\",\"url\":\"https:\/\/datingsnob.com\/ch-de\/wp-content\/uploads\/sites\/10\/2024\/07\/DatingSnobMainLogo-1.svg\",\"contentUrl\":\"https:\/\/datingsnob.com\/ch-de\/wp-content\/uploads\/sites\/10\/2024\/07\/DatingSnobMainLogo-1.svg\",\"width\":269,\"height\":50,\"caption\":\"DatingSnob Schweiz\"},\"image\":{\"@id\":\"https:\/\/datingsnob.com\/ch-de\/#\/schema\/logo\/image\/\"}}]}<\/script>\n<!-- \/ Yoast SEO plugin. -->","yoast_head_json":{"title":"Nutzungsbedingungen - DatingSnob Schweiz","robots":{"index":"index","follow":"follow","max-snippet":"max-snippet:-1","max-image-preview":"max-image-preview:large","max-video-preview":"max-video-preview:-1"},"canonical":"https:\/\/datingsnob.com\/ch-de\/terms-of-service\/","og_locale":"de_DE","og_type":"article","og_title":"Nutzungsbedingungen - DatingSnob Schweiz","og_description":"Diese Allgemeinen Gesch\u00e4ftsbedingungen regeln Ihre Nutzung der Website https:\/\/www.datingsnob.com und aller damit verbundenen Dienstleistungen, die von DatingSnob angeboten werden. Indem Sie auf https:\/\/www.datingsnob.com zugreifen, erkl\u00e4ren Sie sich mit diesen Nutzungsbedingungen einverstanden und verpflichten sich, alle geltenden Gesetze und Vorschriften einzuhalten. Wenn Sie mit diesen Nutzungsbedingungen nicht einverstanden sind, ist es Ihnen untersagt, diese Website zu [&hellip;]","og_url":"https:\/\/datingsnob.com\/ch-de\/terms-of-service\/","og_site_name":"DatingSnob Schweiz","article_modified_time":"2024-08-07T19:55:13+00:00","twitter_card":"summary_large_image","twitter_misc":{"Gesch\u00e4tzte Lesezeit":"6\u00a0Minuten"},"schema":{"@context":"https:\/\/schema.org","@graph":[{"@type":"WebPage","@id":"https:\/\/datingsnob.com\/ch-de\/terms-of-service\/","url":"https:\/\/datingsnob.com\/ch-de\/terms-of-service\/","name":"Nutzungsbedingungen - DatingSnob Schweiz","isPartOf":{"@id":"https:\/\/datingsnob.com\/ch-de\/#website"},"datePublished":"2020-02-01T10:32:11+00:00","dateModified":"2024-08-07T19:55:13+00:00","breadcrumb":{"@id":"https:\/\/datingsnob.com\/ch-de\/terms-of-service\/#breadcrumb"},"inLanguage":"de","potentialAction":[{"@type":"ReadAction","target":["https:\/\/datingsnob.com\/ch-de\/terms-of-service\/"]}]},{"@type":"BreadcrumbList","@id":"https:\/\/datingsnob.com\/ch-de\/terms-of-service\/#breadcrumb","itemListElement":[{"@type":"ListItem","position":1,"name":"Home","item":"https:\/\/datingsnob.com\/ch-de\/"},{"@type":"ListItem","position":2,"name":"Nutzungsbedingungen"}]},{"@type":"WebSite","@id":"https:\/\/datingsnob.com\/ch-de\/#website","url":"https:\/\/datingsnob.com\/ch-de\/","name":"DatingSnob Schweiz","description":"Benutzerbewertungen von Singleb\u00f6rsen","publisher":{"@id":"https:\/\/datingsnob.com\/ch-de\/#organization"},"potentialAction":[{"@type":"SearchAction","target":{"@type":"EntryPoint","urlTemplate":"https:\/\/datingsnob.com\/ch-de\/?s={search_term_string}"},"query-input":"required name=search_term_string"}],"inLanguage":"de"},{"@type":"Organization","@id":"https:\/\/datingsnob.com\/ch-de\/#organization","name":"DatingSnob Schweiz","url":"https:\/\/datingsnob.com\/ch-de\/","logo":{"@type":"ImageObject","inLanguage":"de","@id":"https:\/\/datingsnob.com\/ch-de\/#\/schema\/logo\/image\/","url":"https:\/\/datingsnob.com\/ch-de\/wp-content\/uploads\/sites\/10\/2024\/07\/DatingSnobMainLogo-1.svg","contentUrl":"https:\/\/datingsnob.com\/ch-de\/wp-content\/uploads\/sites\/10\/2024\/07\/DatingSnobMainLogo-1.svg","width":269,"height":50,"caption":"DatingSnob Schweiz"},"image":{"@id":"https:\/\/datingsnob.com\/ch-de\/#\/schema\/logo\/image\/"}}]}},"_links":{"self":[{"href":"https:\/\/datingsnob.com\/ch-de\/wp-json\/wp\/v2\/pages\/29","targetHints":{"allow":["GET"]}}],"collection":[{"href":"https:\/\/datingsnob.com\/ch-de\/wp-json\/wp\/v2\/pages"}],"about":[{"href":"https:\/\/datingsnob.com\/ch-de\/wp-json\/wp\/v2\/types\/page"}],"author":[{"embeddable":true,"href":"https:\/\/datingsnob.com\/ch-de\/wp-json\/wp\/v2\/users\/4"}],"replies":[{"embeddable":true,"href":"https:\/\/datingsnob.com\/ch-de\/wp-json\/wp\/v2\/comments?post=29"}],"version-history":[{"count":3,"href":"https:\/\/datingsnob.com\/ch-de\/wp-json\/wp\/v2\/pages\/29\/revisions"}],"predecessor-version":[{"id":26564,"href":"https:\/\/datingsnob.com\/ch-de\/wp-json\/wp\/v2\/pages\/29\/revisions\/26564"}],"wp:attachment":[{"href":"https:\/\/datingsnob.com\/ch-de\/wp-json\/wp\/v2\/media?parent=29"}],"curies":[{"name":"wp","href":"https:\/\/api.w.org\/{rel}","templated":true}]}}