{"id":29,"date":"2020-02-01T10:32:11","date_gmt":"2020-02-01T10:32:11","guid":{"rendered":"https:\/\/www.xbitlabs.com\/?page_id=29"},"modified":"2024-08-07T19:18:31","modified_gmt":"2024-08-07T19:18:31","slug":"terms-of-service","status":"publish","type":"page","link":"https:\/\/datingsnob.com\/be-fr\/terms-of-service\/","title":{"rendered":"Termes de service"},"content":{"rendered":"\n<p>Les pr\u00e9sentes Conditions d&#8217;utilisation r\u00e9gissent votre utilisation du site Web situ\u00e9 \u00e0 l&#8217;adresse <a href=\"https:\/\/www.datingsnob.com\/be-fr\/\">https:\/\/www.datingsnob.com<\/a> et de tout service connexe fourni par DatingSnob.<\/p>\n\n\n\n<p>En acc\u00e9dant \u00e0 https:\/\/www.datingsnob.com, vous acceptez de respecter les pr\u00e9sentes Conditions d&#8217;utilisation et de vous conformer \u00e0 toutes les lois et r\u00e9glementations applicables. Si vous n&#8217;acceptez pas les pr\u00e9sentes Conditions d&#8217;utilisation, il vous est interdit d&#8217;utiliser ou d&#8217;acc\u00e9der \u00e0 ce site Web ou d&#8217;utiliser tout autre service fourni par DatingSnob.<\/p>\n\n\n\n<p>DatingSnob se r\u00e9serve le droit de r\u00e9viser et de modifier les pr\u00e9sentes Conditions d&#8217;utilisation \u00e0 sa seule discr\u00e9tion. Le cas \u00e9ch\u00e9ant, nous mettrons \u00e0 jour cette page. Toute modification des pr\u00e9sentes Conditions d&#8217;utilisation prendra effet imm\u00e9diatement \u00e0 compter de la date de publication.<\/p>\n\n\n\n<p>Les pr\u00e9sentes conditions d&#8217;utilisation ont \u00e9t\u00e9 mises \u00e0 jour pour la derni\u00e8re fois le 17 juillet 2024.<\/p>\n\n\n\n<h2 class=\"wp-block-heading\">Limites d&#8217;utilisation<\/h2>\n\n\n\n<p>En utilisant ce site web, vous garantissez, en votre nom, au nom de vos utilisateurs et des autres parties que vous repr\u00e9sentez, que vous ne le ferez pas :<\/p>\n\n\n\n<ol start=\"1\" class=\"wp-block-list\">\n<li>modifier, copier, pr\u00e9parer des travaux d\u00e9riv\u00e9s, d\u00e9compiler ou faire de l&#8217;ing\u00e9nierie inverse de tout mat\u00e9riel ou logiciel contenu sur ce site web ;<\/li>\n\n\n\n<li>supprimer toute mention de droit d&#8217;auteur ou autre mention de propri\u00e9t\u00e9 de tout mat\u00e9riel ou logiciel sur ce site web ;<\/li>\n\n\n\n<li>de transf\u00e9rer le mat\u00e9riel \u00e0 une autre personne ou de cr\u00e9er un &#8220;miroir&#8221; du mat\u00e9riel sur un autre serveur ;<\/li>\n\n\n\n<li>utiliser sciemment ou par n\u00e9gligence ce site Web ou l&#8217;un de ses services associ\u00e9s d&#8217;une mani\u00e8re qui abuse ou perturbe nos r\u00e9seaux ou tout autre service fourni par DatingSnob ;<\/li>\n\n\n\n<li>utiliser ce site web ou ses services associ\u00e9s pour transmettre ou publier du mat\u00e9riel harcelant, ind\u00e9cent, obsc\u00e8ne, frauduleux ou ill\u00e9gal ;<\/li>\n\n\n\n<li>utiliser ce site web ou ses services associ\u00e9s en violation de toute loi ou r\u00e9glementation applicable ;<\/li>\n\n\n\n<li>utiliser ce site web pour envoyer de la publicit\u00e9 non autoris\u00e9e ou du spam ;<\/li>\n\n\n\n<li>r\u00e9colter, collecter ou rassembler des donn\u00e9es sur l&#8217;utilisateur sans son consentement ; ou<\/li>\n\n\n\n<li>utiliser ce site web ou ses services associ\u00e9s d&#8217;une mani\u00e8re susceptible de porter atteinte \u00e0 la vie priv\u00e9e, aux droits de propri\u00e9t\u00e9 intellectuelle ou \u00e0 d&#8217;autres droits de tiers.<\/li>\n<\/ol>\n\n\n\n<h2 class=\"wp-block-heading\">Propri\u00e9t\u00e9 intellectuelle<\/h2>\n\n\n\n<p>La propri\u00e9t\u00e9 intellectuelle des documents contenus dans ce site Web est d\u00e9tenue par DatingSnob ou lui est conc\u00e9d\u00e9e sous licence et est prot\u00e9g\u00e9e par les lois applicables en mati\u00e8re de droits d&#8217;auteur et de marques d\u00e9pos\u00e9es. Nous autorisons nos utilisateurs \u00e0 t\u00e9l\u00e9charger une copie du mat\u00e9riel pour une utilisation transitoire personnelle et non commerciale.<\/p>\n\n\n\n<p>Ceci constitue l&#8217;octroi d&#8217;une licence et non un transfert de titre. Cette licence sera automatiquement r\u00e9sili\u00e9e si vous violez l&#8217;une de ces restrictions ou les Conditions d&#8217;utilisation et pourra \u00eatre r\u00e9sili\u00e9e par DatingSnob \u00e0 tout moment.<\/p>\n\n\n\n<h2 class=\"wp-block-heading\">Contenu g\u00e9n\u00e9r\u00e9 par l&#8217;utilisateur<\/h2>\n\n\n\n<p>Vous conservez vos droits de propri\u00e9t\u00e9 intellectuelle sur le contenu que vous nous soumettez pour publication sur notre site web. Nous ne revendiquerons jamais la propri\u00e9t\u00e9 de votre contenu, mais nous avons besoin d&#8217;une licence de votre part pour l&#8217;utiliser.<\/p>\n\n\n\n<p>Lorsque vous utilisez notre site web ou ses services associ\u00e9s pour publier, t\u00e9l\u00e9charger, partager ou transmettre de toute autre mani\u00e8re un contenu couvert par des droits de propri\u00e9t\u00e9 intellectuelle, vous nous accordez une licence mondiale non exclusive, libre de redevances, transf\u00e9rable et susceptible de faire l&#8217;objet d&#8217;une sous-licence pour utiliser, distribuer, modifier, ex\u00e9cuter, copier, afficher publiquement, traduire ou cr\u00e9er de toute autre mani\u00e8re des \u0153uvres d\u00e9riv\u00e9es de votre contenu d&#8217;une mani\u00e8re conforme \u00e0 vos pr\u00e9f\u00e9rences en mati\u00e8re de protection de la vie priv\u00e9e et \u00e0 notre politique de protection de la vie priv\u00e9e.<\/p>\n\n\n\n<p>La licence que vous nous accordez peut \u00eatre r\u00e9sili\u00e9e \u00e0 tout moment en supprimant votre contenu. Toutefois, dans la mesure o\u00f9 nous (ou nos partenaires) avons utilis\u00e9 votre contenu dans le cadre d&#8217;un contenu commercial ou sponsoris\u00e9, la licence sera maintenue jusqu&#8217;\u00e0 ce que nous ayons mis fin \u00e0 la publicit\u00e9 ou au message en question. Si vous souhaitez que nous supprimions tout votre contenu g\u00e9n\u00e9r\u00e9 (critiques, r\u00e9ponses, questions, commentaires, images, etc.), vous devez nous contacter \u00e0 l&#8217;adresse contact@datingsnob.com.<\/p>\n\n\n\n<h2 class=\"wp-block-heading\">Responsabilit\u00e9<\/h2>\n\n\n\n<p>Notre site Web et les documents qu&#8217;il contient sont fournis &#8216;en l&#8217;\u00e9tat&#8217;. Dans les limites autoris\u00e9es par la loi, DatingSnob ne donne aucune garantie, expresse ou implicite, et rejette et nie par la pr\u00e9sente toutes les autres garanties, y compris, sans limitation, les garanties ou conditions implicites de qualit\u00e9 marchande, d&#8217;ad\u00e9quation \u00e0 un objectif particulier ou de non-violation de la propri\u00e9t\u00e9 intellectuelle ou de toute autre violation des droits.<\/p>\n\n\n\n<p>En aucun cas DatingSnob ou ses fournisseurs ne pourront \u00eatre tenus responsables de toute perte cons\u00e9cutive subie ou encourue par vous ou par un tiers r\u00e9sultant de l&#8217;utilisation ou de l&#8217;impossibilit\u00e9 d&#8217;utiliser ce site Web ou les documents qui s&#8217;y trouvent, m\u00eame si MyIntimacy ou un repr\u00e9sentant autoris\u00e9 a \u00e9t\u00e9 inform\u00e9, oralement ou par \u00e9crit, de la possibilit\u00e9 d&#8217;un tel dommage.<\/p>\n\n\n\n<p>Dans le contexte du pr\u00e9sent accord, les &#8220;pertes indirectes&#8221; comprennent toute perte cons\u00e9cutive, perte indirecte, perte de profit r\u00e9elle ou anticip\u00e9e, perte de b\u00e9n\u00e9fice, perte de revenu, perte d&#8217;activit\u00e9, perte de client\u00e8le, perte d&#8217;opportunit\u00e9, perte d&#8217;\u00e9conomies, perte de r\u00e9putation, perte d&#8217;utilisation et\/ou perte ou corruption de donn\u00e9es, que ce soit en vertu d&#8217;une loi, d&#8217;un contrat, de l&#8217;\u00e9quit\u00e9, d&#8217;un d\u00e9lit civil (y compris la n\u00e9gligence), d&#8217;une indemnit\u00e9 ou autre.<\/p>\n\n\n\n<p>Comme certaines juridictions n&#8217;autorisent pas les limitations sur les garanties implicites ou les limitations de responsabilit\u00e9 pour les dommages cons\u00e9cutifs ou accidentels, ces limitations peuvent ne pas s&#8217;appliquer \u00e0 vous.<\/p>\n\n\n\n<h2 class=\"wp-block-heading\">Pr\u00e9cision des mat\u00e9riaux<\/h2>\n\n\n\n<p>Les documents figurant sur notre site web ne sont pas exhaustifs et sont uniquement destin\u00e9s \u00e0 des fins d&#8217;information g\u00e9n\u00e9rale. DatingSnob ne garantit pas et ne fait aucune d\u00e9claration concernant l&#8217;exactitude, les r\u00e9sultats probables ou la fiabilit\u00e9 de l&#8217;utilisation des documents sur ce site Web ou concernant ces documents ou les ressources li\u00e9es \u00e0 ce site Web.<\/p>\n\n\n\n<h2 class=\"wp-block-heading\">Liens<\/h2>\n\n\n\n<p>DatingSnob n&#8217;a pas examin\u00e9 tous les sites li\u00e9s \u00e0 son site Web et n&#8217;est pas responsable du contenu de ces sites li\u00e9s. L&#8217;inclusion de tout lien n&#8217;implique pas l&#8217;endossement, l&#8217;approbation ou le contr\u00f4le du site par DatingSnob. L&#8217;utilisation d&#8217;un tel site li\u00e9 se fait \u00e0 vos propres risques et nous vous conseillons vivement de faire vos propres recherches en ce qui concerne la pertinence de ces sites.<\/p>\n\n\n\n<h2 class=\"wp-block-heading\">Droit de r\u00e9siliation<\/h2>\n\n\n\n<p>Nous pouvons suspendre ou r\u00e9silier votre droit d&#8217;utiliser notre site web et r\u00e9silier les pr\u00e9sentes conditions de service imm\u00e9diatement apr\u00e8s vous en avoir inform\u00e9 par \u00e9crit en cas de violation des pr\u00e9sentes conditions de service.<\/p>\n\n\n\n<h2 class=\"wp-block-heading\">Indemnit\u00e9 de d\u00e9part<\/h2>\n\n\n\n<p>Toute clause des pr\u00e9sentes conditions d&#8217;utilisation qui est totalement ou partiellement nulle ou inapplicable est supprim\u00e9e dans la mesure o\u00f9 elle est nulle ou inapplicable. La validit\u00e9 du reste des pr\u00e9sentes conditions d&#8217;utilisation n&#8217;est pas affect\u00e9e.<\/p>\n\n\n\n<h2 class=\"wp-block-heading\">Droit applicable<\/h2>\n\n\n\n<p>Les pr\u00e9sentes conditions d&#8217;utilisation sont r\u00e9gies et interpr\u00e9t\u00e9es conform\u00e9ment aux lois des \u00c9tats-Unis. Vous vous soumettez irr\u00e9vocablement \u00e0 la comp\u00e9tence exclusive des tribunaux de cet \u00c9tat ou de ce lieu.<\/p>\n","protected":false},"excerpt":{"rendered":"<p>Les pr\u00e9sentes Conditions d&#8217;utilisation r\u00e9gissent votre utilisation du site Web situ\u00e9 \u00e0 l&#8217;adresse https:\/\/www.datingsnob.com et de tout service connexe fourni par DatingSnob. En acc\u00e9dant \u00e0 https:\/\/www.datingsnob.com, vous acceptez de respecter les pr\u00e9sentes Conditions d&#8217;utilisation et de vous conformer \u00e0 toutes les lois et r\u00e9glementations applicables. Si vous n&#8217;acceptez pas les pr\u00e9sentes Conditions d&#8217;utilisation, il vous [&hellip;]<\/p>\n","protected":false},"author":4,"featured_media":0,"parent":0,"menu_order":0,"comment_status":"closed","ping_status":"closed","template":"","meta":{"inline_featured_image":false,"footnotes":""},"class_list":["post-29","page","type-page","status-publish","hentry"],"acf":[],"yoast_head":"<!-- This site is optimized with the Yoast SEO plugin v23.2 - https:\/\/yoast.com\/wordpress\/plugins\/seo\/ -->\n<title>Termes de service - DatingSnob Belgique FR<\/title>\n<meta name=\"robots\" content=\"index, follow, max-snippet:-1, max-image-preview:large, max-video-preview:-1\" \/>\n<link rel=\"canonical\" href=\"https:\/\/datingsnob.com\/be-fr\/terms-of-service\/\" \/>\n<meta property=\"og:locale\" content=\"fr_FR\" \/>\n<meta property=\"og:type\" content=\"article\" \/>\n<meta property=\"og:title\" content=\"Termes de service - DatingSnob Belgique FR\" \/>\n<meta property=\"og:description\" content=\"Les pr\u00e9sentes Conditions d&#8217;utilisation r\u00e9gissent votre utilisation du site Web situ\u00e9 \u00e0 l&#8217;adresse https:\/\/www.datingsnob.com et de tout service connexe fourni par DatingSnob. En acc\u00e9dant \u00e0 https:\/\/www.datingsnob.com, vous acceptez de respecter les pr\u00e9sentes Conditions d&#8217;utilisation et de vous conformer \u00e0 toutes les lois et r\u00e9glementations applicables. Si vous n&#8217;acceptez pas les pr\u00e9sentes Conditions d&#8217;utilisation, il vous [&hellip;]\" \/>\n<meta property=\"og:url\" content=\"https:\/\/datingsnob.com\/be-fr\/terms-of-service\/\" \/>\n<meta property=\"og:site_name\" content=\"DatingSnob Belgique FR\" \/>\n<meta property=\"article:modified_time\" content=\"2024-08-07T19:18:31+00:00\" \/>\n<meta name=\"twitter:card\" content=\"summary_large_image\" \/>\n<meta name=\"twitter:label1\" content=\"Dur\u00e9e de lecture estim\u00e9e\" \/>\n\t<meta name=\"twitter:data1\" content=\"6 minutes\" \/>\n<script type=\"application\/ld+json\" class=\"yoast-schema-graph\">{\"@context\":\"https:\/\/schema.org\",\"@graph\":[{\"@type\":\"WebPage\",\"@id\":\"https:\/\/datingsnob.com\/be-fr\/terms-of-service\/\",\"url\":\"https:\/\/datingsnob.com\/be-fr\/terms-of-service\/\",\"name\":\"Termes de service - DatingSnob Belgique FR\",\"isPartOf\":{\"@id\":\"https:\/\/datingsnob.com\/be-fr\/#website\"},\"datePublished\":\"2020-02-01T10:32:11+00:00\",\"dateModified\":\"2024-08-07T19:18:31+00:00\",\"breadcrumb\":{\"@id\":\"https:\/\/datingsnob.com\/be-fr\/terms-of-service\/#breadcrumb\"},\"inLanguage\":\"fr-FR\",\"potentialAction\":[{\"@type\":\"ReadAction\",\"target\":[\"https:\/\/datingsnob.com\/be-fr\/terms-of-service\/\"]}]},{\"@type\":\"BreadcrumbList\",\"@id\":\"https:\/\/datingsnob.com\/be-fr\/terms-of-service\/#breadcrumb\",\"itemListElement\":[{\"@type\":\"ListItem\",\"position\":1,\"name\":\"Home\",\"item\":\"https:\/\/datingsnob.com\/be-fr\/\"},{\"@type\":\"ListItem\",\"position\":2,\"name\":\"Termes de service\"}]},{\"@type\":\"WebSite\",\"@id\":\"https:\/\/datingsnob.com\/be-fr\/#website\",\"url\":\"https:\/\/datingsnob.com\/be-fr\/\",\"name\":\"DatingSnob Belgique FR\",\"description\":\"Avis d&#039;utilisateurs sur les services de rencontre\",\"publisher\":{\"@id\":\"https:\/\/datingsnob.com\/be-fr\/#organization\"},\"potentialAction\":[{\"@type\":\"SearchAction\",\"target\":{\"@type\":\"EntryPoint\",\"urlTemplate\":\"https:\/\/datingsnob.com\/be-fr\/?s={search_term_string}\"},\"query-input\":\"required name=search_term_string\"}],\"inLanguage\":\"fr-FR\"},{\"@type\":\"Organization\",\"@id\":\"https:\/\/datingsnob.com\/be-fr\/#organization\",\"name\":\"DatingSnob Belgique FR\",\"url\":\"https:\/\/datingsnob.com\/be-fr\/\",\"logo\":{\"@type\":\"ImageObject\",\"inLanguage\":\"fr-FR\",\"@id\":\"https:\/\/datingsnob.com\/be-fr\/#\/schema\/logo\/image\/\",\"url\":\"https:\/\/datingsnob.com\/be-fr\/wp-content\/uploads\/sites\/15\/2024\/07\/DatingSnobMainLogo-1.svg\",\"contentUrl\":\"https:\/\/datingsnob.com\/be-fr\/wp-content\/uploads\/sites\/15\/2024\/07\/DatingSnobMainLogo-1.svg\",\"width\":269,\"height\":50,\"caption\":\"DatingSnob Belgique FR\"},\"image\":{\"@id\":\"https:\/\/datingsnob.com\/be-fr\/#\/schema\/logo\/image\/\"}}]}<\/script>\n<!-- \/ Yoast SEO plugin. -->","yoast_head_json":{"title":"Termes de service - DatingSnob Belgique FR","robots":{"index":"index","follow":"follow","max-snippet":"max-snippet:-1","max-image-preview":"max-image-preview:large","max-video-preview":"max-video-preview:-1"},"canonical":"https:\/\/datingsnob.com\/be-fr\/terms-of-service\/","og_locale":"fr_FR","og_type":"article","og_title":"Termes de service - DatingSnob Belgique FR","og_description":"Les pr\u00e9sentes Conditions d&#8217;utilisation r\u00e9gissent votre utilisation du site Web situ\u00e9 \u00e0 l&#8217;adresse https:\/\/www.datingsnob.com et de tout service connexe fourni par DatingSnob. En acc\u00e9dant \u00e0 https:\/\/www.datingsnob.com, vous acceptez de respecter les pr\u00e9sentes Conditions d&#8217;utilisation et de vous conformer \u00e0 toutes les lois et r\u00e9glementations applicables. Si vous n&#8217;acceptez pas les pr\u00e9sentes Conditions d&#8217;utilisation, il vous [&hellip;]","og_url":"https:\/\/datingsnob.com\/be-fr\/terms-of-service\/","og_site_name":"DatingSnob Belgique FR","article_modified_time":"2024-08-07T19:18:31+00:00","twitter_card":"summary_large_image","twitter_misc":{"Dur\u00e9e de lecture estim\u00e9e":"6 minutes"},"schema":{"@context":"https:\/\/schema.org","@graph":[{"@type":"WebPage","@id":"https:\/\/datingsnob.com\/be-fr\/terms-of-service\/","url":"https:\/\/datingsnob.com\/be-fr\/terms-of-service\/","name":"Termes de service - DatingSnob Belgique FR","isPartOf":{"@id":"https:\/\/datingsnob.com\/be-fr\/#website"},"datePublished":"2020-02-01T10:32:11+00:00","dateModified":"2024-08-07T19:18:31+00:00","breadcrumb":{"@id":"https:\/\/datingsnob.com\/be-fr\/terms-of-service\/#breadcrumb"},"inLanguage":"fr-FR","potentialAction":[{"@type":"ReadAction","target":["https:\/\/datingsnob.com\/be-fr\/terms-of-service\/"]}]},{"@type":"BreadcrumbList","@id":"https:\/\/datingsnob.com\/be-fr\/terms-of-service\/#breadcrumb","itemListElement":[{"@type":"ListItem","position":1,"name":"Home","item":"https:\/\/datingsnob.com\/be-fr\/"},{"@type":"ListItem","position":2,"name":"Termes de service"}]},{"@type":"WebSite","@id":"https:\/\/datingsnob.com\/be-fr\/#website","url":"https:\/\/datingsnob.com\/be-fr\/","name":"DatingSnob Belgique FR","description":"Avis d&#039;utilisateurs sur les services de rencontre","publisher":{"@id":"https:\/\/datingsnob.com\/be-fr\/#organization"},"potentialAction":[{"@type":"SearchAction","target":{"@type":"EntryPoint","urlTemplate":"https:\/\/datingsnob.com\/be-fr\/?s={search_term_string}"},"query-input":"required name=search_term_string"}],"inLanguage":"fr-FR"},{"@type":"Organization","@id":"https:\/\/datingsnob.com\/be-fr\/#organization","name":"DatingSnob Belgique FR","url":"https:\/\/datingsnob.com\/be-fr\/","logo":{"@type":"ImageObject","inLanguage":"fr-FR","@id":"https:\/\/datingsnob.com\/be-fr\/#\/schema\/logo\/image\/","url":"https:\/\/datingsnob.com\/be-fr\/wp-content\/uploads\/sites\/15\/2024\/07\/DatingSnobMainLogo-1.svg","contentUrl":"https:\/\/datingsnob.com\/be-fr\/wp-content\/uploads\/sites\/15\/2024\/07\/DatingSnobMainLogo-1.svg","width":269,"height":50,"caption":"DatingSnob Belgique FR"},"image":{"@id":"https:\/\/datingsnob.com\/be-fr\/#\/schema\/logo\/image\/"}}]}},"_links":{"self":[{"href":"https:\/\/datingsnob.com\/be-fr\/wp-json\/wp\/v2\/pages\/29","targetHints":{"allow":["GET"]}}],"collection":[{"href":"https:\/\/datingsnob.com\/be-fr\/wp-json\/wp\/v2\/pages"}],"about":[{"href":"https:\/\/datingsnob.com\/be-fr\/wp-json\/wp\/v2\/types\/page"}],"author":[{"embeddable":true,"href":"https:\/\/datingsnob.com\/be-fr\/wp-json\/wp\/v2\/users\/4"}],"replies":[{"embeddable":true,"href":"https:\/\/datingsnob.com\/be-fr\/wp-json\/wp\/v2\/comments?post=29"}],"version-history":[{"count":3,"href":"https:\/\/datingsnob.com\/be-fr\/wp-json\/wp\/v2\/pages\/29\/revisions"}],"predecessor-version":[{"id":26565,"href":"https:\/\/datingsnob.com\/be-fr\/wp-json\/wp\/v2\/pages\/29\/revisions\/26565"}],"wp:attachment":[{"href":"https:\/\/datingsnob.com\/be-fr\/wp-json\/wp\/v2\/media?parent=29"}],"curies":[{"name":"wp","href":"https:\/\/api.w.org\/{rel}","templated":true}]}}