{"id":25367,"date":"2024-06-27T11:59:01","date_gmt":"2024-06-27T11:59:01","guid":{"rendered":"https:\/\/datingsnob.com\/be-fr\/?page_id=25367"},"modified":"2024-08-07T19:18:03","modified_gmt":"2024-08-07T19:18:03","slug":"register","status":"publish","type":"page","link":"https:\/\/datingsnob.com\/be-fr\/register\/","title":{"rendered":"Registre"},"content":{"rendered":"<div class=\"woocommerce-notices-wrapper\"><\/div>       <form method=\"post\" class=\"woocommerce-form woocommerce-form-register register\"  >\n\n          <div class=\"register-form-wrap\">\n  \n            \n            \n          <p class=\"woocommerce-form-row woocommerce-form-row--wide form-row form-row-wide\">\n             <label for=\"reg_email\">Email address <span class=\"required\">*<\/span><\/label>\n             <input type=\"email\" class=\"woocommerce-Input woocommerce-Input--text input-text\" name=\"email\" id=\"reg_email\" autocomplete=\"email\" value=\"\" \/>          <\/p>\n  \n            \n             <p>Vos donn\u00e9es de connexion seront envoy\u00e9es \u00e0 votre adresse \u00e9lectronique.<\/p>\n  \n            \n          <wc-order-attribution-inputs><\/wc-order-attribution-inputs><div class=\"woocommerce-privacy-policy-text\"><p>Your personal data will be used to support your experience throughout this website, to manage access to your account, and for other purposes described in our <a href=\"https:\/\/datingsnob.com\/be-fr\/privacy-policy\/\" class=\"woocommerce-privacy-policy-link\" target=\"_blank\">privacy policy<\/a>.<\/p>\n<\/div>  \n          <p class=\"woocommerce-FormRow form-row\">\n             <input type=\"hidden\" id=\"woocommerce-register-nonce\" name=\"woocommerce-register-nonce\" value=\"4441938036\" \/><input type=\"hidden\" name=\"_wp_http_referer\" value=\"\/be-fr\/wp-json\/wp\/v2\/pages\/25367\" \/>             <button type=\"submit\" class=\"woocommerce-Button woocommerce-button button woocommerce-form-register__submit\" name=\"register\" value=\"Register\">Register<\/button>\n          <\/p>\n  \n          \n          <\/div>\n  \n       <\/form>\n  \n    \n","protected":false},"excerpt":{"rendered":"","protected":false},"author":4,"featured_media":0,"parent":0,"menu_order":0,"comment_status":"closed","ping_status":"closed","template":"","meta":{"inline_featured_image":false,"footnotes":""},"class_list":["post-25367","page","type-page","status-publish","hentry"],"acf":[],"yoast_head":"<!-- This site is optimized with the Yoast SEO plugin v23.2 - https:\/\/yoast.com\/wordpress\/plugins\/seo\/ -->\n<title>Registre - DatingSnob Belgique FR<\/title>\n<meta name=\"robots\" content=\"index, follow, max-snippet:-1, max-image-preview:large, max-video-preview:-1\" \/>\n<link rel=\"canonical\" href=\"https:\/\/datingsnob.com\/be-fr\/register\/\" \/>\n<meta property=\"og:locale\" content=\"fr_FR\" \/>\n<meta property=\"og:type\" content=\"article\" \/>\n<meta property=\"og:title\" content=\"Registre - DatingSnob Belgique FR\" \/>\n<meta property=\"og:url\" content=\"https:\/\/datingsnob.com\/be-fr\/register\/\" \/>\n<meta property=\"og:site_name\" content=\"DatingSnob Belgique FR\" \/>\n<meta property=\"article:modified_time\" content=\"2024-08-07T19:18:03+00:00\" \/>\n<meta name=\"twitter:card\" content=\"summary_large_image\" \/>\n<meta name=\"twitter:label1\" content=\"Dur\u00e9e de lecture estim\u00e9e\" \/>\n\t<meta name=\"twitter:data1\" content=\"1 minute\" \/>\n<script type=\"application\/ld+json\" class=\"yoast-schema-graph\">{\"@context\":\"https:\/\/schema.org\",\"@graph\":[{\"@type\":\"WebPage\",\"@id\":\"https:\/\/datingsnob.com\/be-fr\/register\/\",\"url\":\"https:\/\/datingsnob.com\/be-fr\/register\/\",\"name\":\"Registre - DatingSnob Belgique FR\",\"isPartOf\":{\"@id\":\"https:\/\/datingsnob.com\/be-fr\/#website\"},\"datePublished\":\"2024-06-27T11:59:01+00:00\",\"dateModified\":\"2024-08-07T19:18:03+00:00\",\"breadcrumb\":{\"@id\":\"https:\/\/datingsnob.com\/be-fr\/register\/#breadcrumb\"},\"inLanguage\":\"fr-FR\",\"potentialAction\":[{\"@type\":\"ReadAction\",\"target\":[\"https:\/\/datingsnob.com\/be-fr\/register\/\"]}]},{\"@type\":\"BreadcrumbList\",\"@id\":\"https:\/\/datingsnob.com\/be-fr\/register\/#breadcrumb\",\"itemListElement\":[{\"@type\":\"ListItem\",\"position\":1,\"name\":\"Home\",\"item\":\"https:\/\/datingsnob.com\/be-fr\/\"},{\"@type\":\"ListItem\",\"position\":2,\"name\":\"Registre\"}]},{\"@type\":\"WebSite\",\"@id\":\"https:\/\/datingsnob.com\/be-fr\/#website\",\"url\":\"https:\/\/datingsnob.com\/be-fr\/\",\"name\":\"DatingSnob Belgique FR\",\"description\":\"Avis d&#039;utilisateurs sur les services de rencontre\",\"publisher\":{\"@id\":\"https:\/\/datingsnob.com\/be-fr\/#organization\"},\"potentialAction\":[{\"@type\":\"SearchAction\",\"target\":{\"@type\":\"EntryPoint\",\"urlTemplate\":\"https:\/\/datingsnob.com\/be-fr\/?s={search_term_string}\"},\"query-input\":\"required name=search_term_string\"}],\"inLanguage\":\"fr-FR\"},{\"@type\":\"Organization\",\"@id\":\"https:\/\/datingsnob.com\/be-fr\/#organization\",\"name\":\"DatingSnob Belgique FR\",\"url\":\"https:\/\/datingsnob.com\/be-fr\/\",\"logo\":{\"@type\":\"ImageObject\",\"inLanguage\":\"fr-FR\",\"@id\":\"https:\/\/datingsnob.com\/be-fr\/#\/schema\/logo\/image\/\",\"url\":\"https:\/\/datingsnob.com\/be-fr\/wp-content\/uploads\/sites\/15\/2024\/07\/DatingSnobMainLogo-1.svg\",\"contentUrl\":\"https:\/\/datingsnob.com\/be-fr\/wp-content\/uploads\/sites\/15\/2024\/07\/DatingSnobMainLogo-1.svg\",\"width\":269,\"height\":50,\"caption\":\"DatingSnob Belgique FR\"},\"image\":{\"@id\":\"https:\/\/datingsnob.com\/be-fr\/#\/schema\/logo\/image\/\"}}]}<\/script>\n<!-- \/ Yoast SEO plugin. -->","yoast_head_json":{"title":"Registre - DatingSnob Belgique FR","robots":{"index":"index","follow":"follow","max-snippet":"max-snippet:-1","max-image-preview":"max-image-preview:large","max-video-preview":"max-video-preview:-1"},"canonical":"https:\/\/datingsnob.com\/be-fr\/register\/","og_locale":"fr_FR","og_type":"article","og_title":"Registre - DatingSnob Belgique FR","og_url":"https:\/\/datingsnob.com\/be-fr\/register\/","og_site_name":"DatingSnob Belgique FR","article_modified_time":"2024-08-07T19:18:03+00:00","twitter_card":"summary_large_image","twitter_misc":{"Dur\u00e9e de lecture estim\u00e9e":"1 minute"},"schema":{"@context":"https:\/\/schema.org","@graph":[{"@type":"WebPage","@id":"https:\/\/datingsnob.com\/be-fr\/register\/","url":"https:\/\/datingsnob.com\/be-fr\/register\/","name":"Registre - DatingSnob Belgique FR","isPartOf":{"@id":"https:\/\/datingsnob.com\/be-fr\/#website"},"datePublished":"2024-06-27T11:59:01+00:00","dateModified":"2024-08-07T19:18:03+00:00","breadcrumb":{"@id":"https:\/\/datingsnob.com\/be-fr\/register\/#breadcrumb"},"inLanguage":"fr-FR","potentialAction":[{"@type":"ReadAction","target":["https:\/\/datingsnob.com\/be-fr\/register\/"]}]},{"@type":"BreadcrumbList","@id":"https:\/\/datingsnob.com\/be-fr\/register\/#breadcrumb","itemListElement":[{"@type":"ListItem","position":1,"name":"Home","item":"https:\/\/datingsnob.com\/be-fr\/"},{"@type":"ListItem","position":2,"name":"Registre"}]},{"@type":"WebSite","@id":"https:\/\/datingsnob.com\/be-fr\/#website","url":"https:\/\/datingsnob.com\/be-fr\/","name":"DatingSnob Belgique FR","description":"Avis d&#039;utilisateurs sur les services de rencontre","publisher":{"@id":"https:\/\/datingsnob.com\/be-fr\/#organization"},"potentialAction":[{"@type":"SearchAction","target":{"@type":"EntryPoint","urlTemplate":"https:\/\/datingsnob.com\/be-fr\/?s={search_term_string}"},"query-input":"required name=search_term_string"}],"inLanguage":"fr-FR"},{"@type":"Organization","@id":"https:\/\/datingsnob.com\/be-fr\/#organization","name":"DatingSnob Belgique FR","url":"https:\/\/datingsnob.com\/be-fr\/","logo":{"@type":"ImageObject","inLanguage":"fr-FR","@id":"https:\/\/datingsnob.com\/be-fr\/#\/schema\/logo\/image\/","url":"https:\/\/datingsnob.com\/be-fr\/wp-content\/uploads\/sites\/15\/2024\/07\/DatingSnobMainLogo-1.svg","contentUrl":"https:\/\/datingsnob.com\/be-fr\/wp-content\/uploads\/sites\/15\/2024\/07\/DatingSnobMainLogo-1.svg","width":269,"height":50,"caption":"DatingSnob Belgique FR"},"image":{"@id":"https:\/\/datingsnob.com\/be-fr\/#\/schema\/logo\/image\/"}}]}},"_links":{"self":[{"href":"https:\/\/datingsnob.com\/be-fr\/wp-json\/wp\/v2\/pages\/25367","targetHints":{"allow":["GET"]}}],"collection":[{"href":"https:\/\/datingsnob.com\/be-fr\/wp-json\/wp\/v2\/pages"}],"about":[{"href":"https:\/\/datingsnob.com\/be-fr\/wp-json\/wp\/v2\/types\/page"}],"author":[{"embeddable":true,"href":"https:\/\/datingsnob.com\/be-fr\/wp-json\/wp\/v2\/users\/4"}],"replies":[{"embeddable":true,"href":"https:\/\/datingsnob.com\/be-fr\/wp-json\/wp\/v2\/comments?post=25367"}],"version-history":[{"count":1,"href":"https:\/\/datingsnob.com\/be-fr\/wp-json\/wp\/v2\/pages\/25367\/revisions"}],"predecessor-version":[{"id":26564,"href":"https:\/\/datingsnob.com\/be-fr\/wp-json\/wp\/v2\/pages\/25367\/revisions\/26564"}],"wp:attachment":[{"href":"https:\/\/datingsnob.com\/be-fr\/wp-json\/wp\/v2\/media?parent=25367"}],"curies":[{"name":"wp","href":"https:\/\/api.w.org\/{rel}","templated":true}]}}