{"id":186,"date":"2020-02-16T07:01:27","date_gmt":"2020-02-16T07:01:27","guid":{"rendered":"https:\/\/www.xbitlabs.com\/?page_id=186"},"modified":"2024-08-07T19:16:10","modified_gmt":"2024-08-07T19:16:10","slug":"affiliate-disclaimer","status":"publish","type":"page","link":"https:\/\/datingsnob.com\/be-fr\/affiliate-disclaimer\/","title":{"rendered":"Clause de non-responsabilit\u00e9 des affili\u00e9s"},"content":{"rendered":"\n<p>Si vous vous abonnez \u00e0 un service de rencontres apr\u00e8s avoir cliqu\u00e9 sur les liens pr\u00e9sents sur DatingSnob.com, nous pourrons percevoir une commission.<\/p>\n\n\n\n<p>DatingSnob.com participe \u00e0 divers programmes d&#8217;affiliation mais nous proposons des liens vers des services de rencontres ind\u00e9pendamment de la disponibilit\u00e9 d&#8217;un programme d&#8217;affiliation.<\/p>\n\n\n\n<p>La m\u00e9thode de mon\u00e9tisation que nous utilisons n&#8217;entra\u00eene aucune d\u00e9pense suppl\u00e9mentaire pour vous.<\/p>\n\n\n\n<p>Tous les noms, logos, marques et images sont des marques d\u00e9pos\u00e9es ou des documents prot\u00e9g\u00e9s par le droit d&#8217;auteur de leurs propri\u00e9taires respectifs.<\/p>\n","protected":false},"excerpt":{"rendered":"<p>Si vous vous abonnez \u00e0 un service de rencontres apr\u00e8s avoir cliqu\u00e9 sur les liens pr\u00e9sents sur DatingSnob.com, nous pourrons percevoir une commission. DatingSnob.com participe \u00e0 divers programmes d&#8217;affiliation mais nous proposons des liens vers des services de rencontres ind\u00e9pendamment de la disponibilit\u00e9 d&#8217;un programme d&#8217;affiliation. La m\u00e9thode de mon\u00e9tisation que nous utilisons n&#8217;entra\u00eene aucune [&hellip;]<\/p>\n","protected":false},"author":4,"featured_media":0,"parent":0,"menu_order":0,"comment_status":"closed","ping_status":"closed","template":"","meta":{"inline_featured_image":false,"footnotes":""},"class_list":["post-186","page","type-page","status-publish","hentry"],"acf":[],"yoast_head":"<!-- This site is optimized with the Yoast SEO plugin v23.2 - https:\/\/yoast.com\/wordpress\/plugins\/seo\/ -->\n<title>Clause de non-responsabilit\u00e9 des affili\u00e9s - DatingSnob Belgique FR<\/title>\n<meta name=\"robots\" content=\"index, follow, max-snippet:-1, max-image-preview:large, max-video-preview:-1\" \/>\n<link rel=\"canonical\" href=\"https:\/\/datingsnob.com\/be-fr\/affiliate-disclaimer\/\" \/>\n<meta property=\"og:locale\" content=\"fr_FR\" \/>\n<meta property=\"og:type\" content=\"article\" \/>\n<meta property=\"og:title\" content=\"Clause de non-responsabilit\u00e9 des affili\u00e9s - DatingSnob Belgique FR\" \/>\n<meta property=\"og:description\" content=\"Si vous vous abonnez \u00e0 un service de rencontres apr\u00e8s avoir cliqu\u00e9 sur les liens pr\u00e9sents sur DatingSnob.com, nous pourrons percevoir une commission. DatingSnob.com participe \u00e0 divers programmes d&#8217;affiliation mais nous proposons des liens vers des services de rencontres ind\u00e9pendamment de la disponibilit\u00e9 d&#8217;un programme d&#8217;affiliation. La m\u00e9thode de mon\u00e9tisation que nous utilisons n&#8217;entra\u00eene aucune [&hellip;]\" \/>\n<meta property=\"og:url\" content=\"https:\/\/datingsnob.com\/be-fr\/affiliate-disclaimer\/\" \/>\n<meta property=\"og:site_name\" content=\"DatingSnob Belgique FR\" \/>\n<meta property=\"article:modified_time\" content=\"2024-08-07T19:16:10+00:00\" \/>\n<meta name=\"twitter:card\" content=\"summary_large_image\" \/>\n<meta name=\"twitter:label1\" content=\"Dur\u00e9e de lecture estim\u00e9e\" \/>\n\t<meta name=\"twitter:data1\" content=\"1 minute\" \/>\n<script type=\"application\/ld+json\" class=\"yoast-schema-graph\">{\"@context\":\"https:\/\/schema.org\",\"@graph\":[{\"@type\":\"WebPage\",\"@id\":\"https:\/\/datingsnob.com\/be-fr\/affiliate-disclaimer\/\",\"url\":\"https:\/\/datingsnob.com\/be-fr\/affiliate-disclaimer\/\",\"name\":\"Clause de non-responsabilit\u00e9 des affili\u00e9s - DatingSnob Belgique FR\",\"isPartOf\":{\"@id\":\"https:\/\/datingsnob.com\/be-fr\/#website\"},\"datePublished\":\"2020-02-16T07:01:27+00:00\",\"dateModified\":\"2024-08-07T19:16:10+00:00\",\"breadcrumb\":{\"@id\":\"https:\/\/datingsnob.com\/be-fr\/affiliate-disclaimer\/#breadcrumb\"},\"inLanguage\":\"fr-FR\",\"potentialAction\":[{\"@type\":\"ReadAction\",\"target\":[\"https:\/\/datingsnob.com\/be-fr\/affiliate-disclaimer\/\"]}]},{\"@type\":\"BreadcrumbList\",\"@id\":\"https:\/\/datingsnob.com\/be-fr\/affiliate-disclaimer\/#breadcrumb\",\"itemListElement\":[{\"@type\":\"ListItem\",\"position\":1,\"name\":\"Home\",\"item\":\"https:\/\/datingsnob.com\/be-fr\/\"},{\"@type\":\"ListItem\",\"position\":2,\"name\":\"Clause de non-responsabilit\u00e9 des affili\u00e9s\"}]},{\"@type\":\"WebSite\",\"@id\":\"https:\/\/datingsnob.com\/be-fr\/#website\",\"url\":\"https:\/\/datingsnob.com\/be-fr\/\",\"name\":\"DatingSnob Belgique FR\",\"description\":\"Avis d&#039;utilisateurs sur les services de rencontre\",\"publisher\":{\"@id\":\"https:\/\/datingsnob.com\/be-fr\/#organization\"},\"potentialAction\":[{\"@type\":\"SearchAction\",\"target\":{\"@type\":\"EntryPoint\",\"urlTemplate\":\"https:\/\/datingsnob.com\/be-fr\/?s={search_term_string}\"},\"query-input\":\"required name=search_term_string\"}],\"inLanguage\":\"fr-FR\"},{\"@type\":\"Organization\",\"@id\":\"https:\/\/datingsnob.com\/be-fr\/#organization\",\"name\":\"DatingSnob Belgique FR\",\"url\":\"https:\/\/datingsnob.com\/be-fr\/\",\"logo\":{\"@type\":\"ImageObject\",\"inLanguage\":\"fr-FR\",\"@id\":\"https:\/\/datingsnob.com\/be-fr\/#\/schema\/logo\/image\/\",\"url\":\"https:\/\/datingsnob.com\/be-fr\/wp-content\/uploads\/sites\/15\/2024\/07\/DatingSnobMainLogo-1.svg\",\"contentUrl\":\"https:\/\/datingsnob.com\/be-fr\/wp-content\/uploads\/sites\/15\/2024\/07\/DatingSnobMainLogo-1.svg\",\"width\":269,\"height\":50,\"caption\":\"DatingSnob Belgique FR\"},\"image\":{\"@id\":\"https:\/\/datingsnob.com\/be-fr\/#\/schema\/logo\/image\/\"}}]}<\/script>\n<!-- \/ Yoast SEO plugin. -->","yoast_head_json":{"title":"Clause de non-responsabilit\u00e9 des affili\u00e9s - DatingSnob Belgique FR","robots":{"index":"index","follow":"follow","max-snippet":"max-snippet:-1","max-image-preview":"max-image-preview:large","max-video-preview":"max-video-preview:-1"},"canonical":"https:\/\/datingsnob.com\/be-fr\/affiliate-disclaimer\/","og_locale":"fr_FR","og_type":"article","og_title":"Clause de non-responsabilit\u00e9 des affili\u00e9s - DatingSnob Belgique FR","og_description":"Si vous vous abonnez \u00e0 un service de rencontres apr\u00e8s avoir cliqu\u00e9 sur les liens pr\u00e9sents sur DatingSnob.com, nous pourrons percevoir une commission. DatingSnob.com participe \u00e0 divers programmes d&#8217;affiliation mais nous proposons des liens vers des services de rencontres ind\u00e9pendamment de la disponibilit\u00e9 d&#8217;un programme d&#8217;affiliation. La m\u00e9thode de mon\u00e9tisation que nous utilisons n&#8217;entra\u00eene aucune [&hellip;]","og_url":"https:\/\/datingsnob.com\/be-fr\/affiliate-disclaimer\/","og_site_name":"DatingSnob Belgique FR","article_modified_time":"2024-08-07T19:16:10+00:00","twitter_card":"summary_large_image","twitter_misc":{"Dur\u00e9e de lecture estim\u00e9e":"1 minute"},"schema":{"@context":"https:\/\/schema.org","@graph":[{"@type":"WebPage","@id":"https:\/\/datingsnob.com\/be-fr\/affiliate-disclaimer\/","url":"https:\/\/datingsnob.com\/be-fr\/affiliate-disclaimer\/","name":"Clause de non-responsabilit\u00e9 des affili\u00e9s - DatingSnob Belgique FR","isPartOf":{"@id":"https:\/\/datingsnob.com\/be-fr\/#website"},"datePublished":"2020-02-16T07:01:27+00:00","dateModified":"2024-08-07T19:16:10+00:00","breadcrumb":{"@id":"https:\/\/datingsnob.com\/be-fr\/affiliate-disclaimer\/#breadcrumb"},"inLanguage":"fr-FR","potentialAction":[{"@type":"ReadAction","target":["https:\/\/datingsnob.com\/be-fr\/affiliate-disclaimer\/"]}]},{"@type":"BreadcrumbList","@id":"https:\/\/datingsnob.com\/be-fr\/affiliate-disclaimer\/#breadcrumb","itemListElement":[{"@type":"ListItem","position":1,"name":"Home","item":"https:\/\/datingsnob.com\/be-fr\/"},{"@type":"ListItem","position":2,"name":"Clause de non-responsabilit\u00e9 des affili\u00e9s"}]},{"@type":"WebSite","@id":"https:\/\/datingsnob.com\/be-fr\/#website","url":"https:\/\/datingsnob.com\/be-fr\/","name":"DatingSnob Belgique FR","description":"Avis d&#039;utilisateurs sur les services de rencontre","publisher":{"@id":"https:\/\/datingsnob.com\/be-fr\/#organization"},"potentialAction":[{"@type":"SearchAction","target":{"@type":"EntryPoint","urlTemplate":"https:\/\/datingsnob.com\/be-fr\/?s={search_term_string}"},"query-input":"required name=search_term_string"}],"inLanguage":"fr-FR"},{"@type":"Organization","@id":"https:\/\/datingsnob.com\/be-fr\/#organization","name":"DatingSnob Belgique FR","url":"https:\/\/datingsnob.com\/be-fr\/","logo":{"@type":"ImageObject","inLanguage":"fr-FR","@id":"https:\/\/datingsnob.com\/be-fr\/#\/schema\/logo\/image\/","url":"https:\/\/datingsnob.com\/be-fr\/wp-content\/uploads\/sites\/15\/2024\/07\/DatingSnobMainLogo-1.svg","contentUrl":"https:\/\/datingsnob.com\/be-fr\/wp-content\/uploads\/sites\/15\/2024\/07\/DatingSnobMainLogo-1.svg","width":269,"height":50,"caption":"DatingSnob Belgique FR"},"image":{"@id":"https:\/\/datingsnob.com\/be-fr\/#\/schema\/logo\/image\/"}}]}},"_links":{"self":[{"href":"https:\/\/datingsnob.com\/be-fr\/wp-json\/wp\/v2\/pages\/186","targetHints":{"allow":["GET"]}}],"collection":[{"href":"https:\/\/datingsnob.com\/be-fr\/wp-json\/wp\/v2\/pages"}],"about":[{"href":"https:\/\/datingsnob.com\/be-fr\/wp-json\/wp\/v2\/types\/page"}],"author":[{"embeddable":true,"href":"https:\/\/datingsnob.com\/be-fr\/wp-json\/wp\/v2\/users\/4"}],"replies":[{"embeddable":true,"href":"https:\/\/datingsnob.com\/be-fr\/wp-json\/wp\/v2\/comments?post=186"}],"version-history":[{"count":2,"href":"https:\/\/datingsnob.com\/be-fr\/wp-json\/wp\/v2\/pages\/186\/revisions"}],"predecessor-version":[{"id":26557,"href":"https:\/\/datingsnob.com\/be-fr\/wp-json\/wp\/v2\/pages\/186\/revisions\/26557"}],"wp:attachment":[{"href":"https:\/\/datingsnob.com\/be-fr\/wp-json\/wp\/v2\/media?parent=186"}],"curies":[{"name":"wp","href":"https:\/\/api.w.org\/{rel}","templated":true}]}}