{"id":258,"date":"2020-03-25T15:22:13","date_gmt":"2020-03-25T15:22:13","guid":{"rendered":"https:\/\/www.xbitlabs.com\/?page_id=258"},"modified":"2024-08-07T20:03:08","modified_gmt":"2024-08-07T20:03:08","slug":"cookie-policy","status":"publish","type":"page","link":"https:\/\/datingsnob.com\/at\/cookie-policy\/","title":{"rendered":"Cookie Politik"},"content":{"rendered":"\n<p>Wir verwenden Cookies, um Ihre Erfahrung auf unserer Website <a href=\"https:\/\/www.datingsnob.com\/at\">https:\/\/www.datingsnob.com<\/a> zu verbessern. Diese Cookie-Richtlinie ist Teil der <a href=\"\/at\/privacy-policy\/\" target=\"_blank\" rel=\"noreferrer noopener\">Datenschutzrichtlinie<\/a> von DatingSnob. Sie behandelt die Verwendung von Cookies zwischen Ihrem Ger\u00e4t und unserer Website.<\/p>\n\n\n\n<p>Wir stellen auch grundlegende Informationen \u00fcber die von uns genutzten Dienste Dritter zur Verf\u00fcgung, die ebenfalls Cookies als Teil ihres Dienstes verwenden k\u00f6nnen. Diese Richtlinie gilt nicht f\u00fcr deren Cookies.<\/p>\n\n\n\n<p>Wenn Sie keine Cookies von uns akzeptieren m\u00f6chten, sollten Sie Ihren Browser so einstellen, dass er Cookies von <a href=\"https:\/\/www.datingsnob.com\/at\">https:\/\/www.datingsnob.com<\/a> ablehnt. In einem solchen Fall k\u00f6nnen wir Ihnen m\u00f6glicherweise einige der von Ihnen gew\u00fcnschten Inhalte und Dienste nicht zur Verf\u00fcgung stellen.<\/p>\n\n\n\n<h2 class=\"wp-block-heading\">Was ist ein Keks?<\/h2>\n\n\n\n<p>Ein Cookie ist ein kleiner Datensatz, den eine Website auf Ihrem Ger\u00e4t speichert, wenn Sie sie besuchen. Es enth\u00e4lt in der Regel Informationen \u00fcber die Website selbst, eine eindeutige Kennung, die es der Website erm\u00f6glicht, Ihren Webbrowser zu erkennen, wenn Sie wiederkommen, zus\u00e4tzliche Daten, die dem Zweck des Cookies dienen, und die Lebensdauer des Cookies selbst.<\/p>\n\n\n\n<p>Cookies werden verwendet, um bestimmte Funktionen zu aktivieren (z. B. das Einloggen), die Nutzung der Website zu verfolgen (z. B. Analysen), Ihre Benutzereinstellungen zu speichern (z. B. Zeitzone, Benachrichtigungspr\u00e4ferenzen) und Ihre Inhalte zu personalisieren (z. B. Werbung, Sprache).<\/p>\n\n\n\n<p>Cookies, die von der von Ihnen besuchten Website gesetzt werden, werden gew\u00f6hnlich als Erstanbieter-Cookies bezeichnet. Sie verfolgen in der Regel nur Ihre Aktivit\u00e4ten auf dieser bestimmten Website.<\/p>\n\n\n\n<p>Cookies, die von anderen Websites und Unternehmen (d. h. Dritten) gesetzt werden, werden als Drittanbieter-Cookies bezeichnet. Sie k\u00f6nnen dazu verwendet werden, Sie auf anderen Websites zu verfolgen, die denselben Drittanbieter-Dienst nutzen.<\/p>\n\n\n\n<h2 class=\"wp-block-heading\">Arten von Cookies und wie wir sie verwenden<\/h2>\n\n\n\n<h3 class=\"wp-block-heading\">Wesentliche Cookies<\/h3>\n\n\n\n<p>Unverzichtbare Cookies sind f\u00fcr die Nutzung einer Website von entscheidender Bedeutung, da sie zentrale Funktionen wie Benutzeranmeldung, Kontoverwaltung, Einkaufswagen und Zahlungsabwicklung erm\u00f6glichen.<\/p>\n\n\n\n<p>Wir verwenden wichtige Cookies, um bestimmte Funktionen auf unserer Website zu erm\u00f6glichen.<\/p>\n\n\n\n<h3 class=\"wp-block-heading\">Leistungs-Cookies<\/h3>\n\n\n\n<p>Performance-Cookies verfolgen, wie Sie eine Website w\u00e4hrend Ihres Besuchs nutzen. In der Regel sind diese Informationen anonym und aggregiert, wobei die Informationen \u00fcber alle Nutzer der Website verfolgt werden. Sie helfen Unternehmen, das Nutzungsverhalten ihrer Besucher zu verstehen, Probleme oder Fehler zu erkennen und zu diagnostizieren, auf die ihre Nutzer sto\u00dfen, und bessere strategische Entscheidungen zu treffen, um das allgemeine Website-Erlebnis ihrer Besucher zu verbessern. Diese Cookies k\u00f6nnen von der von Ihnen besuchten Website (Erstanbieter) oder von Diensten Dritter gesetzt werden. Sie sammeln keine pers\u00f6nlichen Informationen \u00fcber Sie.<\/p>\n\n\n\n<p>Wir verwenden Performance-Cookies auf unserer Website.<\/p>\n\n\n\n<h3 class=\"wp-block-heading\">Funktionalit\u00e4t der Cookies<\/h3>\n\n\n\n<p>Funktions-Cookies werden verwendet, um Informationen \u00fcber Ihr Ger\u00e4t und alle Einstellungen zu sammeln, die Sie auf der von Ihnen besuchten Website vornehmen (z. B. Sprach- und Zeitzoneneinstellungen). Mit diesen Informationen k\u00f6nnen Websites Ihnen angepasste, erweiterte oder optimierte Inhalte und Dienste anbieten. Diese Cookies k\u00f6nnen von der Website, die Sie besuchen (Erstanbieter), oder von Diensten Dritter gesetzt werden.<\/p>\n\n\n\n<p>Wir verwenden Funktions-Cookies f\u00fcr ausgew\u00e4hlte Funktionen auf unserer Website.<\/p>\n\n\n\n<h3 class=\"wp-block-heading\">Targeting\/adv ertising-Cookies<\/h3>\n\n\n\n<p>Targeting-\/Werbe-Cookies helfen dabei, zu ermitteln, welche Werbeinhalte f\u00fcr Sie und Ihre Interessen am relevantesten und geeignetsten sind. Websites k\u00f6nnen sie verwenden, um gezielte Werbung zu liefern oder die Anzahl der Anzeigen zu begrenzen, die Sie sehen. Dies hilft den Unternehmen, die Effektivit\u00e4t ihrer Kampagnen und die Qualit\u00e4t der Inhalte, die Ihnen pr\u00e4sentiert werden, zu verbessern. Diese Cookies k\u00f6nnen von der Website, die Sie besuchen (Erstanbieter), oder von Diensten Dritter gesetzt werden. Von Drittanbietern gesetzte Targeting-\/Werbe-Cookies k\u00f6nnen verwendet werden, um Sie auf anderen Websites zu verfolgen, die denselben Drittanbieterdienst nutzen.<\/p>\n\n\n\n<p>Wir verwenden Targeting-\/Werbe-Cookies auf unserer Website.<\/p>\n","protected":false},"excerpt":{"rendered":"<p>Wir verwenden Cookies, um Ihre Erfahrung auf unserer Website https:\/\/www.datingsnob.com zu verbessern. Diese Cookie-Richtlinie ist Teil der Datenschutzrichtlinie von DatingSnob. Sie behandelt die Verwendung von Cookies zwischen Ihrem Ger\u00e4t und unserer Website. Wir stellen auch grundlegende Informationen \u00fcber die von uns genutzten Dienste Dritter zur Verf\u00fcgung, die ebenfalls Cookies als Teil ihres Dienstes verwenden k\u00f6nnen. [&hellip;]<\/p>\n","protected":false},"author":4,"featured_media":0,"parent":0,"menu_order":0,"comment_status":"closed","ping_status":"closed","template":"","meta":{"inline_featured_image":false,"footnotes":""},"class_list":["post-258","page","type-page","status-publish","hentry"],"acf":[],"yoast_head":"<!-- This site is optimized with the Yoast SEO plugin v23.2 - https:\/\/yoast.com\/wordpress\/plugins\/seo\/ -->\n<title>Cookie Politik - DatingSnob \u00d6sterreich<\/title>\n<meta name=\"robots\" content=\"index, follow, max-snippet:-1, max-image-preview:large, max-video-preview:-1\" \/>\n<link rel=\"canonical\" href=\"https:\/\/datingsnob.com\/at\/cookie-policy\/\" \/>\n<meta property=\"og:locale\" content=\"de_DE\" \/>\n<meta property=\"og:type\" content=\"article\" \/>\n<meta property=\"og:title\" content=\"Cookie Politik - DatingSnob \u00d6sterreich\" \/>\n<meta property=\"og:description\" content=\"Wir verwenden Cookies, um Ihre Erfahrung auf unserer Website https:\/\/www.datingsnob.com zu verbessern. Diese Cookie-Richtlinie ist Teil der Datenschutzrichtlinie von DatingSnob. Sie behandelt die Verwendung von Cookies zwischen Ihrem Ger\u00e4t und unserer Website. Wir stellen auch grundlegende Informationen \u00fcber die von uns genutzten Dienste Dritter zur Verf\u00fcgung, die ebenfalls Cookies als Teil ihres Dienstes verwenden k\u00f6nnen. [&hellip;]\" \/>\n<meta property=\"og:url\" content=\"https:\/\/datingsnob.com\/at\/cookie-policy\/\" \/>\n<meta property=\"og:site_name\" content=\"DatingSnob \u00d6sterreich\" \/>\n<meta property=\"article:modified_time\" content=\"2024-08-07T20:03:08+00:00\" \/>\n<meta name=\"twitter:card\" content=\"summary_large_image\" \/>\n<meta name=\"twitter:label1\" content=\"Gesch\u00e4tzte Lesezeit\" \/>\n\t<meta name=\"twitter:data1\" content=\"4\u00a0Minuten\" \/>\n<script type=\"application\/ld+json\" class=\"yoast-schema-graph\">{\"@context\":\"https:\/\/schema.org\",\"@graph\":[{\"@type\":\"WebPage\",\"@id\":\"https:\/\/datingsnob.com\/at\/cookie-policy\/\",\"url\":\"https:\/\/datingsnob.com\/at\/cookie-policy\/\",\"name\":\"Cookie Politik - DatingSnob \u00d6sterreich\",\"isPartOf\":{\"@id\":\"https:\/\/datingsnob.com\/at\/#website\"},\"datePublished\":\"2020-03-25T15:22:13+00:00\",\"dateModified\":\"2024-08-07T20:03:08+00:00\",\"breadcrumb\":{\"@id\":\"https:\/\/datingsnob.com\/at\/cookie-policy\/#breadcrumb\"},\"inLanguage\":\"de\",\"potentialAction\":[{\"@type\":\"ReadAction\",\"target\":[\"https:\/\/datingsnob.com\/at\/cookie-policy\/\"]}]},{\"@type\":\"BreadcrumbList\",\"@id\":\"https:\/\/datingsnob.com\/at\/cookie-policy\/#breadcrumb\",\"itemListElement\":[{\"@type\":\"ListItem\",\"position\":1,\"name\":\"Home\",\"item\":\"https:\/\/datingsnob.com\/at\/\"},{\"@type\":\"ListItem\",\"position\":2,\"name\":\"Cookie Politik\"}]},{\"@type\":\"WebSite\",\"@id\":\"https:\/\/datingsnob.com\/at\/#website\",\"url\":\"https:\/\/datingsnob.com\/at\/\",\"name\":\"DatingSnob \u00d6sterreich\",\"description\":\"Benutzerbewertungen von Singleb\u00f6rsen\",\"publisher\":{\"@id\":\"https:\/\/datingsnob.com\/at\/#organization\"},\"potentialAction\":[{\"@type\":\"SearchAction\",\"target\":{\"@type\":\"EntryPoint\",\"urlTemplate\":\"https:\/\/datingsnob.com\/at\/?s={search_term_string}\"},\"query-input\":\"required name=search_term_string\"}],\"inLanguage\":\"de\"},{\"@type\":\"Organization\",\"@id\":\"https:\/\/datingsnob.com\/at\/#organization\",\"name\":\"DatingSnob \u00d6sterreich\",\"url\":\"https:\/\/datingsnob.com\/at\/\",\"logo\":{\"@type\":\"ImageObject\",\"inLanguage\":\"de\",\"@id\":\"https:\/\/datingsnob.com\/at\/#\/schema\/logo\/image\/\",\"url\":\"https:\/\/datingsnob.com\/at\/wp-content\/uploads\/sites\/12\/2024\/07\/DatingSnobMainLogo-1.svg\",\"contentUrl\":\"https:\/\/datingsnob.com\/at\/wp-content\/uploads\/sites\/12\/2024\/07\/DatingSnobMainLogo-1.svg\",\"width\":269,\"height\":50,\"caption\":\"DatingSnob \u00d6sterreich\"},\"image\":{\"@id\":\"https:\/\/datingsnob.com\/at\/#\/schema\/logo\/image\/\"}}]}<\/script>\n<!-- \/ Yoast SEO plugin. -->","yoast_head_json":{"title":"Cookie Politik - DatingSnob \u00d6sterreich","robots":{"index":"index","follow":"follow","max-snippet":"max-snippet:-1","max-image-preview":"max-image-preview:large","max-video-preview":"max-video-preview:-1"},"canonical":"https:\/\/datingsnob.com\/at\/cookie-policy\/","og_locale":"de_DE","og_type":"article","og_title":"Cookie Politik - DatingSnob \u00d6sterreich","og_description":"Wir verwenden Cookies, um Ihre Erfahrung auf unserer Website https:\/\/www.datingsnob.com zu verbessern. Diese Cookie-Richtlinie ist Teil der Datenschutzrichtlinie von DatingSnob. Sie behandelt die Verwendung von Cookies zwischen Ihrem Ger\u00e4t und unserer Website. Wir stellen auch grundlegende Informationen \u00fcber die von uns genutzten Dienste Dritter zur Verf\u00fcgung, die ebenfalls Cookies als Teil ihres Dienstes verwenden k\u00f6nnen. [&hellip;]","og_url":"https:\/\/datingsnob.com\/at\/cookie-policy\/","og_site_name":"DatingSnob \u00d6sterreich","article_modified_time":"2024-08-07T20:03:08+00:00","twitter_card":"summary_large_image","twitter_misc":{"Gesch\u00e4tzte Lesezeit":"4\u00a0Minuten"},"schema":{"@context":"https:\/\/schema.org","@graph":[{"@type":"WebPage","@id":"https:\/\/datingsnob.com\/at\/cookie-policy\/","url":"https:\/\/datingsnob.com\/at\/cookie-policy\/","name":"Cookie Politik - DatingSnob \u00d6sterreich","isPartOf":{"@id":"https:\/\/datingsnob.com\/at\/#website"},"datePublished":"2020-03-25T15:22:13+00:00","dateModified":"2024-08-07T20:03:08+00:00","breadcrumb":{"@id":"https:\/\/datingsnob.com\/at\/cookie-policy\/#breadcrumb"},"inLanguage":"de","potentialAction":[{"@type":"ReadAction","target":["https:\/\/datingsnob.com\/at\/cookie-policy\/"]}]},{"@type":"BreadcrumbList","@id":"https:\/\/datingsnob.com\/at\/cookie-policy\/#breadcrumb","itemListElement":[{"@type":"ListItem","position":1,"name":"Home","item":"https:\/\/datingsnob.com\/at\/"},{"@type":"ListItem","position":2,"name":"Cookie Politik"}]},{"@type":"WebSite","@id":"https:\/\/datingsnob.com\/at\/#website","url":"https:\/\/datingsnob.com\/at\/","name":"DatingSnob \u00d6sterreich","description":"Benutzerbewertungen von Singleb\u00f6rsen","publisher":{"@id":"https:\/\/datingsnob.com\/at\/#organization"},"potentialAction":[{"@type":"SearchAction","target":{"@type":"EntryPoint","urlTemplate":"https:\/\/datingsnob.com\/at\/?s={search_term_string}"},"query-input":"required name=search_term_string"}],"inLanguage":"de"},{"@type":"Organization","@id":"https:\/\/datingsnob.com\/at\/#organization","name":"DatingSnob \u00d6sterreich","url":"https:\/\/datingsnob.com\/at\/","logo":{"@type":"ImageObject","inLanguage":"de","@id":"https:\/\/datingsnob.com\/at\/#\/schema\/logo\/image\/","url":"https:\/\/datingsnob.com\/at\/wp-content\/uploads\/sites\/12\/2024\/07\/DatingSnobMainLogo-1.svg","contentUrl":"https:\/\/datingsnob.com\/at\/wp-content\/uploads\/sites\/12\/2024\/07\/DatingSnobMainLogo-1.svg","width":269,"height":50,"caption":"DatingSnob \u00d6sterreich"},"image":{"@id":"https:\/\/datingsnob.com\/at\/#\/schema\/logo\/image\/"}}]}},"_links":{"self":[{"href":"https:\/\/datingsnob.com\/at\/wp-json\/wp\/v2\/pages\/258","targetHints":{"allow":["GET"]}}],"collection":[{"href":"https:\/\/datingsnob.com\/at\/wp-json\/wp\/v2\/pages"}],"about":[{"href":"https:\/\/datingsnob.com\/at\/wp-json\/wp\/v2\/types\/page"}],"author":[{"embeddable":true,"href":"https:\/\/datingsnob.com\/at\/wp-json\/wp\/v2\/users\/4"}],"replies":[{"embeddable":true,"href":"https:\/\/datingsnob.com\/at\/wp-json\/wp\/v2\/comments?post=258"}],"version-history":[{"count":2,"href":"https:\/\/datingsnob.com\/at\/wp-json\/wp\/v2\/pages\/258\/revisions"}],"predecessor-version":[{"id":26559,"href":"https:\/\/datingsnob.com\/at\/wp-json\/wp\/v2\/pages\/258\/revisions\/26559"}],"wp:attachment":[{"href":"https:\/\/datingsnob.com\/at\/wp-json\/wp\/v2\/media?parent=258"}],"curies":[{"name":"wp","href":"https:\/\/api.w.org\/{rel}","templated":true}]}}